{"id":16892,"date":"2025-09-04T07:13:25","date_gmt":"2025-09-04T07:13:25","guid":{"rendered":"https:\/\/dogan-otomotiv.com\/?post_type=product&#038;p=16892"},"modified":"2025-09-04T07:13:26","modified_gmt":"2025-09-04T07:13:26","slug":"5c5819703-havalandirma-izgarasi-beetle-sol-2017-orj-cikma","status":"publish","type":"product","link":"https:\/\/dogan-otomotiv.com\/index.php\/urun\/5c5819703-havalandirma-izgarasi-beetle-sol-2017-orj-cikma\/","title":{"rendered":"5C5819703 HAVALANDIRMA IZGARASI BEETLE SOL 2017 orj \u00e7\u0131kma"},"content":{"rendered":"","protected":false},"excerpt":{"rendered":"<p>5C5819703 HAVALANDIRMA IZGARASI BEETLE S5C5819703 HAVALANDIRMA IZGARASI BEETLE SOL 2017 orj \u00e7\u0131kmaOL 2017 orj \u00e7\u0131kma<\/p>\n","protected":false},"featured_media":16893,"comment_status":"open","ping_status":"closed","template":"","meta":{"_joinchat":[]},"product_cat":[15],"product_tag":[11726],"class_list":{"0":"post-16892","1":"product","2":"type-product","3":"status-publish","4":"has-post-thumbnail","6":"product_cat-volkswagen","7":"product_tag-5c5819703-havalandirma-izgarasi-beetle-sol-2017-orj-cikma","9":"first","10":"instock","11":"sale","12":"shipping-taxable","13":"purchasable","14":"product-type-simple"},"_links":{"self":[{"href":"https:\/\/dogan-otomotiv.com\/index.php\/wp-json\/wp\/v2\/product\/16892","targetHints":{"allow":["GET"]}}],"collection":[{"href":"https:\/\/dogan-otomotiv.com\/index.php\/wp-json\/wp\/v2\/product"}],"about":[{"href":"https:\/\/dogan-otomotiv.com\/index.php\/wp-json\/wp\/v2\/types\/product"}],"replies":[{"embeddable":true,"href":"https:\/\/dogan-otomotiv.com\/index.php\/wp-json\/wp\/v2\/comments?post=16892"}],"wp:featuredmedia":[{"embeddable":true,"href":"https:\/\/dogan-otomotiv.com\/index.php\/wp-json\/wp\/v2\/media\/16893"}],"wp:attachment":[{"href":"https:\/\/dogan-otomotiv.com\/index.php\/wp-json\/wp\/v2\/media?parent=16892"}],"wp:term":[{"taxonomy":"product_cat","embeddable":true,"href":"https:\/\/dogan-otomotiv.com\/index.php\/wp-json\/wp\/v2\/product_cat?post=16892"},{"taxonomy":"product_tag","embeddable":true,"href":"https:\/\/dogan-otomotiv.com\/index.php\/wp-json\/wp\/v2\/product_tag?post=16892"}],"curies":[{"name":"wp","href":"https:\/\/api.w.org\/{rel}","templated":true}]}}