{"id":16774,"date":"2025-07-09T11:49:29","date_gmt":"2025-07-09T11:49:29","guid":{"rendered":"https:\/\/dogan-otomotiv.com\/?post_type=product&#038;p=16774"},"modified":"2025-07-09T11:49:30","modified_gmt":"2025-07-09T11:49:30","slug":"8a0807222f-tampon-kaplamasi-sis-farli-araclar-icin-sol-sag-tak-a80-a90-yeni-orj","status":"publish","type":"product","link":"https:\/\/dogan-otomotiv.com\/index.php\/urun\/8a0807222f-tampon-kaplamasi-sis-farli-araclar-icin-sol-sag-tak-a80-a90-yeni-orj\/","title":{"rendered":"8A0807222F Tampon kaplamas\u0131 sis farl\u0131 ara\u00e7lar i\u00e7in SOL SA\u011e TAK A80-A90 YEN\u0130 ORJ"},"content":{"rendered":"","protected":false},"excerpt":{"rendered":"<p>8A0807222F Tampon kaplamas\u0131 sis farl\u0131 ara\u00e7lar i\u00e7in SOL SA\u011e TAK A80-A90 YEN\u0130 ORJ<\/p>\n","protected":false},"featured_media":16775,"comment_status":"open","ping_status":"closed","template":"","meta":{"_joinchat":[]},"product_cat":[24],"product_tag":[11641],"class_list":{"0":"post-16774","1":"product","2":"type-product","3":"status-publish","4":"has-post-thumbnail","6":"product_cat-audi","7":"product_tag-8a0807222f-tampon-kaplamasi-sis-farli-araclar-icin-a80-a90-yeni-orj","9":"first","10":"instock","11":"sale","12":"shipping-taxable","13":"purchasable","14":"product-type-simple"},"_links":{"self":[{"href":"https:\/\/dogan-otomotiv.com\/index.php\/wp-json\/wp\/v2\/product\/16774","targetHints":{"allow":["GET"]}}],"collection":[{"href":"https:\/\/dogan-otomotiv.com\/index.php\/wp-json\/wp\/v2\/product"}],"about":[{"href":"https:\/\/dogan-otomotiv.com\/index.php\/wp-json\/wp\/v2\/types\/product"}],"replies":[{"embeddable":true,"href":"https:\/\/dogan-otomotiv.com\/index.php\/wp-json\/wp\/v2\/comments?post=16774"}],"wp:featuredmedia":[{"embeddable":true,"href":"https:\/\/dogan-otomotiv.com\/index.php\/wp-json\/wp\/v2\/media\/16775"}],"wp:attachment":[{"href":"https:\/\/dogan-otomotiv.com\/index.php\/wp-json\/wp\/v2\/media?parent=16774"}],"wp:term":[{"taxonomy":"product_cat","embeddable":true,"href":"https:\/\/dogan-otomotiv.com\/index.php\/wp-json\/wp\/v2\/product_cat?post=16774"},{"taxonomy":"product_tag","embeddable":true,"href":"https:\/\/dogan-otomotiv.com\/index.php\/wp-json\/wp\/v2\/product_tag?post=16774"}],"curies":[{"name":"wp","href":"https:\/\/api.w.org\/{rel}","templated":true}]}}