{"id":16564,"date":"2025-05-03T10:20:44","date_gmt":"2025-05-03T10:20:44","guid":{"rendered":"https:\/\/dogan-otomotiv.com\/?post_type=product&#038;p=16564"},"modified":"2025-05-03T10:20:46","modified_gmt":"2025-05-03T10:20:46","slug":"03l131512cf-egr-kompile-16-cay-20-cff-vw-audi-skoda-orj-cikma","status":"publish","type":"product","link":"https:\/\/dogan-otomotiv.com\/index.php\/urun\/03l131512cf-egr-kompile-16-cay-20-cff-vw-audi-skoda-orj-cikma\/","title":{"rendered":"03l131512CF EGR KOMP\u0130LE 1,6 CAY 2,0 CFF VW AUD\u0130 SKODA ORJ \u00c7IKMA"},"content":{"rendered":"","protected":false},"excerpt":{"rendered":"<p>Audi, Seat, Skoda, Audi A1, Audi A3, Audi Q3, Audi TT, Seat Altea, Seat Ibiza, Seat Leon, Skoda Fabia, Skoda Octavia, Skoda Rapid, Skoda Superb, Skoda Yeti i\u00e7in 03l131512cF<\/p>\n<p>OE 03L131512DQ \u2014 VW \/ AUDI \/ SKODA \/ SEAT<br \/>\nOE 03L131512CF \u2014 VW \/ AUDI \/ SKODA \/ SEAT<br \/>\nOE 03L131512AT \u2014 VW \/ AUDI \/ SKODA \/ SEAT<br \/>\nOE 03L131512BJ \u2014 VW \/ AUDI \/ SKODA \/ SEAT<br \/>\nOE 03L131512AP \u2014 VW \/ AUDI \/ SKODA<br \/>\nOE 03L131512BL \u2014 VW \/ AUDI \/ SEAT<br \/>\nOE 03L131512CH \u2014 VW \/ AUDI \/ SEAT<br \/>\nOE 03L131512BB \u2014 VW<br \/>\nOE 03L131512N \u2014 VW<br \/>\nOE 03L131527AX \u2014 VW<\/p>\n<p>VW Caddy III Van (2KA, 2KH, 2CA, 2CH) (Yap\u0131m Y\u0131l\u0131 03.2004 &#8211; 05.2015)<br \/>\n1.6 TDI, \u00dcretim Y\u0131l\u0131 08.2010 &#8211; 05.2015, 1598 cc, 75 hp<br \/>\n1.6 TDI, \u00dcretim Y\u0131l\u0131 08.2010 &#8211; 05.2015, 1598 cc, 102 hp<br \/>\n2.0 TDI, \u00dcretim Y\u0131l\u0131 11.2010 &#8211; 05.2015, 1968 cc, 85 hp<br \/>\n2.0 TDI, Yap\u0131m Y\u0131l\u0131 08.2010 &#8211; 05.2015, 1968 cc, 110 hp<br \/>\n2.0 TDI, Yap\u0131m Y\u0131l\u0131 05.2012 &#8211; 05.2015, 1968 cc, 170 hp<br \/>\n2.0 TDI 16V, \u00dcretim Y\u0131l\u0131 11.2010 &#8211; 05.2015, 1968 cc, 140 hp<br \/>\n2.0 TDI 16V 4motion, Yap\u0131m Y\u0131l\u0131 11.2010 &#8211; 05.2015, 1968 cc, 140 hp<br \/>\n2.0 TDI 4motion, Yap\u0131m Y\u0131l\u0131 12.2010 &#8211; 05.2015, 1968 cc, 85 hp<br \/>\n2.0 TDI 4motion, Yap\u0131m Y\u0131l\u0131 08.2010 &#8211; 05.2015, 1968 cc, 110 hp<br \/>\nVW Caddy III Station Wagon (2KB, 2KJ, 2CB, 2CJ) (Yap\u0131m Y\u0131l\u0131 03.2004 &#8211; 05.2015)<br \/>\nVW Golf Plus \/ Crossgolf (5M1, 521) (Yap\u0131m Y\u0131l\u0131 01.2005 &#8211; 12.2013)<br \/>\nVW Passat B6 Sedan (3C2) (\u00dcretim Y\u0131l\u0131 03.2005 &#8211; 11.2010)<br \/>\nVW Jetta Mk5 (1K) (Yap\u0131m Y\u0131l\u0131 08.2005 &#8211; 10.2010)<br \/>\nVW Passat B6 Variant (3C5) (\u00dcretim Y\u0131l\u0131 08.2005 &#8211; 10.2011)<br \/>\nVW Eos (1F7, 1F8) (Yap\u0131m Y\u0131l\u0131 03.2006 &#8211; 08.2015)<br \/>\nVW Tiguan I (5N) (Yap\u0131m Y\u0131l\u0131 09.2007 &#8211; 07.2018)<br \/>\nVW Passat CC (357) (Yap\u0131m Y\u0131l\u0131 05.2008 &#8211; 01.2012)<br \/>\nVW Scirocco III (137, 138) (Yap\u0131m Y\u0131l\u0131 05.2008 &#8211; 11.2017)<br \/>\nVW Golf VI Hatchback (5K1) (Yap\u0131m Y\u0131l\u0131 10.2008 &#8211; 11.2013)<br \/>\nVW Polo V Hatchback (6R1, 6C1) (\u00dcretim Y\u0131l\u0131 06.2009 &#8211; &#8230;)<br \/>\nVW Golf VI Varyant\u0131 (AJ5) (Yap\u0131m Y\u0131l\u0131 07.2009 &#8211; 07.2013)<br \/>\nVW Sharan II (7N1, 7N2) (\u00dcretim Y\u0131l\u0131 05.2010 &#8211; &#8230;)<br \/>\nVW Passat B7 Sedan (362) (Yap\u0131m Y\u0131l\u0131 08.2010 &#8211; 12.2014)<br \/>\nVW Passat B7 Variant (365) (Yap\u0131m Y\u0131l\u0131 08.2010 &#8211; 12.2014)<br \/>\nVW Jetta Mk6 (162, 163, AV3, AV2) (\u00dcretim Y\u0131l\u0131 04.2010 &#8211; &#8230;)<br \/>\nVW Golf VI Convertible (517) (Yap\u0131m Y\u0131l\u0131 03.2011 &#8211; 05.2016)<br \/>\nVW Beetle Hatchback (5C1, 5C2) (\u00dcretim Y\u0131l\u0131 04.2011 &#8211; 07.2019)<br \/>\nVW Polo V Sedan (602, 604, 612, 614) (\u00dcretim Y\u0131l\u0131 05.2009 &#8211; &#8230;)<br \/>\nVW CC (358) (Yap\u0131m Y\u0131l\u0131 11.2011 &#8211; 12.2016)<br \/>\nVW Touran I (1T3) (\u00dcretim Y\u0131l\u0131 05.2010 &#8211; 05.2015)<br \/>\nVW Golf VII Hatchback (5G1, BQ1, BE1, BE2) (\u00dcretim Y\u0131l\u0131 08.2012 &#8211; &#8230;)<br \/>\nVW Beetle Convertible (5C7, 5C8) (\u00dcretim Y\u0131l\u0131 12.2011 &#8211; 07.2019)<br \/>\nVW Passat B7 Alltrack (365) (Yap\u0131m Y\u0131l\u0131 01.2012 &#8211; 12.2014)<br \/>\nVW Passat NMS (A32, A33) (Yap\u0131m Y\u0131l\u0131 01.2011 &#8211; &#8230;)<br \/>\nVW Golf VII Varyant\u0131 (BA5, BV5) (\u00dcretim Y\u0131l\u0131 04.2013 &#8211; &#8230;)<br \/>\nVW Golf Sportsvan (AM1, AN1) (Yap\u0131m Y\u0131l\u0131 02.2014 &#8211; &#8230;)<br \/>\nVW Golf VII Alltrack (BA5, BV5) (Yap\u0131m Y\u0131l\u0131 12.2014 &#8211; &#8230;)<br \/>\nVW Caddy IV Kombi (SAB, SAJ) (Yap\u0131m Y\u0131l\u0131 05.2015 &#8211; &#8230;)<br \/>\nVW Caddy IV Van (SAA, SAH) (Yap\u0131m Y\u0131l\u0131 05.2015 &#8211; &#8230;)<br \/>\nVW Caddy Alltrack IV Kombi (SAB) (Yap\u0131m Y\u0131l\u0131 05.2015 &#8211; &#8230;)<br \/>\nVW Caddy Alltrack IV Van (SAA) (Yap\u0131m Y\u0131l\u0131 05.2015 &#8211; &#8230;)<br \/>\nVW Tiguan II (AD1) (\u00dcretim Y\u0131l\u0131 01.2016 &#8211; &#8230;)<br \/>\nVW Passat B7 Box Body \/ Station Wagon (365) (Yap\u0131m Y\u0131l\u0131 08.2010 &#8211; 12.2014)<\/p>\n","protected":false},"featured_media":16566,"comment_status":"open","ping_status":"closed","template":"","meta":{"_joinchat":[]},"product_cat":[15,24,19,20],"product_tag":[11456,11454,11455],"class_list":{"0":"post-16564","1":"product","2":"type-product","3":"status-publish","4":"has-post-thumbnail","6":"product_cat-volkswagen","7":"product_cat-audi","8":"product_cat-seat","9":"product_cat-skoda","10":"product_tag-0-cff-vw-audi-skoda-orj-cikma","11":"product_tag-03l131512cf-egr-kompile-1","12":"product_tag-6-cay-2","14":"first","15":"instock","16":"sale","17":"shipping-taxable","18":"purchasable","19":"product-type-simple"},"_links":{"self":[{"href":"https:\/\/dogan-otomotiv.com\/index.php\/wp-json\/wp\/v2\/product\/16564","targetHints":{"allow":["GET"]}}],"collection":[{"href":"https:\/\/dogan-otomotiv.com\/index.php\/wp-json\/wp\/v2\/product"}],"about":[{"href":"https:\/\/dogan-otomotiv.com\/index.php\/wp-json\/wp\/v2\/types\/product"}],"replies":[{"embeddable":true,"href":"https:\/\/dogan-otomotiv.com\/index.php\/wp-json\/wp\/v2\/comments?post=16564"}],"wp:featuredmedia":[{"embeddable":true,"href":"https:\/\/dogan-otomotiv.com\/index.php\/wp-json\/wp\/v2\/media\/16566"}],"wp:attachment":[{"href":"https:\/\/dogan-otomotiv.com\/index.php\/wp-json\/wp\/v2\/media?parent=16564"}],"wp:term":[{"taxonomy":"product_cat","embeddable":true,"href":"https:\/\/dogan-otomotiv.com\/index.php\/wp-json\/wp\/v2\/product_cat?post=16564"},{"taxonomy":"product_tag","embeddable":true,"href":"https:\/\/dogan-otomotiv.com\/index.php\/wp-json\/wp\/v2\/product_tag?post=16564"}],"curies":[{"name":"wp","href":"https:\/\/api.w.org\/{rel}","templated":true}]}}