{"id":16550,"date":"2025-05-01T07:10:28","date_gmt":"2025-05-01T07:10:28","guid":{"rendered":"https:\/\/dogan-otomotiv.com\/?post_type=product&#038;p=16550"},"modified":"2025-05-02T09:21:02","modified_gmt":"2025-05-02T09:21:02","slug":"1h0857713a-emniyet-kemeri-tokasi-arka-orta-vw-vento1991-11-1999-01-orj-yeni","status":"publish","type":"product","link":"https:\/\/dogan-otomotiv.com\/index.php\/urun\/1h0857713a-emniyet-kemeri-tokasi-arka-orta-vw-vento1991-11-1999-01-orj-yeni\/","title":{"rendered":"1h0857713A Emniyet kemeri Tokas\u0131 arka orta VW Vento1991.11-1999.01 ORJ YEN\u0130"},"content":{"rendered":"","protected":false},"excerpt":{"rendered":"<p>1h0857713A Emniyet kemeri Tokas\u0131 arka orta VW Vento1991.11-1999.01 ORJ YEN\u0130<\/p>\n","protected":false},"featured_media":16551,"comment_status":"open","ping_status":"closed","template":"","meta":{"_joinchat":[]},"product_cat":[15],"product_tag":[11432],"class_list":{"0":"post-16550","1":"product","2":"type-product","3":"status-publish","4":"has-post-thumbnail","6":"product_cat-volkswagen","7":"product_tag-1h0857713a-emniyet-kemeri-tokasi-arka-orta-vw-vento1991-11-1999-01-orj-yeni","9":"first","10":"instock","11":"sale","12":"shipping-taxable","13":"purchasable","14":"product-type-simple"},"_links":{"self":[{"href":"https:\/\/dogan-otomotiv.com\/index.php\/wp-json\/wp\/v2\/product\/16550","targetHints":{"allow":["GET"]}}],"collection":[{"href":"https:\/\/dogan-otomotiv.com\/index.php\/wp-json\/wp\/v2\/product"}],"about":[{"href":"https:\/\/dogan-otomotiv.com\/index.php\/wp-json\/wp\/v2\/types\/product"}],"replies":[{"embeddable":true,"href":"https:\/\/dogan-otomotiv.com\/index.php\/wp-json\/wp\/v2\/comments?post=16550"}],"wp:featuredmedia":[{"embeddable":true,"href":"https:\/\/dogan-otomotiv.com\/index.php\/wp-json\/wp\/v2\/media\/16551"}],"wp:attachment":[{"href":"https:\/\/dogan-otomotiv.com\/index.php\/wp-json\/wp\/v2\/media?parent=16550"}],"wp:term":[{"taxonomy":"product_cat","embeddable":true,"href":"https:\/\/dogan-otomotiv.com\/index.php\/wp-json\/wp\/v2\/product_cat?post=16550"},{"taxonomy":"product_tag","embeddable":true,"href":"https:\/\/dogan-otomotiv.com\/index.php\/wp-json\/wp\/v2\/product_tag?post=16550"}],"curies":[{"name":"wp","href":"https:\/\/api.w.org\/{rel}","templated":true}]}}