{"id":16445,"date":"2025-03-27T12:30:31","date_gmt":"2025-03-27T12:30:31","guid":{"rendered":"https:\/\/dogan-otomotiv.com\/?post_type=product&#038;p=16445"},"modified":"2025-04-03T09:09:11","modified_gmt":"2025-04-03T09:09:11","slug":"95440-2dss0-kontrolor-modulu-otomatik-hyundai-tucson-iii-1-7-1-6-crdi","status":"publish","type":"product","link":"https:\/\/dogan-otomotiv.com\/index.php\/urun\/95440-2dss0-kontrolor-modulu-otomatik-hyundai-tucson-iii-1-7-1-6-crdi\/","title":{"rendered":"95440-2DSS0 KONTROL\u00d6R MOD\u00dcL\u00dc OTOMAT\u0130K HYUNDAI TUCSON III 1.7 1.6 CRDI"},"content":{"rendered":"","protected":false},"excerpt":{"rendered":"<p>95440-2DSS0 KONTROL\u00d6R MOD\u00dcL\u00dc OTOMAT\u0130K HYUNDAI TUCSON III 1.7 1.6 CRDI <\/p>\n","protected":false},"featured_media":16446,"comment_status":"open","ping_status":"closed","template":"","meta":{"_joinchat":[]},"product_cat":[146],"product_tag":[11343],"class_list":{"0":"post-16445","1":"product","2":"type-product","3":"status-publish","4":"has-post-thumbnail","6":"product_cat-hyundai","7":"product_tag-95440-2dss0-kontrolor-modulu-otomatik-hyundai-tucson-iii-1-7-1-6-crdi","9":"first","10":"instock","11":"sale","12":"shipping-taxable","13":"purchasable","14":"product-type-simple"},"_links":{"self":[{"href":"https:\/\/dogan-otomotiv.com\/index.php\/wp-json\/wp\/v2\/product\/16445","targetHints":{"allow":["GET"]}}],"collection":[{"href":"https:\/\/dogan-otomotiv.com\/index.php\/wp-json\/wp\/v2\/product"}],"about":[{"href":"https:\/\/dogan-otomotiv.com\/index.php\/wp-json\/wp\/v2\/types\/product"}],"replies":[{"embeddable":true,"href":"https:\/\/dogan-otomotiv.com\/index.php\/wp-json\/wp\/v2\/comments?post=16445"}],"wp:featuredmedia":[{"embeddable":true,"href":"https:\/\/dogan-otomotiv.com\/index.php\/wp-json\/wp\/v2\/media\/16446"}],"wp:attachment":[{"href":"https:\/\/dogan-otomotiv.com\/index.php\/wp-json\/wp\/v2\/media?parent=16445"}],"wp:term":[{"taxonomy":"product_cat","embeddable":true,"href":"https:\/\/dogan-otomotiv.com\/index.php\/wp-json\/wp\/v2\/product_cat?post=16445"},{"taxonomy":"product_tag","embeddable":true,"href":"https:\/\/dogan-otomotiv.com\/index.php\/wp-json\/wp\/v2\/product_tag?post=16445"}],"curies":[{"name":"wp","href":"https:\/\/api.w.org\/{rel}","templated":true}]}}