{"id":16426,"date":"2025-03-27T09:13:55","date_gmt":"2025-03-27T09:13:55","guid":{"rendered":"https:\/\/dogan-otomotiv.com\/?post_type=product&#038;p=16426"},"modified":"2025-04-03T09:23:31","modified_gmt":"2025-04-03T09:23:31","slug":"0055455132-abs-beyni-mercedes-w124-w201-w126-0265101020","status":"publish","type":"product","link":"https:\/\/dogan-otomotiv.com\/index.php\/urun\/0055455132-abs-beyni-mercedes-w124-w201-w126-0265101020\/","title":{"rendered":"0055455132 ABS BEYN\u0130 MERCEDES W124 W201 W126 0265101020"},"content":{"rendered":"<p><figure id=\"attachment_16432\" aria-describedby=\"caption-attachment-16432\" style=\"width: 300px\" class=\"wp-caption alignnone\"><img loading=\"lazy\" decoding=\"async\" src=\"https:\/\/dogan-otomotiv.com\/wp-content\/uploads\/2025\/03\/0055455132-0265101020-3-300x225.jpg\" alt=\"\" width=\"300\" height=\"225\" class=\"size-medium wp-image-16432\" srcset=\"https:\/\/dogan-otomotiv.com\/wp-content\/uploads\/2025\/03\/0055455132-0265101020-3-300x225.jpg 300w, https:\/\/dogan-otomotiv.com\/wp-content\/uploads\/2025\/03\/0055455132-0265101020-3-600x450.jpg 600w, https:\/\/dogan-otomotiv.com\/wp-content\/uploads\/2025\/03\/0055455132-0265101020-3.jpg 738w\" sizes=\"auto, (max-width: 300px) 100vw, 300px\" \/><figcaption id=\"caption-attachment-16432\" class=\"wp-caption-text\">4e3a2788868dfb6589896b90aa703e48e4415bd192052ef03fa1e86db30232ae0c6ffc7a13d1cf5002e04158510598f502201b03530576a4f784eda1c4f20046c6f4b7374e9853d37be0f5c3ab7a3f85<\/figcaption><\/figure><figure id=\"attachment_16431\" aria-describedby=\"caption-attachment-16431\" style=\"width: 300px\" class=\"wp-caption alignnone\"><img loading=\"lazy\" decoding=\"async\" class=\"size-medium wp-image-16431\" src=\"https:\/\/dogan-otomotiv.com\/wp-content\/uploads\/2025\/03\/0055455132-0265101020-2-300x225.jpg\" alt=\"0055455132 ABS BEYN\u0130 MERCEDES W124 W201 W126 0265101020\" width=\"300\" height=\"225\" srcset=\"https:\/\/dogan-otomotiv.com\/wp-content\/uploads\/2025\/03\/0055455132-0265101020-2-300x225.jpg 300w, https:\/\/dogan-otomotiv.com\/wp-content\/uploads\/2025\/03\/0055455132-0265101020-2-600x450.jpg 600w, https:\/\/dogan-otomotiv.com\/wp-content\/uploads\/2025\/03\/0055455132-0265101020-2.jpg 615w\" sizes=\"auto, (max-width: 300px) 100vw, 300px\" \/><figcaption id=\"caption-attachment-16431\" class=\"wp-caption-text\">0055455132 ABS BEYN\u0130 MERCEDES W124 W201 W126 0265101020<\/figcaption><\/figure><\/p>\n<figure id=\"attachment_16429\" aria-describedby=\"caption-attachment-16429\" style=\"width: 300px\" class=\"wp-caption alignnone\"><img loading=\"lazy\" decoding=\"async\" class=\"size-medium wp-image-16429\" src=\"https:\/\/dogan-otomotiv.com\/wp-content\/uploads\/2025\/03\/0055455132-0265101020-1-300x225.jpg\" alt=\"0055455132 ABS BEYN\u0130 MERCEDES W124 W201 W126 0265101020\" width=\"300\" height=\"225\" srcset=\"https:\/\/dogan-otomotiv.com\/wp-content\/uploads\/2025\/03\/0055455132-0265101020-1-300x225.jpg 300w, https:\/\/dogan-otomotiv.com\/wp-content\/uploads\/2025\/03\/0055455132-0265101020-1-600x450.jpg 600w, https:\/\/dogan-otomotiv.com\/wp-content\/uploads\/2025\/03\/0055455132-0265101020-1.jpg 615w\" sizes=\"auto, (max-width: 300px) 100vw, 300px\" \/><figcaption id=\"caption-attachment-16429\" class=\"wp-caption-text\">0055455132 ABS BEYN\u0130 MERCEDES W124 W201 W126 0265101020<\/figcaption><\/figure>\n<p>DO\u011eAN OTOMOT\u0130V YEDEK PAR\u00c7A<br \/>\nLTD \u015eT\u0130 \u0130VED\u0130K ORGAN\u0130ZE SAN 1471 SOKAK 91-A OST\u0130M ANKARA<br \/>\nSEM\u0130H SAVA\u015e\u00c7I (312) 395 20 95<br \/>\n0533 322 16 09<br \/>\nMUSTAFA SAVA\u015e\u00c7I<br \/>\n0 (312) 395 20 95<\/p>\n<p>AYRICA G\u00dcN \u0130\u00c7ER\u0130S\u0130NDE OTOB\u00dcS \u0130LE KARGO VER\u0130L\u0130R<br \/>\nNOT 3 G\u00dcN \u0130\u00c7ER\u0130S\u0130NDE \u0130YADES\u0130 OLMAYAN MAZEME GER\u0130 ALINMAZ<br \/>\nPaket i\u00e7eri\u011fi: 1 Adet<br \/>\nSATI\u015e F\u0130YATI KDV HAR\u0130\u00c7 pe\u015fin fiyat\u0131d\u0131r<br \/>\nSAAT 18:00 KADAR VER\u0130LEN \u015e\u0130PAR\u0130\u015e AYNI G\u00dcN KARGO \u0130LE G\u00d6NDER\u0130M\u0130 YAPILIR.<br \/>\nKARGO \u0130ADES\u0130 DURUMUNDA .<br \/>\nKARGO \u00dcCRET\u0130 M\u00dc\u015eTER\u0130YE A\u0130TT\u0130R. AYRICA KARGODA KIRILAN PAR\u00c7ALARDAN SORUMLU DEY\u0130L\u0130Z<\/p>\n<p>27\/11\/2014 tarih ve 29188 say\u0131l\u0131 resmi gazetede yay\u0131mlanan mesafeli sat\u0131\u015flar y\u00f6netmeli\u011finin 15. maddesinde cayma hakk\u0131n\u0131n istisnalar\u0131 belirtilmi\u015ftir. \u0130lgili maddenin a bendinde &#8220;fiyat\u0131 finansal piyasalardaki dalgalanmalara ba\u011fl\u0131 olarak de\u011fi\u015fen ve sat\u0131c\u0131 veya sa\u011flay\u0131c\u0131n\u0131n kontrol\u00fcnde olmayan mal veya hizmetlere ili\u015fkin s\u00f6zle\u015fmeler&#8221; cayma hakk\u0131ndan istisna edilmi\u015ftir. \u00dcr\u00fcnlerimiz ithal \u00fcr\u00fcnler olup fiyatlar\u0131 g\u00fcnl\u00fck usd kurlar\u0131 kullan\u0131larak tl kar\u015f\u0131l\u0131\u011f\u0131na \u00e7evrilmesiyle hesaplanmaktad\u0131r. Fiyatlar kurdaki de\u011fi\u015fmeler ba\u011fl\u0131 olarak g\u00fcnl\u00fck olarak de\u011fi\u015fmektedir. Bu nedenle y\u00f6netmeli\u011fin 15. Md\/a bendi gere\u011fi cayma hakk\u0131ndan m\u00fcstesnad\u0131r. M\u00fc\u015fterilerimiz sipari\u015f \u00f6ncesinde bu konu hakk\u0131nda \u00f6n bilgilendirme yap\u0131ld\u0131\u011f\u0131n\u0131 kabul eder.<\/p>\n","protected":false},"excerpt":{"rendered":"<p>0055455132 MERCEDES W124 W126 R129 300 500SL ABS CONTROL BEYN\u0130<\/p>\n<p>MERCEDES W124 ABS BEYN\u0130 0055455132 0055452132 0035457432 0035452032 0015459432 , 0085450632 0135458632 0265101020 0265101018 0265101016 0265101006 0265101011 0265106015 0265106080<\/p>\n","protected":false},"featured_media":16433,"comment_status":"open","ping_status":"closed","template":"","meta":{"_joinchat":[]},"product_cat":[23],"product_tag":[11338],"class_list":{"0":"post-16426","1":"product","2":"type-product","3":"status-publish","4":"has-post-thumbnail","6":"product_cat-mercedes","7":"product_tag-0055455132-abs-beyni-mercedes-w124-w201-w126-0265101020","9":"first","10":"instock","11":"sale","12":"shipping-taxable","13":"purchasable","14":"product-type-simple"},"_links":{"self":[{"href":"https:\/\/dogan-otomotiv.com\/index.php\/wp-json\/wp\/v2\/product\/16426","targetHints":{"allow":["GET"]}}],"collection":[{"href":"https:\/\/dogan-otomotiv.com\/index.php\/wp-json\/wp\/v2\/product"}],"about":[{"href":"https:\/\/dogan-otomotiv.com\/index.php\/wp-json\/wp\/v2\/types\/product"}],"replies":[{"embeddable":true,"href":"https:\/\/dogan-otomotiv.com\/index.php\/wp-json\/wp\/v2\/comments?post=16426"}],"wp:featuredmedia":[{"embeddable":true,"href":"https:\/\/dogan-otomotiv.com\/index.php\/wp-json\/wp\/v2\/media\/16433"}],"wp:attachment":[{"href":"https:\/\/dogan-otomotiv.com\/index.php\/wp-json\/wp\/v2\/media?parent=16426"}],"wp:term":[{"taxonomy":"product_cat","embeddable":true,"href":"https:\/\/dogan-otomotiv.com\/index.php\/wp-json\/wp\/v2\/product_cat?post=16426"},{"taxonomy":"product_tag","embeddable":true,"href":"https:\/\/dogan-otomotiv.com\/index.php\/wp-json\/wp\/v2\/product_tag?post=16426"}],"curies":[{"name":"wp","href":"https:\/\/api.w.org\/{rel}","templated":true}]}}