{"id":16217,"date":"2025-02-05T13:56:52","date_gmt":"2025-02-05T13:56:52","guid":{"rendered":"https:\/\/dogan-otomotiv.com\/?post_type=product&#038;p=16217"},"modified":"2025-03-19T11:42:29","modified_gmt":"2025-03-19T11:42:29","slug":"1k0199262ab-motor-kulagi-vw-golf-v-1-9-tdi-orj-cikma","status":"publish","type":"product","link":"https:\/\/dogan-otomotiv.com\/index.php\/urun\/1k0199262ab-motor-kulagi-vw-golf-v-1-9-tdi-orj-cikma\/","title":{"rendered":"1K0199262AB MOTOR KULA\u011eI VW Golf V 1.9 TDI ORJ \u00c7IKMA"},"content":{"rendered":"<p>DO\u011eAN OTOMOT\u0130V YEDEK PAR\u00c7A<br \/>\nLTD \u015eT\u0130 \u0130VED\u0130K ORGAN\u0130ZE SAN 1471 SOKAK 91-A OST\u0130M ANKARA<br \/>\nSEM\u0130H SAVA\u015e\u00c7I (312) 395 20 95<br \/>\n0533 322 16 09<br \/>\nMUSTAFA SAVA\u015e\u00c7I<br \/>\n0 (312) 395 20 95<\/p>\n<p>AYRICA G\u00dcN \u0130\u00c7ER\u0130S\u0130NDE OTOB\u00dcS \u0130LE KARGO VER\u0130L\u0130R<br \/>\nNOT 3 G\u00dcN \u0130\u00c7ER\u0130S\u0130NDE \u0130YADES\u0130 OLMAYAN MAZEME GER\u0130 ALINMAZ<br \/>\nPaket i\u00e7eri\u011fi: 1 Adet<br \/>\nSATI\u015e F\u0130YATI KDV HAR\u0130\u00c7 pe\u015fin fiyat\u0131d\u0131r<br \/>\nSAAT 18:00 KADAR VER\u0130LEN \u015e\u0130PAR\u0130\u015e AYNI G\u00dcN KARGO \u0130LE G\u00d6NDER\u0130M\u0130 YAPILIR.<br \/>\nKARGO \u0130ADES\u0130 DURUMUNDA .<br \/>\nKARGO \u00dcCRET\u0130 M\u00dc\u015eTER\u0130YE A\u0130TT\u0130R. AYRICA KARGODA KIRILAN PAR\u00c7ALARDAN SORUMLU DEY\u0130L\u0130Z<\/p>\n<p>27\/11\/2014 tarih ve 29188 say\u0131l\u0131 resmi gazetede yay\u0131mlanan mesafeli sat\u0131\u015flar y\u00f6netmeli\u011finin 15. maddesinde cayma hakk\u0131n\u0131n istisnalar\u0131 belirtilmi\u015ftir. \u0130lgili maddenin a bendinde &#8220;fiyat\u0131 finansal piyasalardaki dalgalanmalara ba\u011fl\u0131 olarak de\u011fi\u015fen ve sat\u0131c\u0131 veya sa\u011flay\u0131c\u0131n\u0131n kontrol\u00fcnde olmayan mal veya hizmetlere ili\u015fkin s\u00f6zle\u015fmeler&#8221; cayma hakk\u0131ndan istisna edilmi\u015ftir. \u00dcr\u00fcnlerimiz ithal \u00fcr\u00fcnler olup fiyatlar\u0131 g\u00fcnl\u00fck usd kurlar\u0131 kullan\u0131larak tl kar\u015f\u0131l\u0131\u011f\u0131na \u00e7evrilmesiyle hesaplanmaktad\u0131r. Fiyatlar kurdaki de\u011fi\u015fmeler ba\u011fl\u0131 olarak g\u00fcnl\u00fck olarak de\u011fi\u015fmektedir. Bu nedenle y\u00f6netmeli\u011fin 15. Md\/a bendi gere\u011fi cayma hakk\u0131ndan m\u00fcstesnad\u0131r. M\u00fc\u015fterilerimiz sipari\u015f \u00f6ncesinde bu konu hakk\u0131nda \u00f6n bilgilendirme yap\u0131ld\u0131\u011f\u0131n\u0131 kabul eder.<\/p>\n<p>&nbsp;<\/p>\n","protected":false},"excerpt":{"rendered":"<p>VW Touran I (1T1, 1T2) (Yap\u0131m Y\u0131l\u0131 02.2003 &#8211; 05.2010)<br \/>\nVW Golf V Hatchback (1K1) (Yap\u0131m Y\u0131l\u0131 10.2003 &#8211; 02.2009)<br \/>\nVW Caddy III Van (2KA, 2KH, 2CA, 2CH) (\u0130n\u015faat Y\u0131l\u0131 03.2004 &#8211; 05.2015)<br \/>\n1.4, Yap\u0131m Y\u0131l\u0131 05.2006 &#8211; 08.2010, 1390 ccm, 80 hp<br \/>\n1.6, Yap\u0131m Y\u0131l\u0131 04.2004 &#8211; 05.2015, 1595 ccm, 102 hp<br \/>\n2.0 EcoFuel, Yap\u0131m Y\u0131l\u0131 04.2006 &#8211; 05.2015, 1984 ccm, 109 hp<br \/>\nVW Caddy III Estate (2KB, 2KJ, 2CB, 2CJ) (\u0130n\u015faat Y\u0131l\u0131 03.2004 &#8211; 05.2015)<br \/>\nVW Golf Plus \/ Crossgolf (5M1, 521) (Yap\u0131m Y\u0131l\u0131 01.2005 &#8211; 12.2013)<br \/>\nVW Passat B6 Sedan (3C2) (Yap\u0131m Y\u0131l\u0131 03.2005 &#8211; 11.2010)<br \/>\nVW Jetta Mk5 (1K) (Yap\u0131m Y\u0131l\u0131 08.2005 &#8211; 10.2010)<br \/>\nVW Passat B6 Varyant\u0131 (3C5) (\u0130n\u015faat Y\u0131l\u0131 08.2005 &#8211; 10.2011)<br \/>\nVW Eos (1F7, 1F8) (Yap\u0131m Y\u0131l\u0131 03.2006 &#8211; 08.2015)<br \/>\nVW Golf V Varyant\u0131 (1K5) (\u0130n\u015faat Y\u0131l\u0131 06.2007 &#8211; 07.2009)<br \/>\nVW Passat CC (357) (Yap\u0131m Y\u0131l\u0131 05.2008 &#8211; 01.2012)<br \/>\nVW Scirocco III (137, 138) (Yap\u0131m Y\u0131l\u0131 05.2008 &#8211; 11.2017)<br \/>\nVW Golf VI Hatchback (5K1) (Yap\u0131m Y\u0131l\u0131 10.2008 &#8211; 11.2013)<br \/>\nVW Passat B7 Sedan (362) (Yap\u0131m Y\u0131l\u0131 08.2010 &#8211; 12.2014)<br \/>\nVW Passat B7 Varyant\u0131 (365) (Yap\u0131m Y\u0131l\u0131 08.2010 &#8211; 12.2014)<br \/>\nVW Jetta Mk6 (162, 163, AV3, AV2) (Yap\u0131m Y\u0131l\u0131 04.2010 &#8211; &#8230;)<br \/>\nVW Golf VI Cabrio (517) (\u0130n\u015faat Y\u0131l\u0131 03.2011 &#8211; 05.2016)<br \/>\nVW Beetle Hatchback (5C1, 5C2) (\u0130n\u015faat Y\u0131l\u0131 04.2011 &#8211; 07.2019)<br \/>\nVW CC (358) (Yap\u0131m Y\u0131l\u0131 11.2011 &#8211; 12.2016)<br \/>\nVW Beetle Cabrio (5C7, 5C8) (\u0130n\u015faat Y\u0131l\u0131 12.2011 &#8211; 07.2019)<br \/>\nVW Passat B7 Alltrack (365) (Yap\u0131m Y\u0131l\u0131 01.2012 &#8211; 12.2014)<\/p>\n<p>SKODA Octavia II Hatchback (1Z3) (Yap\u0131m Y\u0131l\u0131 02.2004 &#8211; 06.2013)<br \/>\nSKODA Octavia II Kombi (1Z5) (Yap\u0131m Y\u0131l\u0131 02.2004 &#8211; 06.2013)<br \/>\nSKODA Superb II Hatchback (3T4) (Yap\u0131m Y\u0131l\u0131 03.2008 &#8211; 05.2015)<br \/>\n1.8 TSI, Yap\u0131m Y\u0131l\u0131 03.2009 &#8211; 05.2015, 1798 ccm, 152 hp<br \/>\n1.8 TSI, Yap\u0131m Y\u0131l\u0131 03.2008 &#8211; 05.2015, 1798 ccm, 160 hp<br \/>\n1.8 TSI 4&#215;4, Yap\u0131m Y\u0131l\u0131 03.2009 &#8211; 05.2015, 1798 ccm, 152 hp<br \/>\n1.8 TSI 4&#215;4, Yap\u0131m Y\u0131l\u0131 11.2008 &#8211; 05.2015, 1798 ccm, 160 hp<br \/>\n2.0 TFSI, Yap\u0131m Y\u0131l\u0131 05.2010 &#8211; 05.2015, 1984 ccm, 200 hp<br \/>\nSKODA Yeti (5L) (Year of Construction 05.2009 &#8211; 12.2017)<br \/>\nSKODA Superb II Estate (3T5) (\u0130n\u015faat Y\u0131l\u0131 10.2009 &#8211; 05.2015)<\/p>\n<p>SEAT Altea (5P1) (Yap\u0131m Y\u0131l\u0131 03.2004 &#8211; &#8230;)<br \/>\n1.8 TFSI, Yap\u0131m Y\u0131l\u0131 01.2007 &#8211; &#8230;, 1798 ccm, 160 hp<br \/>\n2.0 FSI, Yap\u0131m Y\u0131l\u0131 05.2004 &#8211; 03.2009, 1984 ccm, 150 hp<br \/>\n2.0 TFSI, Yap\u0131m Y\u0131l\u0131 04.2006 &#8211; 05.2009, 1984 ccm, 200 hp<br \/>\nSEAT Toledo III (5P2) (Yap\u0131m Y\u0131l\u0131 04.2004 &#8211; 05.2009)<br \/>\nSEAT Leon II Hatchback (1P1) (Yap\u0131m Y\u0131l\u0131 05.2005 &#8211; 12.2012)<br \/>\nSEAT Altea XL (5P5, 5P8) (Yap\u0131m Y\u0131l\u0131 10.2006<\/p>\n<p>AUDI A3 Hatchback (8P1) (Yap\u0131m Y\u0131l\u0131 05.2003 &#8211; 08.2012)<br \/>\n1.6 FSI, Yap\u0131m Y\u0131l\u0131 08.2003 &#8211; 09.2007, 1598 ccm, 115 hp<br \/>\n1.8 TFSI, Yap\u0131m Y\u0131l\u0131 11.2006 &#8211; 08.2012, 1798 ccm, 160 hp<br \/>\n1.8 TFSI quattro, Yap\u0131m Y\u0131l\u0131 07.2008 &#8211; 08.2012, 1798 ccm, 160 hp<br \/>\n1.9 TDI, Yap\u0131m Y\u0131l\u0131 05.2003 &#8211; 05.2010, 1896 ccm, 105 hp<br \/>\n2.0 FSI, Yap\u0131m Y\u0131l\u0131 05.2003 &#8211; 06.2008, 1984 ccm, 150 hp<br \/>\n2.0 TDI, Yap\u0131m Y\u0131l\u0131 05.2003 &#8211; 08.2012, 1968 ccm, 136 hp<br \/>\n2.0 TDI, Yap\u0131m Y\u0131l\u0131 06.2005 &#8211; 06.2008, 1968 ccm, 140 hp<br \/>\n2.0 TDI 16V, Yap\u0131m Y\u0131l\u0131 05.2003 &#8211; 08.2012, 1968 ccm, 140 hp<br \/>\n2.0 TDI 16V quattro, Yap\u0131m Y\u0131l\u0131 08.2004 &#8211; 08.2012, 1968 ccm, 140 hp<br \/>\n2.0 TFSI, Yap\u0131m Y\u0131l\u0131 09.2004 &#8211; 08.2012, 1984 ccm, 200 hp<br \/>\n2.0 TFSI quattro, Yap\u0131m Y\u0131l\u0131 09.2004 &#8211; 08.2012, 1984 ccm, 200 hp<br \/>\n3.2 V6 quattro, Yap\u0131m Y\u0131l\u0131 07.2003 &#8211; 05.2009, 3189 ccm, 250 hp<br \/>\nS3 2.0 quattro, Yap\u0131m Y\u0131l\u0131 02.2007 &#8211; 08.2012, 1984 ccm, 256 hp<br \/>\nS3 2.0 quattro, Yap\u0131m Y\u0131l\u0131 11.2006 &#8211; 08.2012, 1984 ccm, 265 hp<br \/>\nAUDI A3 Sportback (8PA) (Yap\u0131m Y\u0131l\u0131 09.2004 &#8211; 03.2013)<br \/>\nAUDI TT Coupe (8J3) (\u0130n\u015faat Y\u0131l\u0131 08.2006 &#8211; 06.2014)<br \/>\nAUDI TT Roadster (8J9) (\u0130n\u015faat Y\u0131l\u0131 03.2007 &#8211; 06.2014)<br \/>\nAUDI A3 Cabrio (8P7) (\u0130n\u015faat Y\u0131l\u0131 04.2008 &#8211; 05.2013)<\/p>\n","protected":false},"featured_media":16218,"comment_status":"open","ping_status":"closed","template":"","meta":{"_joinchat":[]},"product_cat":[15,24,19,20,157],"product_tag":[10366],"class_list":{"0":"post-16217","1":"product","2":"type-product","3":"status-publish","4":"has-post-thumbnail","6":"product_cat-volkswagen","7":"product_cat-audi","8":"product_cat-seat","9":"product_cat-skoda","10":"product_cat-volvo","11":"product_tag-1k0199262ab-motor-kulagi-vw-golf-v-1-9-tdi-orj-cikma","13":"first","14":"instock","15":"sale","16":"shipping-taxable","17":"purchasable","18":"product-type-simple"},"_links":{"self":[{"href":"https:\/\/dogan-otomotiv.com\/index.php\/wp-json\/wp\/v2\/product\/16217","targetHints":{"allow":["GET"]}}],"collection":[{"href":"https:\/\/dogan-otomotiv.com\/index.php\/wp-json\/wp\/v2\/product"}],"about":[{"href":"https:\/\/dogan-otomotiv.com\/index.php\/wp-json\/wp\/v2\/types\/product"}],"replies":[{"embeddable":true,"href":"https:\/\/dogan-otomotiv.com\/index.php\/wp-json\/wp\/v2\/comments?post=16217"}],"wp:featuredmedia":[{"embeddable":true,"href":"https:\/\/dogan-otomotiv.com\/index.php\/wp-json\/wp\/v2\/media\/16218"}],"wp:attachment":[{"href":"https:\/\/dogan-otomotiv.com\/index.php\/wp-json\/wp\/v2\/media?parent=16217"}],"wp:term":[{"taxonomy":"product_cat","embeddable":true,"href":"https:\/\/dogan-otomotiv.com\/index.php\/wp-json\/wp\/v2\/product_cat?post=16217"},{"taxonomy":"product_tag","embeddable":true,"href":"https:\/\/dogan-otomotiv.com\/index.php\/wp-json\/wp\/v2\/product_tag?post=16217"}],"curies":[{"name":"wp","href":"https:\/\/api.w.org\/{rel}","templated":true}]}}