{"id":1592,"date":"2020-04-18T10:57:49","date_gmt":"2020-04-18T10:57:49","guid":{"rendered":"https:\/\/dogan-otomotiv.com\/?post_type=product&#038;p=1592"},"modified":"2025-07-30T12:33:24","modified_gmt":"2025-07-30T12:33:24","slug":"8e0910517b-8e0614517at-abs-pompasi-a4-b6-b7","status":"publish","type":"product","link":"https:\/\/dogan-otomotiv.com\/index.php\/urun\/8e0910517b-8e0614517at-abs-pompasi-a4-b6-b7\/","title":{"rendered":"8E0910517B 8E0614517AT ABS POMPASI A4-B6-B7"},"content":{"rendered":"<p>8E0614517AT ABS POMPASI A4-B6-B7 (D34-C)<br \/>\n     Audi    A4    2006\/06-2008\/06    8EC, B7    2.0 TDI quattro    1968 ccm, 120 KW, 163 PS<br \/>\n     Audi    A4    2006\/01-2008\/06    8EC, B7    2.0 TDI quattro    1968 ccm, 103 KW, 140 PS<br \/>\n     Audi    A4    2006\/06-2008\/06    8EC, B7    2.0 TDI quattro    1968 ccm, 125 KW, 170 PS<br \/>\n     Audi    A4    2004\/11-2008\/06    8EC, B7    2.0 TFSI    1984 ccm, 147 KW, 200 PS<br \/>\n     Audi    A4    2006\/10-2008\/06    8EC, B7    2.0 TFSI    1984 ccm, 125 KW, 170 PS<br \/>\n     Audi    A4    2005\/06-2008\/06    8EC, B7    2.0 TFSI    1984 ccm, 162 KW, 220 PS<br \/>\n     Audi    A4    2005\/06-2008\/06    8EC, B7    2.0 TFSI quattro    1984 ccm, 162 KW, 220 PS<br \/>\n     Audi    A4    2004\/11-2008\/06    8EC, B7    2.0 TFSI quattro    1984 ccm, 147 KW, 200 PS<br \/>\n     Audi    A4    2004\/11-2006\/05    8EC, B7    3.0    2976 ccm, 160 KW, 218 PS<br \/>\n     Audi    A4    2005\/01-2008\/06    8EC, B7    3.2 FSI    3123 ccm, 188 KW, 255 PS<br \/>\n     Audi    A4    2005\/01-2008\/06    8EC, B7    3.2 FSI quattro    3123 ccm, 188 KW, 255 PS<br \/>\n     Audi    A4    2004\/11-2008\/06    8EC, B7    3.0 TDI quattro    2967 ccm, 150 KW, 204 PS<br \/>\n     Audi    A4    2006\/01-2008\/06    8EC, B7    3.0 TDI quattro    2967 ccm, 171 KW, 233 PS<br \/>\n     Audi    A4    2004\/11-2006\/07    8EC, B7    3.0 quattro    2976 ccm, 160 KW, 218 PS<br \/>\n     Audi    A4    2005\/09-2008\/06    8EC, B7    RS4 quattro    4163 ccm, 309 KW, 420 PS<br \/>\n     Audi    A4    2004\/11-2008\/06    8EC, B7    S4 quattro    4163 ccm, 253 KW, 344 PS<br \/>\n     Audi    A4 Avant    2001\/09-2004\/12    8E5, B6    1.6    1595 ccm, 75 KW, 102 PS<br \/>\n     Audi    A4 Avant    2001\/09-2002\/07    8E5, B6    1.8 T    1781 ccm, 110 KW, 150 PS<br \/>\n     Audi    A4 Avant    2002\/11-2004\/12    8E5, B6    1.8 T    1781 ccm, 140 KW, 190 PS<br \/>\n     Audi    A4 Avant    2002\/07-2004\/12    8E5, B6    1.8 T    1781 ccm, 120 KW, 163 PS<\/p>\n","protected":false},"excerpt":{"rendered":"<p>DO\u011eAN OTOMOT\u0130V YEDEK PAR\u00c7A<br \/>\nLTD \u015eT\u0130 \u0130VED\u0130K ORGAN\u0130ZE SAN 1471 SOKAK 91-A OST\u0130M ANKARA<br \/>\nSEM\u0130H SAVA\u015e\u00c7I (312) 395 20 95<br \/>\n0533 322 16 09<\/p>\n<p>MUSTAFA SAVA\u015e\u00c7I<br \/>\n0 (312) 395 20 95<br \/>\nIBAN NO: TR 54 0011 1000 0000 0098 3516 19<br \/>\nF\u0130NANSBANK ENPARA<br \/>\n\u015eUBE KODU: 03663<br \/>\nHESAP NO: 98351619<\/p>\n<p>Paket i\u00e7eri\u011fi: 1 Adet<br \/>\nSATI\u015e F\u0130YATI KDV DAH\u0130L<br \/>\nSAAT 17:00 KADAR VER\u0130LEN \u015e\u0130PAR\u0130\u015e AYNI G\u00dcN KARGO \u0130LE G\u00d6NDER\u0130M\u0130 YAPILIR.<br \/>\nKARGO \u0130ADES\u0130 DURUMUNDA<br \/>\nKARGO \u00dcCRET\u0130 M\u00dc\u015eTER\u0130YE A\u0130TT\u0130R. AYRICA KARGODA KIRILAN PAR\u00c7ALARDAN SORUMLU DEY\u0130L\u0130Z<\/p>\n","protected":false},"featured_media":13507,"comment_status":"open","ping_status":"closed","template":"","meta":{"_joinchat":[]},"product_cat":[24],"product_tag":[1217,1216],"class_list":{"0":"post-1592","1":"product","2":"type-product","3":"status-publish","4":"has-post-thumbnail","6":"product_cat-audi","7":"product_tag-8e0614517at","8":"product_tag-8e0910517b-8e0614517at-abs-pompasi-a4-b6-b7","10":"first","11":"instock","12":"sale","13":"shipping-taxable","14":"purchasable","15":"product-type-simple"},"_links":{"self":[{"href":"https:\/\/dogan-otomotiv.com\/index.php\/wp-json\/wp\/v2\/product\/1592","targetHints":{"allow":["GET"]}}],"collection":[{"href":"https:\/\/dogan-otomotiv.com\/index.php\/wp-json\/wp\/v2\/product"}],"about":[{"href":"https:\/\/dogan-otomotiv.com\/index.php\/wp-json\/wp\/v2\/types\/product"}],"replies":[{"embeddable":true,"href":"https:\/\/dogan-otomotiv.com\/index.php\/wp-json\/wp\/v2\/comments?post=1592"}],"wp:featuredmedia":[{"embeddable":true,"href":"https:\/\/dogan-otomotiv.com\/index.php\/wp-json\/wp\/v2\/media\/13507"}],"wp:attachment":[{"href":"https:\/\/dogan-otomotiv.com\/index.php\/wp-json\/wp\/v2\/media?parent=1592"}],"wp:term":[{"taxonomy":"product_cat","embeddable":true,"href":"https:\/\/dogan-otomotiv.com\/index.php\/wp-json\/wp\/v2\/product_cat?post=1592"},{"taxonomy":"product_tag","embeddable":true,"href":"https:\/\/dogan-otomotiv.com\/index.php\/wp-json\/wp\/v2\/product_tag?post=1592"}],"curies":[{"name":"wp","href":"https:\/\/api.w.org\/{rel}","templated":true}]}}