{"id":1541,"date":"2020-04-17T15:36:04","date_gmt":"2020-04-17T15:36:04","guid":{"rendered":"https:\/\/dogan-otomotiv.com\/?post_type=product&#038;p=1541"},"modified":"2022-03-28T11:15:44","modified_gmt":"2022-03-28T11:15:44","slug":"6r0919051n-samandirasi-vw-polo-6-1-2-tsi-polo-15-18-audi-orj-yen","status":"publish","type":"product","link":"https:\/\/dogan-otomotiv.com\/index.php\/urun\/6r0919051n-samandirasi-vw-polo-6-1-2-tsi-polo-15-18-audi-orj-yen\/","title":{"rendered":"6R0919051N \u015eAMANDIRASI VW POLO 6 1.2 TS\u0130 POLO 15-18 AUD\u0130 ORJ YEN"},"content":{"rendered":"<p>YEN\u0130 ORJ SERV\u0130S MALI KUTUSUNDA<\/p>\n<p>6R0919051N \u015eAMANDIRASI VW POLO 6 1.2 T POLO 15-18 AUD A1 11-18<\/p>\n<p> 6R0919051, 6R0919051A, 6R0919051F, 6R0919051G, 6R0919051M, 6R0919051N, 1987580012 , 1987580041, 348732, 359001801300, 70565608, 8TF358106381, 90830018 dur. Bu par\u00e7a Skoda Fabia, Skoda Roomster, Seat Cordoba, Seat Ibiza, Seat Toledo, Volkswagen Polo, Skoda Rapid vb otomobillere uymaktad\u0131r.<\/p>\n<p>OEN 6R0 919 051 A \u2014 AUDI<br \/>\nOEN 6R0 919 051 G \u2014 AUDI<br \/>\nOEN 6R0 919 051 N \u2014 AUDI<br \/>\nOEN 6R0 919 051 A \u2014 SEAT<br \/>\nOEN 6R0 919 051 G \u2014 SEAT<br \/>\nOEN 6R0 919 051 N \u2014 SEAT<br \/>\nOEN 6R0 919 051 A \u2014 SKODA<br \/>\nOEN 6R0 919 051 G \u2014 SKODA<br \/>\nOEN 6R0 919 051 N \u2014 SKODA<br \/>\nOEN 6R0 919 051 A \u2014 VW<br \/>\nOEN 6R0 919 051 G \u2014 VW<br \/>\nOEN 6R0 919 051 N \u2014 VW<br \/>\nOEN 6RF 919 051 B \u2014 VW<br \/>\nOEN 6RF 919 051 K \u2014 VW<\/p>\n","protected":false},"excerpt":{"rendered":"<p>DO\u011eAN OTOMOT\u0130V YEDEK PAR\u00c7A<br \/>\nLTD \u015eT\u0130 \u0130VED\u0130K ORGAN\u0130ZE SAN 1471 SOKAK 91-A OST\u0130M ANKARA<br \/>\nSEM\u0130H SAVA\u015e\u00c7I (312) 395 20 95<br \/>\n0533 322 16 09<\/p>\n<p>MUSTAFA SAVA\u015e\u00c7I<br \/>\n0 (312) 395 20 95<br \/>\nIBAN NO: TR 54 0011 1000 0000 0098 3516 19<br \/>\nF\u0130NANSBANK ENPARA<br \/>\n\u015eUBE KODU: 03663<br \/>\nHESAP NO: 98351619<\/p>\n<p>Paket i\u00e7eri\u011fi: 1 Adet<br \/>\nSATI\u015e F\u0130YATI KDV DAH\u0130L pe\u015fin fiyat\u0131d\u0131r<\/p>\n<p>SAAT 18:00 KADAR VER\u0130LEN \u015e\u0130PAR\u0130\u015e AYNI G\u00dcN KARGO \u0130LE G\u00d6NDER\u0130M\u0130 YAPILIR.<br \/>\nKARGO \u0130ADES\u0130 DURUMUNDA<br \/>\nKARGO \u00dcCRET\u0130 M\u00dc\u015eTER\u0130YE A\u0130TT\u0130R. AYRICA KARGODA KIRILAN PAR\u00c7ALARDAN SORUMLU DEY\u0130L\u0130Z<\/p>\n","protected":false},"featured_media":1542,"comment_status":"open","ping_status":"closed","template":"","meta":{"_joinchat":[]},"product_cat":[15,24,19,20],"product_tag":[1170,1169,7058],"class_list":{"0":"post-1541","1":"product","2":"type-product","3":"status-publish","4":"has-post-thumbnail","6":"product_cat-volkswagen","7":"product_cat-audi","8":"product_cat-seat","9":"product_cat-skoda","10":"product_tag-6r0919051n","11":"product_tag-6r0919051n-samandirasi-vw-polo-15-18-aud-a1-11-18","12":"product_tag-6r0919051n-samandirasi-vw-polo-6-1-2-tsi-polo-15-18-audi-orj-yen","14":"first","15":"instock","16":"sale","17":"shipping-taxable","18":"purchasable","19":"product-type-simple"},"_links":{"self":[{"href":"https:\/\/dogan-otomotiv.com\/index.php\/wp-json\/wp\/v2\/product\/1541","targetHints":{"allow":["GET"]}}],"collection":[{"href":"https:\/\/dogan-otomotiv.com\/index.php\/wp-json\/wp\/v2\/product"}],"about":[{"href":"https:\/\/dogan-otomotiv.com\/index.php\/wp-json\/wp\/v2\/types\/product"}],"replies":[{"embeddable":true,"href":"https:\/\/dogan-otomotiv.com\/index.php\/wp-json\/wp\/v2\/comments?post=1541"}],"wp:featuredmedia":[{"embeddable":true,"href":"https:\/\/dogan-otomotiv.com\/index.php\/wp-json\/wp\/v2\/media\/1542"}],"wp:attachment":[{"href":"https:\/\/dogan-otomotiv.com\/index.php\/wp-json\/wp\/v2\/media?parent=1541"}],"wp:term":[{"taxonomy":"product_cat","embeddable":true,"href":"https:\/\/dogan-otomotiv.com\/index.php\/wp-json\/wp\/v2\/product_cat?post=1541"},{"taxonomy":"product_tag","embeddable":true,"href":"https:\/\/dogan-otomotiv.com\/index.php\/wp-json\/wp\/v2\/product_tag?post=1541"}],"curies":[{"name":"wp","href":"https:\/\/api.w.org\/{rel}","templated":true}]}}