{"id":14825,"date":"2024-03-07T13:05:29","date_gmt":"2024-03-07T13:05:29","guid":{"rendered":"https:\/\/dogan-otomotiv.com\/?post_type=product&#038;p=14825"},"modified":"2025-01-27T13:21:51","modified_gmt":"2025-01-27T13:21:51","slug":"4f1919611-4l0919610-mmi-kontrol-karti-audi-a6-q7","status":"publish","type":"product","link":"https:\/\/dogan-otomotiv.com\/index.php\/urun\/4f1919611-4l0919610-mmi-kontrol-karti-audi-a6-q7\/","title":{"rendered":"4F1919611 &#8211; 4L0919610 MMI Kontrol Kart\u0131 &#8211; Audi A6 &#8211; Q7"},"content":{"rendered":"<p>MUSTAFA SAVA\u015e\u00c7I<br \/>\n0 (312) 395 20 95 &#8211; 0533 322 16 09<br \/>\nIBAN NO: TR 54 0011 1000 0000 0098 3516 19<br \/>\nF\u0130NANSBANK ENPARA<br \/>\n\u015eUBE KODU: 03663<br \/>\nHESAP NO: 98351619<\/p>\n<p>5 G\u00dcN\u00dc GE\u00c7EN \u0130YADELER GER\u0130 KABUL ED\u0130LMEZ<br \/>\nKARGO \u00dcCRETLER\u0130 G\u0130D\u0130\u015e GEL\u0130\u015e TAMAMI M\u00dc\u015eTER\u0130YE A\u0130TT\u0130R.<\/p>\n<p>TOPLU S\u0130PAR\u0130\u015eLER\u0130N\u0130Z \u0130\u00c7\u0130N: doganotoyedekparcavw@gmail.com<br \/>\nhttps:\/\/doganotomotivyedekparca.sahibinden.com\/<br \/>\nhttps:\/\/dogan-otomotiv.com\/index.php\/magaza\/<br \/>\nmustafa.savasci@outlook.com<\/p>\n<p>DO\u011eAN OTOMOT\u0130V YEDEK PAR\u00c7A<br \/>\nLTD \u015eT\u0130 \u0130VED\u0130K ORGAN\u0130ZE SAN 1471 SOKAK 91-A OST\u0130M ANKARA<br \/>\nMUSTAFA SAVA\u015eCI<br \/>\n0533 322 16 09 (312) 395 20 95<\/p>\n","protected":false},"excerpt":{"rendered":"<p>4F1919611-4L0919610 MMI Kontrol Kart\u0131 &#8211; Audi A6 &#8211; Q7<\/p>\n<p>2.0 TDI, \u00dcretim Y\u0131l\u0131 09.2005 &#8211; 06.2006, 1968 cc, 121 hp<br \/>\n2.0 TDI, Yap\u0131m Y\u0131l\u0131 07.2004 &#8211; 03.2011, 1968 cc, 136 hp<br \/>\n2.0 TDI, \u00dcretim Y\u0131l\u0131 07.2004 &#8211; 10.2008, 1968 cc, 140 hp<br \/>\n2.0 TDI, \u00dcretim Y\u0131l\u0131 04.2009 &#8211; 03.2011, 1968 cc, 163 hp<br \/>\n2.0 TDI, \u00dcretim Y\u0131l\u0131 11.2008 &#8211; 03.2011, 1968 cc, 170 hp<br \/>\n2.0 TFSI, Yap\u0131m Y\u0131l\u0131 06.2005 &#8211; 03.2011, 1984 cc, 170 hp<br \/>\n2.4, Yap\u0131m Y\u0131l\u0131 05.2004 &#8211; 10.2008, 2393 cc, 177 hp<br \/>\n2.4 quattro, Yap\u0131m Y\u0131l\u0131 01.2005 &#8211; 10.2008, 2393 cc, 177 hp<br \/>\n2.7 TDI, \u00dcretim Y\u0131l\u0131 11.2004 &#8211; 03.2011, 2698 cc, 163 hp<br \/>\n2.7 TDI, \u00dcretim Y\u0131l\u0131 11.2004 &#8211; 10.2008, 2698 cc, 180 hp<br \/>\n2.7 TDI, \u00dcretim Y\u0131l\u0131 10.2008 &#8211; 03.2011, 2698 cc, 190 hp<br \/>\n2.7 TDI quattro, \u00dcretim Y\u0131l\u0131 06.2005 &#8211; 03.2011, 2698 cc, 163 hp<br \/>\n2.7 TDI quattro, \u00dcretim Y\u0131l\u0131 11.2004 &#8211; 10.2008, 2698 cc, 180 hp<br \/>\n2.7 TDI quattro, \u00dcretim Y\u0131l\u0131 10.2008 &#8211; 03.2011, 2698 cc, 190 hp<br \/>\n2.8 FSI, Yap\u0131m Y\u0131l\u0131 10.2008 &#8211; 03.2011, 2773 cc, 190 hp<br \/>\n2.8 FSI, Yap\u0131m Y\u0131l\u0131 11.2006 &#8211; 10.2008, 2773 cc, 210 hp<br \/>\n2.8 FSI, Yap\u0131m Y\u0131l\u0131 10.2008 &#8211; 03.2011, 2773 cc, 220 hp<br \/>\n2.8 FSI quattro, \u00dcretim Y\u0131l\u0131 10.2008 &#8211; 03.2011, 2773 cc, 190 hp<br \/>\n2.8 FSI quattro, \u00dcretim Y\u0131l\u0131 06.2007 &#8211; 10.2008, 2773 cc, 210 hp<br \/>\n2.8 FSI quattro, \u00dcretim Y\u0131l\u0131 10.2008 &#8211; 03.2011, 2773 cc, 220 hp<br \/>\n3.0, Yap\u0131m Y\u0131l\u0131 08.2004 &#8211; 05.2006, 2976 cc, 218 hp<br \/>\n3.0 quattro, Yap\u0131m Y\u0131l\u0131 05.2004 &#8211; 05.2006, 2976 cc, 218 hp<br \/>\n3.0 TDI quattro, \u00dcretim Y\u0131l\u0131 05.2004 &#8211; 03.2011, 2967 cc, 211 hp<br \/>\n3.0 TDI quattro, \u00dcretim Y\u0131l\u0131 05.2004 &#8211; 05.2006, 2967 cc, 225 hp<br \/>\n3.0 TDI quattro, \u00dcretim Y\u0131l\u0131 06.2006 &#8211; 10.2008, 2967 cc, 233 hp<br \/>\n3.0 TDI quattro, \u00dcretim Y\u0131l\u0131 10.2008 &#8211; 03.2011, 2967 cc, 240 hp<br \/>\n3.0 TFSI quattro, \u00dcretim Y\u0131l\u0131 10.2008 &#8211; 03.2011, 2995 cc, 290 hp<br \/>\n3.0 TFSI quattro, \u00dcretim Y\u0131l\u0131 10.2008 &#8211; 03.2011, 2995 cc, 299 hp<br \/>\n3.2 FSI, Yap\u0131m Y\u0131l\u0131 05.2004 &#8211; 05.2009, 3123 ccm, 255 hp<br \/>\n3.2 FSI, Yap\u0131m Y\u0131l\u0131 05.2009 &#8211; 03.2011, 3197 cc, 265 hp<br \/>\n3.2 FSI quattro, \u00dcretim Y\u0131l\u0131 09.2006 &#8211; 10.2008, 3123 cc, 249 hp<br \/>\n3.2 FSI quattro, \u00dcretim Y\u0131l\u0131 05.2004 &#8211; 10.2008, 3123 cc, 255 hp<br \/>\n4.2 FSI quattro, \u00dcretim Y\u0131l\u0131 06.2006 &#8211; 03.2011, 4163 cc, 350 hp<br \/>\n4.2 quattro, Yap\u0131m Y\u0131l\u0131 05.2004 &#8211; 05.2006, 4163 cc, 335 hp<br \/>\nRS6 5.0 quattro, Yap\u0131m Y\u0131l\u0131 09.2008 &#8211; 08.2010, 4991 cc, 580 hp<br \/>\nS6 5.2 quattro, \u00dcretim Y\u0131l\u0131 03.2006 &#8211; 03.2011, 5204 cc, 435 hp<\/p>\n<p>AUDI Q7 (4LB) (Yap\u0131m Y\u0131l\u0131 03.2006 &#8211; 08.2015)<br \/>\n3.0 TDI quattro, \u00dcretim Y\u0131l\u0131 05.2010 &#8211; 08.2015, 2967 cc, 204 hp<br \/>\n3.0 TDI quattro, \u00dcretim Y\u0131l\u0131 03.2006 &#8211; 05.2010, 2967 cc, 211 hp<br \/>\n3.0 TDI quattro, \u00dcretim Y\u0131l\u0131 06.2009 &#8211; 05.2012, 2967 cc, 224 hp<br \/>\n3.0 TDI quattro, \u00dcretim Y\u0131l\u0131 03.2006 &#8211; 05.2008, 2967 cc, 233 hp<br \/>\n3.0 TDI quattro, \u00dcretim Y\u0131l\u0131 11.2007 &#8211; 08.2015, 2967 cc, 240 hp<br \/>\n3.0 TDI quattro, \u00dcretim Y\u0131l\u0131 05.2011 &#8211; 08.2015, 2967 cc, 245 hp<br \/>\n3.0 TFSI quattro, \u00dcretim Y\u0131l\u0131 05.2010 &#8211; 08.2015, 2995 cc, 272 hp<br \/>\n3.0 TFSI quattro, \u00dcretim Y\u0131l\u0131 05.2011 &#8211; 08.2015, 2995 cc, 280 hp<br \/>\n3.0 TFSI quattro, \u00dcretim Y\u0131l\u0131 05.2010 &#8211; 08.2015, 2995 cc, 333 hp<br \/>\n3.6 FSI quattro, \u00dcretim Y\u0131l\u0131 08.2006 &#8211; 05.2010, 3597 cc, 280 hp<br \/>\n4.2 FSI quattro, Yap\u0131m Y\u0131l\u0131 03.2006 &#8211; 05.2010, 4163 cc, 350 hp<br \/>\n4.2 TDI quattro, \u00dcretim Y\u0131l\u0131 03.2007 &#8211; 06.2009, 4134 cc, 326 hp<br \/>\n4.2 TDI quattro, \u00dcretim Y\u0131l\u0131 05.2009 &#8211; 08.2015, 4134 cc, 340 hp<br \/>\n6.0 TDI quattro, \u00dcretim Y\u0131l\u0131 09.2008 &#8211; 05.2014, 5934 cc, 500 hp<br \/>\nAUDI A6 C6 Allroad (4FH) (Yap\u0131m Y\u0131l\u0131 05.2006 &#8211; 08.2011)<\/p>\n","protected":false},"featured_media":14827,"comment_status":"open","ping_status":"closed","template":"","meta":{"_joinchat":[]},"product_cat":[24],"product_tag":[10432,10434,10433],"class_list":{"0":"post-14825","1":"product","2":"type-product","3":"status-publish","4":"has-post-thumbnail","6":"product_cat-audi","7":"product_tag-4f1919611","8":"product_tag-4f1919611-4l0919610-mmi-kontrol-karti-audi-a6-q7","9":"product_tag-4l0919610","11":"first","12":"instock","13":"sale","14":"shipping-taxable","15":"purchasable","16":"product-type-simple"},"_links":{"self":[{"href":"https:\/\/dogan-otomotiv.com\/index.php\/wp-json\/wp\/v2\/product\/14825","targetHints":{"allow":["GET"]}}],"collection":[{"href":"https:\/\/dogan-otomotiv.com\/index.php\/wp-json\/wp\/v2\/product"}],"about":[{"href":"https:\/\/dogan-otomotiv.com\/index.php\/wp-json\/wp\/v2\/types\/product"}],"replies":[{"embeddable":true,"href":"https:\/\/dogan-otomotiv.com\/index.php\/wp-json\/wp\/v2\/comments?post=14825"}],"wp:featuredmedia":[{"embeddable":true,"href":"https:\/\/dogan-otomotiv.com\/index.php\/wp-json\/wp\/v2\/media\/14827"}],"wp:attachment":[{"href":"https:\/\/dogan-otomotiv.com\/index.php\/wp-json\/wp\/v2\/media?parent=14825"}],"wp:term":[{"taxonomy":"product_cat","embeddable":true,"href":"https:\/\/dogan-otomotiv.com\/index.php\/wp-json\/wp\/v2\/product_cat?post=14825"},{"taxonomy":"product_tag","embeddable":true,"href":"https:\/\/dogan-otomotiv.com\/index.php\/wp-json\/wp\/v2\/product_tag?post=14825"}],"curies":[{"name":"wp","href":"https:\/\/api.w.org\/{rel}","templated":true}]}}