{"id":14779,"date":"2024-02-17T12:23:45","date_gmt":"2024-02-17T12:23:45","guid":{"rendered":"https:\/\/dogan-otomotiv.com\/?post_type=product&#038;p=14779"},"modified":"2025-03-13T14:20:51","modified_gmt":"2025-03-13T14:20:51","slug":"1k0945459c-vestenhavuz-abs-okuyucu-vw-skoda-seat-orj-cikma","status":"publish","type":"product","link":"https:\/\/dogan-otomotiv.com\/index.php\/urun\/1k0945459c-vestenhavuz-abs-okuyucu-vw-skoda-seat-orj-cikma\/","title":{"rendered":"1K0945459C VESTENHAVUZ ABS OKUYUCU VW SKODA SEAT ORJ \u00c7IKMA"},"content":{"rendered":"<p>DO\u011eAN OTOMOT\u0130V YEDEK PAR\u00c7A<br \/>\nLTD \u015eT\u0130 \u0130VED\u0130K ORGAN\u0130ZE SAN 1471 SOKAK 91-A OST\u0130M ANKARA<br \/>\nSEM\u0130H SAVA\u015e\u00c7I (312) 395 20 95<br \/>\n0533 322 16 09<br \/>\nMUSTAFA SAVA\u015e\u00c7I<br \/>\n0 (312) 395 20 95<br \/>\nIBAN NO: TR 54 0011 1000 0000 0098 3516 19<br \/>\nF\u0130NANSBANK ENPARA<br \/>\n\u015eUBE KODU: 03663<br \/>\nHESAP NO: 98351619<\/p>\n<p>AYRICA G\u00dcN \u0130\u00c7ER\u0130S\u0130NDE OTOB\u00dcS \u0130LE KARGO VER\u0130L\u0130R<br \/>\nNOT 5 G\u00dcN \u0130\u00c7ER\u0130S\u0130NDE \u0130YADES\u0130 OLMAYAN MAZEME GER\u0130 ALINMAZ<br \/>\nPaket i\u00e7eri\u011fi: 1 Adet<br \/>\nSATI\u015e F\u0130YATI KDV DAH\u0130L pe\u015fin fiyat\u0131d\u0131r<br \/>\nSAAT 18:00 KADAR VER\u0130LEN \u015e\u0130PAR\u0130\u015e AYNI G\u00dcN KARGO \u0130LE G\u00d6NDER\u0130M\u0130 YAPILIR.<br \/>\nKARGO \u0130ADES\u0130 DURUMUNDA .<br \/>\nKARGO \u00dcCRET\u0130 M\u00dc\u015eTER\u0130YE A\u0130TT\u0130R. AYRICA KARGODA KIRILAN PAR\u00c7ALARDAN SORUMLU DEY\u0130L\u0130Z<\/p>\n<p>27\/11\/2014 tarih ve 29188 say\u0131l\u0131 resmi gazetede yay\u0131mlanan mesafeli sat\u0131\u015flar y\u00f6netmeli\u011finin 15. maddesinde cayma hakk\u0131n\u0131n istisnalar\u0131 belirtilmi\u015ftir. \u0130lgili maddenin a bendinde &#8220;fiyat\u0131 finansal piyasalardaki dalgalanmalara ba\u011fl\u0131 olarak de\u011fi\u015fen ve sat\u0131c\u0131 veya sa\u011flay\u0131c\u0131n\u0131n kontrol\u00fcnde olmayan mal veya hizmetlere ili\u015fkin s\u00f6zle\u015fmeler&#8221; cayma hakk\u0131ndan istisna edilmi\u015ftir. \u00dcr\u00fcnlerimiz ithal \u00fcr\u00fcnler olup fiyatlar\u0131 g\u00fcnl\u00fck usd kurlar\u0131 kullan\u0131larak tl kar\u015f\u0131l\u0131\u011f\u0131na \u00e7evrilmesiyle hesaplanmaktad\u0131r. Fiyatlar kurdaki de\u011fi\u015fmeler ba\u011fl\u0131 olarak g\u00fcnl\u00fck olarak de\u011fi\u015fmektedir. Bu nedenle y\u00f6netmeli\u011fin 15. Md\/a bendi gere\u011fi cayma hakk\u0131ndan m\u00fcstesnad\u0131r. M\u00fc\u015fterilerimiz sipari\u015f \u00f6ncesinde bu konu hakk\u0131nda \u00f6n bilgilendirme yap\u0131ld\u0131\u011f\u0131n\u0131 kabul eder.<\/p>\n","protected":false},"excerpt":{"rendered":"<p>OE 1K0 945 459 A \u2014 VW \/ SKODA<br \/>\nOE 1K0 945 459 \u2014 VW \/ SKODA<br \/>\nOE 5G0 698 459 \u2014 VW \/ AUDI \/ SKODA \/ SEAT \/ BENTLEY \/ MAN \/ CUPRA<br \/>\nOE 1K0 945 459 C \u2014 VW \/ SKODA \/ SEAT \/ BENTLEY<br \/>\nOE 8P0 698 459 B \u2014 VW \/ AUDI \/ SKODA \/ SEAT<br \/>\nOE 3C0 698 459 A \u2014 VW \/ AUDI \/ SKODA \/ SEAT<br \/>\nOE 8P0 698 459 A \u2014 VW \/ AUDI \/ SKODA \/ SEAT<br \/>\nOE 3C0 698 459 \u2014 VW \/ AUDI \/ SKODA \/ SEAT<br \/>\nOE 3C0 698 459 B \u2014 VW \/ AUDI \/ SKODA \/ SEAT<br \/>\nOE 5N0 698 459 \u2014 VW \/ AUDI \/ SKODA \/ SEAT<br \/>\nOE 5N0 945 459 A \u2014 VW<br \/>\nOE 8P0 698 459 \u2014 VW \/ SKODA \/ SEAT<br \/>\nOE 65.25520-6000 \u2014 MAN<br \/>\nOE 958 355 459 01 \u2014 PORSCHE<br \/>\nOE 9A7 945 459 00 \u2014 PORSCHE<\/p>\n<p>VW Touran I (1T1, 1T2) (Year of Construction 02.2003 &#8211; 05.2010)<br \/>\n1.4 TSI, Year of Construction 02.2006 &#8211; 05.2010, 1390 ccm, 140 hp<br \/>\n1.4 TSI, Year of Construction 11.2006 &#8211; 05.2010, 1390 ccm, 170 hp<br \/>\n1.4 TSI EcoFuel, Year of Construction 05.2009 &#8211; 05.2010, 1390 ccm, 150 hp<br \/>\n1.6, Year of Construction 07.2003 &#8211; 05.2010, 1595 ccm, 102 hp<br \/>\n1.6 BiFuel, Year of Construction 11.2006 &#8211; 05.2010, 1595 ccm, 102 hp<br \/>\n1.6 FSI, Year of Construction 02.2003 &#8211; 01.2007, 1598 ccm, 115 hp<br \/>\n1.9 TDI, Year of Construction 11.2004 &#8211; 05.2010, 1896 ccm, 90 hp<br \/>\n1.9 TDI, Year of Construction 08.2003 &#8211; 05.2010, 1896 ccm, 105 hp<br \/>\n2.0 EcoFuel, Year of Construction 02.2006 &#8211; 05.2009, 1984 ccm, 109 hp<br \/>\n2.0 FSI, Year of Construction 10.2003 &#8211; 01.2007, 1984 ccm, 150 hp<br \/>\n2.0 TDI, Year of Construction 02.2003 &#8211; 05.2010, 1968 ccm, 136 hp<br \/>\n2.0 TDI, Year of Construction 12.2005 &#8211; 05.2010, 1968 ccm, 140 hp<br \/>\n2.0 TDI 16V, Year of Construction 08.2003 &#8211; 05.2010, 1968 ccm, 140 hp<br \/>\nVW Multivan T5 (7HM, 7HN, 7HF, 7EF, 7EM, 7EN) (Year of Construction 04.2003 &#8211; 08.2015)<br \/>\nVW Golf V Hatchback (1K1) (Year of Construction 10.2003 &#8211; 02.2009)<br \/>\nVW Transporter T5 Platform \/ Chassis (7JD, 7JE, 7JL, 7JY, 7JZ, 7FD) (Year of Construction 04.2003 &#8211; 08.2015)<br \/>\nVW Transporter T5 Van (7HA, 7HH, 7EA, 7EH) (Year of Construction 04.2003 &#8211; &#8230;)<br \/>\nVW Transporter T5 Minibus (7HB, 7HJ, 7EB, 7EJ, 7EF, 7EG, 7HF, 7EC) (Year of Construction 04.2003 &#8211; 08.2015)<br \/>\nVW Caddy III Van (2KA, 2KH, 2CA, 2CH) (Year of Construction 03.2004 &#8211; 05.2015)<br \/>\nVW Caddy III Estate (2KB, 2KJ, 2CB, 2CJ) (Year of Construction 03.2004 &#8211; 05.2015)<br \/>\nVW Golf Plus \/ Crossgolf (5M1, 521) (Year of Construction 01.2005 &#8211; 12.2013)<br \/>\nVW Passat B6 Saloon (3C2) (Year of Construction 03.2005 &#8211; 11.2010)<br \/>\nVW Jetta Mk5 (1K) (Year of Construction 08.2005 &#8211; 10.2010)<br \/>\nVW Passat B6 Variant (3C5) (Year of Construction 08.2005 &#8211; 10.2011)<br \/>\nVW Eos (1F7, 1F8) (Year of Construction 03.2006 &#8211; 08.2015)<br \/>\nVW Golf V Variant (1K5) (Year of Construction 06.2007 &#8211; 07.2009)<br \/>\nVW Tiguan I (5N) (Year of Construction 09.2007 &#8211; 07.2018)<br \/>\nVW Passat CC (357) (Year of Construction 05.2008 &#8211; 01.2012)<br \/>\nVW Scirocco III (137, 138) (Year of Construction 05.2008 &#8211; 11.2017)<br \/>\nVW Golf VI Hatchback (5K1) (Year of Construction 10.2008 &#8211; 11.2013)<br \/>\nVW Polo V Hatchback (6R1, 6C1) (Year of Construction 06.2009 &#8211; &#8230;)<br \/>\nVW Golf VI Variant (AJ5) (Year of Construction 07.2009 &#8211; 07.2013)<br \/>\nVW Touareg II (7P5, 7P6) (Year of Construction 01.2010 &#8211; 12.2018)<br \/>\nVW Sharan II (7N1, 7N2) (Year of Construction 05.2010 &#8211; &#8230;)<br \/>\nVW Amarok Pickup (2HA, 2HB, S1B, S6B, S7A, S7B) (Year of Construction 09.2010 &#8211; &#8230;)<br \/>\nVW Passat B7 Saloon (362) (Year of Construction 08.2010 &#8211; 12.2014)<br \/>\nVW Passat B7 Variant (365) (Year of Construction 08.2010 &#8211; 12.2014)<br \/>\nVW Jetta Mk6 (162, 163, AV3, AV2) (Year of Construction 04.2010 &#8211; &#8230;)<br \/>\nVW Golf VI Convertible (517) (Year of Construction 03.2011 &#8211; 05.2016)<br \/>\nVW Beetle Hatchback (5C1, 5C2) (Year of Construction 04.2011 &#8211; 07.2019)<br \/>\nVW up! Hatchback (121, 122, BL1, BL2) (Year of Construction 08.2011 &#8211; &#8230;)<br \/>\nVW Polo V Saloon (602, 604, 612, 614) (Year of Construction 05.2009 &#8211; &#8230;)<br \/>\nVW CC (358) (Year of Construction 11.2011 &#8211; 12.2016)<br \/>\nVW Touran I (1T3) (Year of Construction 05.2010 &#8211; 05.2015)<br \/>\nVW Golf VII Hatchback (5G1, BQ1, BE1, BE2) (Year of Construction 08.2012 &#8211; &#8230;)<br \/>\nVW Beetle Convertible (5C7, 5C8) (Year of Construction 12.2011 &#8211; 07.2019)<br \/>\nVW Passat B7 Alltrack (365) (Year of Construction 01.2012 &#8211; 12.2014)<br \/>\nVW Passat NMS (A32, A33) (Year of Construction 01.2011 &#8211; &#8230;)<br \/>\nVW Golf VII Variant (BA5, BV5) (Year of Construction 04.2013 &#8211; &#8230;)<br \/>\nVW Golf Sportsvan (AM1, AN1) (Year of Construction 02.2014 &#8211; &#8230;)<br \/>\nVW Passat B8 Saloon (3G2, CB2) (Year of Construction 08.2014 &#8211; &#8230;)<br \/>\nVW Passat B8 Variant (3G5, CB5) (Year of Construction 08.2014 &#8211; &#8230;)<br \/>\nVW Golf VII Alltrack (BA5, BV5) (Year of Construction 12.2014 &#8211; &#8230;)<br \/>\nVW Touran II (5T1) (Year of Construction 05.2015 &#8211; &#8230;)<br \/>\nVW Amarok Platform \/ Chassis (S1B, S6B, S7B) (Year of Construction 09.2011 &#8211; &#8230;)<br \/>\nVW Caddy IV Kombi (SAB, SAJ) (Year of Construction 05.2015 &#8211; &#8230;)<br \/>\nVW Caddy IV Van (SAA, SAH) (Year of Construction 05.2015 &#8211; &#8230;)<br \/>\nVW Multivan T6 (SGF, SGM, SGN) (Year of Construction 04.2015 &#8211; &#8230;)<br \/>\nVW Transporter T6 Minibus (SGB, SGG, SGJ) (Year of Construction 04.2015 &#8211; &#8230;)<br \/>\nVW Transporter T6 Van (SGA, SGH) (Year of Construction 04.2015 &#8211; &#8230;)<br \/>\nVW Transporter T6 Platform \/ Chassis (SFD, SFE, SFL, SFZ) (Year of Construction 04.2015 &#8211; &#8230;)<br \/>\nVW Passat B8 Alltrack (3G5, CB5) (Year of Construction 05.2015 &#8211; &#8230;)<br \/>\nVW Caddy Alltrack IV Kombi (SAB) (Year of Construction 05.2015 &#8211; &#8230;)<br \/>\nVW Caddy Alltrack IV Van (SAA) (Year of Construction 05.2015 &#8211; &#8230;)<br \/>\nVW Tiguan II (AD1) (Year of Construction 01.2016 &#8211; &#8230;)<br \/>\nVW Crafter Van (SY, SX) (Year of Construction 09.2016 &#8211; &#8230;)<br \/>\nVW Crafter Platform \/ Chassis (SZ) (Year of Construction 11.2016 &#8211; &#8230;)<br \/>\nVW Crafter Minibus (SY) (Year of Construction 09.2016 &#8211; &#8230;)<br \/>\nVW Arteon (3H7) (Year of Construction 04.2017 &#8211; &#8230;)<br \/>\nVW Tiguan Allspace (BW2) (Year of Construction 03.2017 &#8211; &#8230;)<br \/>\nVW Polo VI (AW1, BZ1) (Year of Construction 06.2017 &#8211; &#8230;)<br \/>\nVW T-Roc (A11) (Year of Construction 11.2017 &#8211; &#8230;)<br \/>\nVW Touareg III (CR7) (Year of Construction 11.2017 &#8211; &#8230;)<br \/>\nVW Passat B7 Box Body \/ Estate (365) (Year of Construction 08.2010 &#8211; 12.2014)<br \/>\nVW T-Cross (C11_) (Year of Construction 12.2018 &#8211; &#8230;)<br \/>\nVW Grand California Camper (SCB, SCC) (Year of Construction 04.2019 &#8211; &#8230;)<br \/>\nVW Arteon Shooting Brake (3H9) (Year of Construction 09.2020 &#8211; &#8230;)<br \/>\nVW Taos (CL1) (Year of Construction 07.2020 &#8211; &#8230;)<br \/>\nVW Taigo (CS1) (Year of Construction 09.2021 &#8211; &#8230;)<br \/>\nVW California T5 Minibus (7EC, 7EF, 7EG, 7HF) (Year of Construction 04.2003 &#8211; 08.2015)<br \/>\nVW California T6 Minibus (SGC, SGG, SHC) (Year of Construction 04.2015 &#8211; &#8230;)<\/p>\n","protected":false},"featured_media":14782,"comment_status":"open","ping_status":"closed","template":"","meta":{"_joinchat":[]},"product_cat":[15,24,19,20],"product_tag":[10420],"class_list":{"0":"post-14779","1":"product","2":"type-product","3":"status-publish","4":"has-post-thumbnail","6":"product_cat-volkswagen","7":"product_cat-audi","8":"product_cat-seat","9":"product_cat-skoda","10":"product_tag-1k0945459c-vestenhavuz-abs-okuyucu-vw-skoda-seat-orj-cikma","12":"first","13":"instock","14":"sale","15":"shipping-taxable","16":"purchasable","17":"product-type-simple"},"_links":{"self":[{"href":"https:\/\/dogan-otomotiv.com\/index.php\/wp-json\/wp\/v2\/product\/14779","targetHints":{"allow":["GET"]}}],"collection":[{"href":"https:\/\/dogan-otomotiv.com\/index.php\/wp-json\/wp\/v2\/product"}],"about":[{"href":"https:\/\/dogan-otomotiv.com\/index.php\/wp-json\/wp\/v2\/types\/product"}],"replies":[{"embeddable":true,"href":"https:\/\/dogan-otomotiv.com\/index.php\/wp-json\/wp\/v2\/comments?post=14779"}],"wp:featuredmedia":[{"embeddable":true,"href":"https:\/\/dogan-otomotiv.com\/index.php\/wp-json\/wp\/v2\/media\/14782"}],"wp:attachment":[{"href":"https:\/\/dogan-otomotiv.com\/index.php\/wp-json\/wp\/v2\/media?parent=14779"}],"wp:term":[{"taxonomy":"product_cat","embeddable":true,"href":"https:\/\/dogan-otomotiv.com\/index.php\/wp-json\/wp\/v2\/product_cat?post=14779"},{"taxonomy":"product_tag","embeddable":true,"href":"https:\/\/dogan-otomotiv.com\/index.php\/wp-json\/wp\/v2\/product_tag?post=14779"}],"curies":[{"name":"wp","href":"https:\/\/api.w.org\/{rel}","templated":true}]}}