{"id":14669,"date":"2024-01-10T09:08:36","date_gmt":"2024-01-10T09:08:36","guid":{"rendered":"https:\/\/dogan-otomotiv.com\/?post_type=product&#038;p=14669"},"modified":"2024-12-23T07:20:40","modified_gmt":"2024-12-23T07:20:40","slug":"03l103925ar-motor-koruma-kapagi-audi-a6-a5-a4-8k-16-cay-2010","status":"publish","type":"product","link":"https:\/\/dogan-otomotiv.com\/index.php\/urun\/03l103925ar-motor-koruma-kapagi-audi-a6-a5-a4-8k-16-cay-2010\/","title":{"rendered":"03L103925AR motor \u00dcst kapa\u011f\u0131 Ke\u00e7eliAudi a6-a5-a4-8k-1,6 CAY 2010"},"content":{"rendered":"<p>DO\u011eAN OTOMOT\u0130V YEDEK PAR\u00c7A<br \/>\nLTD \u015eT\u0130 \u0130VED\u0130K ORGAN\u0130ZE SAN 1471 SOKAK 91-A OST\u0130M ANKARA<br \/>\nSEM\u0130H SAVA\u015e\u00c7I\u00a0\u00a0MUSTAFA SAVA\u015eCI<br \/>\n0533 322 16 09     (312) 395 20 95<\/p>\n","protected":false},"excerpt":{"rendered":"<p>03L103925AR motor koruma kapa\u011f\u0131 Audi a6-a5-a4-8k-1,6 CAY 2010<\/p>\n","protected":false},"featured_media":14670,"comment_status":"open","ping_status":"closed","template":"","meta":{"_joinchat":[]},"product_cat":[15,24,19,20],"product_tag":[10872,10354],"class_list":{"0":"post-14669","1":"product","2":"type-product","3":"status-publish","4":"has-post-thumbnail","6":"product_cat-volkswagen","7":"product_cat-audi","8":"product_cat-seat","9":"product_cat-skoda","10":"product_tag-03l103925ar-motor-ust-kapagi-keceliaudi-a6-a5-a4-8k-1","11":"product_tag-6-cay-2010","13":"first","14":"instock","15":"sale","16":"shipping-taxable","17":"purchasable","18":"product-type-simple"},"_links":{"self":[{"href":"https:\/\/dogan-otomotiv.com\/index.php\/wp-json\/wp\/v2\/product\/14669","targetHints":{"allow":["GET"]}}],"collection":[{"href":"https:\/\/dogan-otomotiv.com\/index.php\/wp-json\/wp\/v2\/product"}],"about":[{"href":"https:\/\/dogan-otomotiv.com\/index.php\/wp-json\/wp\/v2\/types\/product"}],"replies":[{"embeddable":true,"href":"https:\/\/dogan-otomotiv.com\/index.php\/wp-json\/wp\/v2\/comments?post=14669"}],"wp:featuredmedia":[{"embeddable":true,"href":"https:\/\/dogan-otomotiv.com\/index.php\/wp-json\/wp\/v2\/media\/14670"}],"wp:attachment":[{"href":"https:\/\/dogan-otomotiv.com\/index.php\/wp-json\/wp\/v2\/media?parent=14669"}],"wp:term":[{"taxonomy":"product_cat","embeddable":true,"href":"https:\/\/dogan-otomotiv.com\/index.php\/wp-json\/wp\/v2\/product_cat?post=14669"},{"taxonomy":"product_tag","embeddable":true,"href":"https:\/\/dogan-otomotiv.com\/index.php\/wp-json\/wp\/v2\/product_tag?post=14669"}],"curies":[{"name":"wp","href":"https:\/\/api.w.org\/{rel}","templated":true}]}}