{"id":14392,"date":"2023-10-13T11:46:25","date_gmt":"2023-10-13T11:46:25","guid":{"rendered":"https:\/\/dogan-otomotiv.com\/?post_type=product&#038;p=14392"},"modified":"2025-07-22T08:08:47","modified_gmt":"2025-07-22T08:08:47","slug":"8e0953549n-direksiyon-aci-sansor-audi-a4-b6-orj-cikma","status":"publish","type":"product","link":"https:\/\/dogan-otomotiv.com\/index.php\/urun\/8e0953549n-direksiyon-aci-sansor-audi-a4-b6-orj-cikma\/","title":{"rendered":"8E0953549N direksiyon A\u00c7I SANS\u00d6R Audi A4 B6 ORJ \u00c7IKMA"},"content":{"rendered":"<p>DO\u011eAN OTOMOT\u0130V YEDEK PAR\u00c7A<br \/>\nLTD \u015eT\u0130 \u0130VED\u0130K ORGAN\u0130ZE SAN 1471 SOK 91-A OST\u0130M ANKARA<br \/>\nMUSTAFA SAVA\u015e\u00c7I<br \/>\n0 (312) 395 20 95<br \/>\n0533 322 16 09<\/p>\n<p>MUSTAFA SAVA\u015e\u00c7I<br \/>\n0 (312) 395 20 95 &#8211; 0533 322 16 09<br \/>\nIBAN NO: TR 54 0011 1000 0000 0098 3516 19<br \/>\nF\u0130NANSBANK ENPARA<br \/>\n\u015eUBE KODU: 03663<br \/>\nHESAP NO: 98351619<\/p>\n<p>5 G\u00dcN\u00dc GE\u00c7EN \u0130YADELER GER\u0130 KABUL ED\u0130LMEZ<br \/>\nKARGO \u00dcCRETLER\u0130 M\u00dc\u015eTER\u0130YE A\u0130TT\u0130R.<\/p>\n<p>\u015e\u0130PAR\u0130\u015eLER HAKKINDA<br \/>\nL\u00dcTFEN \u015e\u0130PAR\u0130\u015e VERMEK \u0130STED\u0130\u011e\u0130N\u0130Z \u00dcR\u00dcN\u00dcN STOK DURUMUNU SORUNUZ.<br \/>\nT\u00dcRK\u0130YEN\u0130N T\u00dcM \u015eEH\u0130RLER\u0130NE ANLA\u015eMALI KARGOLARIMIZ \u0130LE G\u00d6NDER\u0130M YAPILIR.<br \/>\nSAAT 18:00 KADAR VER\u0130LEN \u015e\u0130PAR\u0130\u015eLER AYNI G\u00dcN KARGO \u0130LE G\u00d6NDER\u0130M\u0130 YAPILIR.<br \/>\n\u00c7IKMA PAR\u00c7A F\u0130YATLARI PAR\u00c7ANIN TEM\u0130ZL\u0130\u011e\u0130NE VE TAM\u0130RS\u0130ZL\u0130\u011e\u0130NE G\u00d6RE DE\u011e\u0130\u015eKENL\u0130K G\u00d6STER\u0130R.<br \/>\nD\u0130\u011eER PAR\u00c7ALAR VE F\u0130YAT B\u0130LG\u0130S\u0130 \u0130\u00c7\u0130N \u0130LET\u0130\u015eME GE\u00c7EB\u0130L\u0130RS\u0130N\u0130Z<\/p>\n","protected":false},"excerpt":{"rendered":"<p>8E0953549N direksiyon A\u00c7I SANS\u00d6R Audi A4 B6 ORJ \u00c7IKMA<\/p>\n<p>AUDI A4 B6 Sedan (8E2) (\u00dcretim Y\u0131l\u0131 11.2000 &#8211; 12.2004)<br \/>\n1.6, \u00dcretim Y\u0131l\u0131 11.2000 &#8211; 12.2004, 1595 cc, 102 hp<br \/>\n1.8 T, \u00dcretim Y\u0131l\u0131 11.2000 &#8211; 07.2002, 1781 cc, 150 hp<br \/>\n1.8 T, \u00dcretim Y\u0131l\u0131 07.2002 &#8211; 12.2004, 1781 cc, 163 hp<br \/>\n1.8 T, \u00dcretim Y\u0131l\u0131 11.2002 &#8211; 12.2004, 1781 cc, 190 hp<br \/>\n1.8 T quattro, \u00dcretim Y\u0131l\u0131 11.2000 &#8211; 07.2002, 1781 cc, 150 hp<br \/>\n1.8 T quattro, \u00dcretim Y\u0131l\u0131 07.2002 &#8211; 12.2004, 1781 cc, 163 hp<br \/>\n1.8 T quattro, \u00dcretim Y\u0131l\u0131 07.2001 &#8211; 12.2004, 1781 cc, 170 hp<br \/>\n1.8 T quattro, \u00dcretim Y\u0131l\u0131 11.2002 &#8211; 12.2004, 1781 cc, 190 hp<br \/>\n1.9 TDI, \u00dcretim Y\u0131l\u0131 05.2001 &#8211; 12.2004, 1896 cc, 101 hp<br \/>\n1.9 TDI, \u00dcretim Y\u0131l\u0131 06.2004 &#8211; 12.2004, 1896 cc, 116 hp<br \/>\n1.9 TDI, \u00dcretim Y\u0131l\u0131 11.2000 &#8211; 12.2004, 1896 cc, 130 hp<br \/>\n1.9 TDI quattro, \u00dcretim Y\u0131l\u0131 11.2001 &#8211; 12.2004, 1896 cc, 130 hp<br \/>\n2.0, \u00dcretim Y\u0131l\u0131 11.2000 &#8211; 12.2004, 1984 cc, 130 hp<br \/>\n2.0 FSI, \u00dcretim Y\u0131l\u0131 07.2002 &#8211; 12.2004, 1984 cc, 150 hp<br \/>\n2.4, Yap\u0131m Y\u0131l\u0131 09.2001 &#8211; 12.2004, 2393 cc, 163 hp<br \/>\n2.4, Yap\u0131m Y\u0131l\u0131 09.2001 &#8211; 12.2004, 2393 cc, 170 hp<br \/>\n2.5 TDI, \u00dcretim Y\u0131l\u0131 08.2001 &#8211; 07.2002, 2496 cc, 155 hp<br \/>\n2.5 TDI, \u00dcretim Y\u0131l\u0131 07.2002 &#8211; 12.2004, 2496 cc, 163 hp<br \/>\n2.5 TDI quattro, \u00dcretim Y\u0131l\u0131 11.2000 &#8211; 12.2004, 2496 cc, 180 hp<br \/>\n3.0, Yap\u0131m Y\u0131l\u0131 04.2001 &#8211; 12.2004, 2976 cc, 218 hp<br \/>\n3.0, \u00dcretim Y\u0131l\u0131 11.2000 &#8211; 12.2004, 2976 cc, 220 hp<br \/>\n3.0 quattro, \u00dcretim Y\u0131l\u0131 04.2001 &#8211; 12.2004, 2976 cc, 218 hp<br \/>\n3.0 quattro, \u00dcretim Y\u0131l\u0131 11.2000 &#8211; 12.2004, 2976 cc, 220 hp<br \/>\nS4 4.2 quattro, \u00dcretim Y\u0131l\u0131 03.2003 &#8211; 12.2004, 4163 cc, 344 hp<br \/>\nAUDI A4 B6 Avant (8E5) (\u00dcretim Y\u0131l\u0131 04.2001 &#8211; 12.2004)<br \/>\nAUDI A4 B6\/B7 Cabrio (8H7, 8HE) (\u00dcretim Y\u0131l\u0131 04.2002 &#8211; 03.2009)<br \/>\nAUDI A4 B7 Avant (8ED) (\u00dcretim Y\u0131l\u0131 11.2004 &#8211; 06.2008)<\/p>\n","protected":false},"featured_media":14393,"comment_status":"open","ping_status":"closed","template":"","meta":{"_joinchat":[]},"product_cat":[24],"product_tag":[10206],"class_list":{"0":"post-14392","1":"product","2":"type-product","3":"status-publish","4":"has-post-thumbnail","6":"product_cat-audi","7":"product_tag-8e0953549n-direksiyon-aci-sansor-audi-a4-b6-orj-cikma","9":"first","10":"instock","11":"sale","12":"shipping-taxable","13":"purchasable","14":"product-type-simple"},"_links":{"self":[{"href":"https:\/\/dogan-otomotiv.com\/index.php\/wp-json\/wp\/v2\/product\/14392","targetHints":{"allow":["GET"]}}],"collection":[{"href":"https:\/\/dogan-otomotiv.com\/index.php\/wp-json\/wp\/v2\/product"}],"about":[{"href":"https:\/\/dogan-otomotiv.com\/index.php\/wp-json\/wp\/v2\/types\/product"}],"replies":[{"embeddable":true,"href":"https:\/\/dogan-otomotiv.com\/index.php\/wp-json\/wp\/v2\/comments?post=14392"}],"wp:featuredmedia":[{"embeddable":true,"href":"https:\/\/dogan-otomotiv.com\/index.php\/wp-json\/wp\/v2\/media\/14393"}],"wp:attachment":[{"href":"https:\/\/dogan-otomotiv.com\/index.php\/wp-json\/wp\/v2\/media?parent=14392"}],"wp:term":[{"taxonomy":"product_cat","embeddable":true,"href":"https:\/\/dogan-otomotiv.com\/index.php\/wp-json\/wp\/v2\/product_cat?post=14392"},{"taxonomy":"product_tag","embeddable":true,"href":"https:\/\/dogan-otomotiv.com\/index.php\/wp-json\/wp\/v2\/product_tag?post=14392"}],"curies":[{"name":"wp","href":"https:\/\/api.w.org\/{rel}","templated":true}]}}