{"id":1433,"date":"2020-04-15T17:11:35","date_gmt":"2020-04-15T17:11:35","guid":{"rendered":"https:\/\/dogan-otomotiv.com\/?post_type=product&#038;p=1433"},"modified":"2021-09-17T05:57:34","modified_gmt":"2021-09-17T05:57:34","slug":"03g103469l-audi-a4-vw-golf-passat-ibiza-skoda-2-0-tdi-bmn-bmr-kapak-03g103469l","status":"publish","type":"product","link":"https:\/\/dogan-otomotiv.com\/index.php\/urun\/03g103469l-audi-a4-vw-golf-passat-ibiza-skoda-2-0-tdi-bmn-bmr-kapak-03g103469l\/","title":{"rendered":"03G103469L  AUDI A4 VW GOLF PASSAT  IBIZA SKODA 2.0 TDI BMN BMR  KAPAK 03G103469L"},"content":{"rendered":"<p>DO\u011eAN OTOMOT\u0130V YEDEK PAR\u00c7A<\/p>\n<p>SEM\u0130H SAVA\u015e\u00c7I<\/p>\n<p>0 (312) 395 20 95<\/p>\n<p>IBAN NO: TR56 0011 1000 0000 0088 9009 70  <\/p>\n<p>F\u0130NANSBANK ENPARA<\/p>\n<p>\u015eUBE KODU: 03663<\/p>\n<p>HESAP NO: 88900970<\/p>\n<p>KARGO \u0130ADES\u0130 DURUMUNDA<\/p>\n<p>KARGO \u00dcCRET\u0130 M\u00dc\u015eTER\u0130YE A\u0130TT\u0130R.<\/p>\n<p>TOPLU S\u0130PAR\u0130\u015eLER\u0130N\u0130Z \u0130\u00c7\u0130N: doganotoyedekparcavw@gmail.com<\/p>\n","protected":false},"excerpt":{"rendered":"<p>03G103469L  AUDI A4 VW GOLF PASSAT  IBIZA SKODA 2.0 TDI BMN BMR  KAPAK 03G103469L<\/p>\n","protected":false},"featured_media":1434,"comment_status":"open","ping_status":"closed","template":"","meta":{"_joinchat":[]},"product_cat":[15,24,20],"product_tag":[1061,1060],"class_list":{"0":"post-1433","1":"product","2":"type-product","3":"status-publish","4":"has-post-thumbnail","6":"product_cat-volkswagen","7":"product_cat-audi","8":"product_cat-skoda","9":"product_tag-03g103469l","10":"product_tag-03g103469l-audi-a4-vw-golf-passat-ibiza-skoda-2-0-tdi-bmn-bmr-kapak-03g103469l","12":"first","13":"instock","14":"sale","15":"shipping-taxable","16":"purchasable","17":"product-type-simple"},"_links":{"self":[{"href":"https:\/\/dogan-otomotiv.com\/index.php\/wp-json\/wp\/v2\/product\/1433","targetHints":{"allow":["GET"]}}],"collection":[{"href":"https:\/\/dogan-otomotiv.com\/index.php\/wp-json\/wp\/v2\/product"}],"about":[{"href":"https:\/\/dogan-otomotiv.com\/index.php\/wp-json\/wp\/v2\/types\/product"}],"replies":[{"embeddable":true,"href":"https:\/\/dogan-otomotiv.com\/index.php\/wp-json\/wp\/v2\/comments?post=1433"}],"wp:featuredmedia":[{"embeddable":true,"href":"https:\/\/dogan-otomotiv.com\/index.php\/wp-json\/wp\/v2\/media\/1434"}],"wp:attachment":[{"href":"https:\/\/dogan-otomotiv.com\/index.php\/wp-json\/wp\/v2\/media?parent=1433"}],"wp:term":[{"taxonomy":"product_cat","embeddable":true,"href":"https:\/\/dogan-otomotiv.com\/index.php\/wp-json\/wp\/v2\/product_cat?post=1433"},{"taxonomy":"product_tag","embeddable":true,"href":"https:\/\/dogan-otomotiv.com\/index.php\/wp-json\/wp\/v2\/product_tag?post=1433"}],"curies":[{"name":"wp","href":"https:\/\/api.w.org\/{rel}","templated":true}]}}