{"id":14138,"date":"2023-09-18T13:07:17","date_gmt":"2023-09-18T13:07:17","guid":{"rendered":"https:\/\/dogan-otomotiv.com\/?post_type=product&#038;p=14138"},"modified":"2024-10-13T13:36:57","modified_gmt":"2024-10-13T13:36:57","slug":"525343a-distributoru-fiat-uno-900-panda-141-orj-cikma","status":"publish","type":"product","link":"https:\/\/dogan-otomotiv.com\/index.php\/urun\/525343a-distributoru-fiat-uno-900-panda-141-orj-cikma\/","title":{"rendered":"525343A D\u0130STR\u0130B\u00dcT\u00d6R\u00dc F\u0130AT UNO 900 PANDA 141 ORJ \u00c7IKMA"},"content":{"rendered":"<p>DO\u011eAN OTOMOT\u0130V YEDEK PAR\u00c7A<br \/>\nLTD \u015eT\u0130 \u0130VED\u0130K ORGAN\u0130ZE SAN 1471 SOKAK 91-A OST\u0130M ANKARA<br \/>\nSEM\u0130H SAVA\u015e\u00c7I (312) 395 20 95<br \/>\n0533 322 16 09<\/p>\n<p>MUSTAFA SAVA\u015e\u00c7I<br \/>\n0 (312) 395 20 95<br \/>\nIBAN NO: TR 54 0011 1000 0000 0098 3516 19<br \/>\nF\u0130NANSBANK ENPARA<br \/>\n\u015eUBE KODU: 03663<br \/>\nHESAP NO: 98351619<\/p>\n<p>SATI\u015e F\u0130YATI KDV DAH\u0130L 1 ADET<br \/>\nSAAT 17:00 KADAR VER\u0130LEN \u015e\u0130PAR\u0130\u015e AYNI G\u00dcN KARGO \u0130LE G\u00d6NDER\u0130M\u0130 YAPILIR.<br \/>\nKARGO \u0130ADES\u0130 DURUMUNDA<br \/>\nKARGO \u00dcCRET\u0130 M\u00dc\u015eTER\u0130YE A\u0130TT\u0130R. AYRICA KARGODA KIRILAN PAR\u00c7ALARDAN SORUMLU DEY\u0130L\u0130Z<\/p>\n","protected":false},"excerpt":{"rendered":"<p>525343A D\u0130STR\u0130B\u00dcT\u00d6R\u00dc F\u0130AT UNO 900 PANDA 141 ORJ \u00c7IKMA<\/p>\n","protected":false},"featured_media":14139,"comment_status":"open","ping_status":"closed","template":"","meta":{"_joinchat":[]},"product_cat":[536],"product_tag":[10088],"class_list":{"0":"post-14138","1":"product","2":"type-product","3":"status-publish","4":"has-post-thumbnail","6":"product_cat-fiat","7":"product_tag-525343a-distributoru-fiat-uno-900-panda-141-orj-cikma","9":"first","10":"instock","11":"sale","12":"shipping-taxable","13":"purchasable","14":"product-type-simple"},"_links":{"self":[{"href":"https:\/\/dogan-otomotiv.com\/index.php\/wp-json\/wp\/v2\/product\/14138","targetHints":{"allow":["GET"]}}],"collection":[{"href":"https:\/\/dogan-otomotiv.com\/index.php\/wp-json\/wp\/v2\/product"}],"about":[{"href":"https:\/\/dogan-otomotiv.com\/index.php\/wp-json\/wp\/v2\/types\/product"}],"replies":[{"embeddable":true,"href":"https:\/\/dogan-otomotiv.com\/index.php\/wp-json\/wp\/v2\/comments?post=14138"}],"wp:featuredmedia":[{"embeddable":true,"href":"https:\/\/dogan-otomotiv.com\/index.php\/wp-json\/wp\/v2\/media\/14139"}],"wp:attachment":[{"href":"https:\/\/dogan-otomotiv.com\/index.php\/wp-json\/wp\/v2\/media?parent=14138"}],"wp:term":[{"taxonomy":"product_cat","embeddable":true,"href":"https:\/\/dogan-otomotiv.com\/index.php\/wp-json\/wp\/v2\/product_cat?post=14138"},{"taxonomy":"product_tag","embeddable":true,"href":"https:\/\/dogan-otomotiv.com\/index.php\/wp-json\/wp\/v2\/product_tag?post=14138"}],"curies":[{"name":"wp","href":"https:\/\/api.w.org\/{rel}","templated":true}]}}