{"id":1407,"date":"2020-04-15T16:23:08","date_gmt":"2020-04-15T16:23:08","guid":{"rendered":"https:\/\/dogan-otomotiv.com\/?post_type=product&#038;p=1407"},"modified":"2025-05-05T09:07:38","modified_gmt":"2025-05-05T09:07:38","slug":"a2225001100-motor-ust-kap-hortumu-mercedes-w222-40-orj-yeni","status":"publish","type":"product","link":"https:\/\/dogan-otomotiv.com\/index.php\/urun\/a2225001100-motor-ust-kap-hortumu-mercedes-w222-40-orj-yeni\/","title":{"rendered":"A2225001100 MOTOR \u00dcST KAP hortumu MERCEDES W222 4,0 ORJ YEN\u0130"},"content":{"rendered":"<p>A2225001100 MOTOR \u00dcST KAP hortumu MERCEDES W222 LIFT 4,0<\/p>\n","protected":false},"excerpt":{"rendered":"<p>A2225001100 MOTOR \u00dcST KAP hortumu MERCEDES W222 LIFT 4,0<\/p>\n","protected":false},"featured_media":1408,"comment_status":"open","ping_status":"closed","template":"","meta":{"_joinchat":[]},"product_cat":[23],"product_tag":[11428,11460],"class_list":{"0":"post-1407","1":"product","2":"type-product","3":"status-publish","4":"has-post-thumbnail","6":"product_cat-mercedes","7":"product_tag-0-orj-yeni","8":"product_tag-a2225001100-motor-ust-kap-hortumu-mercedes-w222-4","10":"first","11":"instock","12":"sale","13":"shipping-taxable","14":"purchasable","15":"product-type-simple"},"_links":{"self":[{"href":"https:\/\/dogan-otomotiv.com\/index.php\/wp-json\/wp\/v2\/product\/1407","targetHints":{"allow":["GET"]}}],"collection":[{"href":"https:\/\/dogan-otomotiv.com\/index.php\/wp-json\/wp\/v2\/product"}],"about":[{"href":"https:\/\/dogan-otomotiv.com\/index.php\/wp-json\/wp\/v2\/types\/product"}],"replies":[{"embeddable":true,"href":"https:\/\/dogan-otomotiv.com\/index.php\/wp-json\/wp\/v2\/comments?post=1407"}],"wp:featuredmedia":[{"embeddable":true,"href":"https:\/\/dogan-otomotiv.com\/index.php\/wp-json\/wp\/v2\/media\/1408"}],"wp:attachment":[{"href":"https:\/\/dogan-otomotiv.com\/index.php\/wp-json\/wp\/v2\/media?parent=1407"}],"wp:term":[{"taxonomy":"product_cat","embeddable":true,"href":"https:\/\/dogan-otomotiv.com\/index.php\/wp-json\/wp\/v2\/product_cat?post=1407"},{"taxonomy":"product_tag","embeddable":true,"href":"https:\/\/dogan-otomotiv.com\/index.php\/wp-json\/wp\/v2\/product_tag?post=1407"}],"curies":[{"name":"wp","href":"https:\/\/api.w.org\/{rel}","templated":true}]}}