{"id":14016,"date":"2023-09-01T13:24:53","date_gmt":"2023-09-01T13:24:53","guid":{"rendered":"https:\/\/dogan-otomotiv.com\/?post_type=product&#038;p=14016"},"modified":"2023-09-01T13:25:37","modified_gmt":"2023-09-01T13:25:37","slug":"1s7f6c315ad-krank-mili-konum-ford-c-max-focus-1-8-2-0-2003-2011","status":"publish","type":"product","link":"https:\/\/dogan-otomotiv.com\/index.php\/urun\/1s7f6c315ad-krank-mili-konum-ford-c-max-focus-1-8-2-0-2003-2011\/","title":{"rendered":"1S7F6C315AD Krank Mili Konum Ford C-MAX FOCUS 1.8 2.0 2003-2011"},"content":{"rendered":"<p>Detayl\u0131 A\u00e7\u0131klama:<br \/>\nDO\u011eAN OTOMOT\u0130V YEDEK PAR\u00c7A<br \/>\nLTD \u015eT\u0130 \u0130VED\u0130K ORGAN\u0130ZE SAN 1471 SOK 91-A OST\u0130M ANKARA<br \/>\nMUSTAFA SAVA\u015e\u00c7I<br \/>\n0 (312) 395 20 95<br \/>\n0533 322 16 09<\/p>\n<p>MUSTAFA SAVA\u015eCI<br \/>\nIBAN NO: TR56 0011 1000 0000 0088 9009 70<br \/>\nF\u0130NANSBANK ENPARA<br \/>\n\u015eUBE KODU: 03663<br \/>\nHESAP NO: 88900970<\/p>\n<p>KARGO \u0130ADES\u0130 DURUMUNDA<br \/>\nKARGO \u00dcCRET\u0130 M\u00dc\u015eTER\u0130YE A\u0130TT\u0130R.<\/p>\n<p>\u015e\u0130PAR\u0130\u015eLER HAKKINDA<br \/>\nL\u00dcTFEN \u015e\u0130PAR\u0130\u015e VERMEK \u0130STED\u0130\u011e\u0130N\u0130Z \u00dcR\u00dcN\u00dcN STOK DURUMUNU SORUNUZ.<br \/>\nT\u00dcRK\u0130YEN\u0130N T\u00dcM \u015eEH\u0130RLER\u0130NE ANLA\u015eMALI KARGOLARIMIZ \u0130LE G\u00d6NDER\u0130M YAPILIR.<br \/>\nSAAT 17:00 KADAR VER\u0130LEN \u015e\u0130PAR\u0130\u015eLER AYNI G\u00dcN KARGO \u0130LE G\u00d6NDER\u0130M\u0130 YAPILIR.<br \/>\n\u00c7IKMA PAR\u00c7A F\u0130YATLARI PAR\u00c7ANIN TEM\u0130ZL\u0130\u011e\u0130NE VE TAM\u0130RS\u0130ZL\u0130\u011e\u0130NE G\u00d6RE DE\u011e\u0130\u015eKENL\u0130K G\u00d6STER\u0130R.<br \/>\nD\u0130\u011eER PAR\u00c7ALAR VE F\u0130YAT B\u0130LG\u0130S\u0130 \u0130\u00c7\u0130N \u0130LET\u0130\u015eME GE\u00c7EB\u0130L\u0130RS\u0130N\u0130Z<\/p>\n","protected":false},"excerpt":{"rendered":"<p>1S7F6C315AD Krank Mili Konum Ford C-MAX FOCUS 1.8 2.0 2003-2011<\/p>\n<p>OE 1S7F-6C315-AD \u2014 FORD<br \/>\nS\u0130Z 1129988 \u2014 FORD<br \/>\nS\u0130Z 1119150 \u2014 FORD<br \/>\nOE LF01-18-221 \u2014 FORD<br \/>\nOE 30658179 \u2014 FORD<br \/>\nOE 1S7F-6D315-AA \u2014 FORD<\/p>\n<p>FORD Focus Mk2 Hatchback (DA_, HCP, DP) (\u0130n\u015faat Y\u0131l\u0131 03.2006 &#8211; 09.2012, 125 &#8211; 145 PS, Benzin, Petrol\/Do\u011fal Gaz (CNG), Petrol\/Petrol Gaz\u0131 (LPG))<br \/>\n1.8, Yap\u0131m Y\u0131l\u0131 03.2006 &#8211; 09.2012, 1798 ccm, 125 PS<br \/>\n2.0 CNG, Yap\u0131m Y\u0131l\u0131 04.2009 &#8211; 07.2011, 1999 ccm, 145 PS<br \/>\n2.0 LPG, Yap\u0131m Y\u0131l\u0131 06.2008 &#8211; 07.2011, 1999 ccm, 145 PS<br \/>\nFORD Focus Mk2 Sedan (DB_, FCH, DH) (Yap\u0131m Y\u0131l\u0131 03.2006 &#8211; 09.2012, 125 PS, Benzinli)<br \/>\nFORD Galaxy Mk2 (WA6) MPV (Yap\u0131m Y\u0131l\u0131 05.2006 &#8211; 06.2015, 145 PS, Benzinli)<br \/>\nFORD S-Max Mk1 (WA6) (\u0130n\u015faat Y\u0131l\u0131 05.2006 &#8211; 12.2014, 145 PS, Benzin, Benzin\/Etanol)<br \/>\nFORD Focus Mk2 Cabrio (DB3) (\u0130n\u015faat Y\u0131l\u0131 10.2006 &#8211; 09.2010, 145 PS, Benzinli)<br \/>\nFORD Mondeo Mk4 Sedan (BA7) (\u0130n\u015faat Y\u0131l\u0131 03.2007 &#8211; 01.2015, 145 PS, Benzin, Petrol\/Etanol, Petrol\/Petrol Gaz\u0131 (LPG))<br \/>\nFORD Mondeo Mk4 Hatchback (BA7) (\u0130n\u015faat Y\u0131l\u0131 03.2007 &#8211; 01.2015, 145 PS, Benzin, Petrol\/Etanol, Petrol\/Petrol Gaz\u0131 (LPG))<br \/>\nFORD Mondeo Mk4 Estate (BA7) (\u0130n\u015faat Y\u0131l\u0131 03.2007 &#8211; 01.2015, 145 PS, Benzin, Petrol\/Etanol, Petrol\/Petrol Gaz\u0131 (LPG))<br \/>\nFORD C-Max (DM2) (\u0130n\u015faat Y\u0131l\u0131 02.2007 &#8211; 09.2010, 122 &#8211; 145 PS, Benzin, Petrol\/Etanol, Petrol\/Do\u011fal Gaz (CNG), Petrol\/Petrol Gaz\u0131 (LPG))<\/p>\n","protected":false},"featured_media":14017,"comment_status":"open","ping_status":"closed","template":"","meta":{"_joinchat":[]},"product_cat":[25],"product_tag":[10029],"class_list":{"0":"post-14016","1":"product","2":"type-product","3":"status-publish","4":"has-post-thumbnail","6":"product_cat-ford","7":"product_tag-krank-mili-konum-ford-c-max-focus-1-8-2-0-2003-orj-yeni","9":"first","10":"instock","11":"sale","12":"shipping-taxable","13":"purchasable","14":"product-type-simple"},"_links":{"self":[{"href":"https:\/\/dogan-otomotiv.com\/index.php\/wp-json\/wp\/v2\/product\/14016","targetHints":{"allow":["GET"]}}],"collection":[{"href":"https:\/\/dogan-otomotiv.com\/index.php\/wp-json\/wp\/v2\/product"}],"about":[{"href":"https:\/\/dogan-otomotiv.com\/index.php\/wp-json\/wp\/v2\/types\/product"}],"replies":[{"embeddable":true,"href":"https:\/\/dogan-otomotiv.com\/index.php\/wp-json\/wp\/v2\/comments?post=14016"}],"wp:featuredmedia":[{"embeddable":true,"href":"https:\/\/dogan-otomotiv.com\/index.php\/wp-json\/wp\/v2\/media\/14017"}],"wp:attachment":[{"href":"https:\/\/dogan-otomotiv.com\/index.php\/wp-json\/wp\/v2\/media?parent=14016"}],"wp:term":[{"taxonomy":"product_cat","embeddable":true,"href":"https:\/\/dogan-otomotiv.com\/index.php\/wp-json\/wp\/v2\/product_cat?post=14016"},{"taxonomy":"product_tag","embeddable":true,"href":"https:\/\/dogan-otomotiv.com\/index.php\/wp-json\/wp\/v2\/product_tag?post=14016"}],"curies":[{"name":"wp","href":"https:\/\/api.w.org\/{rel}","templated":true}]}}