{"id":13586,"date":"2023-07-02T07:28:42","date_gmt":"2023-07-02T07:28:42","guid":{"rendered":"https:\/\/dogan-otomotiv.com\/?post_type=product&#038;p=13586"},"modified":"2023-07-02T07:28:43","modified_gmt":"2023-07-02T07:28:43","slug":"03c109509m-zincir-disli-kizak-audi-a3-golf-5plus-jetta-orj-yeni","status":"publish","type":"product","link":"https:\/\/dogan-otomotiv.com\/index.php\/urun\/03c109509m-zincir-disli-kizak-audi-a3-golf-5plus-jetta-orj-yeni\/","title":{"rendered":"03C109509M Zincir Di\u015fli K\u0131zak &#8211; Audi A3-Golf 5,Plus-Jetta ORJ YEN\u0130"},"content":{"rendered":"<p>DO\u011eAN OTOMOT\u0130V YEDEK PAR\u00c7A<br \/>\nLTD \u015eT\u0130 \u0130VED\u0130K ORGAN\u0130ZE SAN 1471 SOKAK 91-A OST\u0130M ANKARA<br \/>\nSEM\u0130H SAVA\u015e\u00c7I (312) 395 20 95<br \/>\n0533 322 16 09<br \/>\nMUSTAFA SAVA\u015e\u00c7I<br \/>\n0 (312) 395 20 95<br \/>\nIBAN NO: TR 54 0011 1000 0000 0098 3516 19<br \/>\nF\u0130NANSBANK ENPARA<br \/>\n\u015eUBE KODU: 03663<br \/>\nHESAP NO: 98351619<\/p>\n<p>ONL\u0130NE SATI\u015eIMIZ YOKTUR<\/p>\n<p>T\u00dcM \u00dcR\u00dcNLER\u0130M\u0130Z GARANT\u0130L\u0130D\u0130R , A\u00c7ILAN \u00dcR\u00dcN\u00dcN GARANT\u0130 VE \u0130ADES\u0130 YOKTUR \u0130ADE S\u00dcRES\u0130 3 G\u00dcND\u00dcR<br \/>\nPaket i\u00e7eri\u011fi: 1 Adet<br \/>\nSATI\u015e F\u0130YATI KDV DAH\u0130L pe\u015fin fiyat\u0131d\u0131r<br \/>\nSAAT 18:00 KADAR VER\u0130LEN \u015e\u0130PAR\u0130\u015e AYNI G\u00dcN KARGO \u0130LE G\u00d6NDER\u0130M\u0130 YAPILIR.<br \/>\nKARGO \u0130ADES\u0130 DURUMUNDA .<br \/>\nKARGO \u00dcCRET\u0130 M\u00dc\u015eTER\u0130YE A\u0130TT\u0130R. AYRICA KARGODA KIRILAN PAR\u00c7ALARDAN SORUMLU DEY\u0130L\u0130Z<\/p>\n<p>27\/11\/2014 tarih ve 29188 say\u0131l\u0131 resmi gazetede yay\u0131mlanan mesafeli sat\u0131\u015flar y\u00f6netmeli\u011finin 15. maddesinde cayma hakk\u0131n\u0131n istisnalar\u0131 belirtilmi\u015ftir. \u0130lgili maddenin a bendinde &#8220;fiyat\u0131 finansal piyasalardaki dalgalanmalara ba\u011fl\u0131 olarak de\u011fi\u015fen ve sat\u0131c\u0131 veya sa\u011flay\u0131c\u0131n\u0131n kontrol\u00fcnde olmayan mal veya hizmetlere ili\u015fkin s\u00f6zle\u015fmeler&#8221; cayma hakk\u0131ndan istisna edilmi\u015ftir. \u00dcr\u00fcnlerimiz ithal \u00fcr\u00fcnler olup fiyatlar\u0131 g\u00fcnl\u00fck usd kurlar\u0131 kullan\u0131larak tl kar\u015f\u0131l\u0131\u011f\u0131na \u00e7evrilmesiyle hesaplanmaktad\u0131r. Fiyatlar kurdaki de\u011fi\u015fmeler ba\u011fl\u0131 olarak g\u00fcnl\u00fck olarak de\u011fi\u015fmektedir. Bu nedenle y\u00f6netmeli\u011fin 15. Md\/a bendi gere\u011fi cayma hakk\u0131ndan m\u00fcstesnad\u0131r. M\u00fc\u015fterilerimiz sipari\u015f \u00f6ncesinde bu konu hakk\u0131nda \u00f6n bilgilendirme yap\u0131ld\u0131\u011f\u0131n\u0131 kabul eder.<\/p>\n","protected":false},"excerpt":{"rendered":"<p>03C109509M Zincir Di\u015fli K\u0131zak &#8211; Audi A3-Golf 5,Plus-Jetta ORJ YEN\u0130<\/p>\n<p>VW Polo IV Hatchback (9N) (Yap\u0131m Y\u0131l\u0131 10.2001 &#8211; 11.2009, 64 &#8211; 105 PS, Benzin)<br \/>\nVW Touran I (1T1, 1T2) (Yap\u0131m Y\u0131l\u0131 02.2003 &#8211; 05.2010, 115 &#8211; 170 PS, CNG, Benzin)<br \/>\nVW Golf V Hatchback (1K1) (Yap\u0131m Y\u0131l\u0131 10.2003 &#8211; 11.2008, 90 &#8211; 170 PS, Benzin)<br \/>\nVW Golf Plus \/ Crossgolf (5M1, 521) (Yap\u0131m Y\u0131l\u0131 01.2005 &#8211; 12.2013, 90 &#8211; 170 PS, Benzin)<br \/>\nVW Passat B6 Sedan (3C2) (Yap\u0131m Y\u0131l\u0131 03.2005 &#8211; 07.2010, 115 &#8211; 150 PS, Benzin, Petrol\/Do\u011fal Gaz (CNG))<br \/>\nVW Jetta Mk5 (1K) (Yap\u0131m Y\u0131l\u0131 09.2005 &#8211; 10.2010, 115 &#8211; 170 PS, Benzin)<br \/>\nVW Passat B6 Varyant\u0131 (3C5) (Yap\u0131m Y\u0131l\u0131 08.2005 &#8211; 11.2010, 115 &#8211; 150 PS, Benzin, Petrol\/Do\u011fal Gaz (CNG))<br \/>\nVW Eos (1F7, 1F8) (Yap\u0131m Y\u0131l\u0131 06.2006 &#8211; 08.2015, 115 &#8211; 160 PS, Benzin)<br \/>\nVW Golf V Varyant\u0131 (1K5) (Yap\u0131m Y\u0131l\u0131 06.2007 &#8211; 07.2009, 122 &#8211; 170 PS, Benzin)<br \/>\nVW Tiguan I (5N) (Yap\u0131m Y\u0131l\u0131 09.2007 &#8211; 07.2018, 122 &#8211; 160 PS, Benzin)<br \/>\nVW Passat CC (357) (Yap\u0131m Y\u0131l\u0131 01.2011 &#8211; 01.2012, 160 PS, Petrol\/Etanol)<br \/>\nVW Scirocco III (137, 138) (Yap\u0131m Y\u0131l\u0131 05.2008 &#8211; 11.2017, 122 &#8211; 160 PS, Benzin)<br \/>\nVW Golf VI Hatchback (5K1) (Yap\u0131m Y\u0131l\u0131 10.2008 &#8211; 11.2012, 122 &#8211; 210 PS, Benzin)<br \/>\nVW Polo V Hatchback (6R1, 6C1) (Yap\u0131m Y\u0131l\u0131 03.2009 &#8211; &#8230;, 60 &#8211; 180 PS, Benzin, Petrol\/Petrol Gaz\u0131 (LPG))<br \/>\nVW Golf VI Varyant\u0131 (AJ5) (Yap\u0131m Y\u0131l\u0131 07.2009 &#8211; 07.2013, 122 &#8211; 160 PS, Benzin)<br \/>\nVW Sharan II (7N1, 7N2) (Yap\u0131m Y\u0131l\u0131 05.2010 &#8211; &#8230;, 150 PS, Benzin)<br \/>\nVW Passat B7 Sedan (362) (Yap\u0131m Y\u0131l\u0131 08.2010 &#8211; 12.2014, 122 &#8211; 160 PS, Benzin, Petrol\/Etanol, Petrol\/Do\u011falgaz (CNG))<br \/>\nVW Passat B7 Varyant\u0131 (365) (Yap\u0131m Y\u0131l\u0131 08.2010 &#8211; 12.2014, 122 &#8211; 160 PS, Benzin, Petrol\/Etanol, Petrol\/Do\u011fal Gaz (CNG))<br \/>\nVW Jetta Mk6 (162, 163, AV3, AV2) (Yap\u0131m Y\u0131l\u0131 04.2011 &#8211; &#8230;, 86 &#8211; 211 PS, Benzinli)<br \/>\nVW Golf VI Cabrio (517) (Yap\u0131m Y\u0131l\u0131 03.2011 &#8211; 05.2016, 122 &#8211; 211 PS, Benzin)<br \/>\nVW Beetle Hatchback (5C1, 5C2) (Yap\u0131m Y\u0131l\u0131 10.2011 &#8211; 07.2019, 160 &#8211; 211 PS, Benzin)<br \/>\nVW Polo V Sedan (602, 604, 612, 614) (Yap\u0131m Y\u0131l\u0131 05.2010 &#8211; &#8230;, 85 &#8211; 105 PS, Benzin)<br \/>\nVW CC (358) (Yap\u0131m Y\u0131l\u0131 11.2011 &#8211; 12.2016, 160 PS, Benzin, Benzin\/Etanol)<br \/>\nVW Touran I (1T3) (Yap\u0131m Y\u0131l\u0131 05.2010 &#8211; 05.2015, 140 &#8211; 170 PS, Benzin, Petrol\/Do\u011fal Gaz (CNG))<br \/>\nVW Beetle Cabrio (5C7, 5C8) (Yap\u0131m Y\u0131l\u0131 12.2011 &#8211; 07.2019, 160 &#8211; 210 PS, Benzin)<br \/>\nVW Passat B7 Box Body \/ Estate (365) (Yap\u0131m Y\u0131l\u0131 08.2010 &#8211; 12.2014, 122 PS, Benzin)<\/p>\n","protected":false},"featured_media":13587,"comment_status":"open","ping_status":"closed","template":"","meta":{"_joinchat":[]},"product_cat":[15,24,19,20],"product_tag":[],"class_list":{"0":"post-13586","1":"product","2":"type-product","3":"status-publish","4":"has-post-thumbnail","6":"product_cat-volkswagen","7":"product_cat-audi","8":"product_cat-seat","9":"product_cat-skoda","11":"first","12":"instock","13":"sale","14":"shipping-taxable","15":"purchasable","16":"product-type-simple"},"_links":{"self":[{"href":"https:\/\/dogan-otomotiv.com\/index.php\/wp-json\/wp\/v2\/product\/13586","targetHints":{"allow":["GET"]}}],"collection":[{"href":"https:\/\/dogan-otomotiv.com\/index.php\/wp-json\/wp\/v2\/product"}],"about":[{"href":"https:\/\/dogan-otomotiv.com\/index.php\/wp-json\/wp\/v2\/types\/product"}],"replies":[{"embeddable":true,"href":"https:\/\/dogan-otomotiv.com\/index.php\/wp-json\/wp\/v2\/comments?post=13586"}],"wp:featuredmedia":[{"embeddable":true,"href":"https:\/\/dogan-otomotiv.com\/index.php\/wp-json\/wp\/v2\/media\/13587"}],"wp:attachment":[{"href":"https:\/\/dogan-otomotiv.com\/index.php\/wp-json\/wp\/v2\/media?parent=13586"}],"wp:term":[{"taxonomy":"product_cat","embeddable":true,"href":"https:\/\/dogan-otomotiv.com\/index.php\/wp-json\/wp\/v2\/product_cat?post=13586"},{"taxonomy":"product_tag","embeddable":true,"href":"https:\/\/dogan-otomotiv.com\/index.php\/wp-json\/wp\/v2\/product_tag?post=13586"}],"curies":[{"name":"wp","href":"https:\/\/api.w.org\/{rel}","templated":true}]}}