{"id":1356,"date":"2020-04-15T00:23:43","date_gmt":"2020-04-15T00:23:43","guid":{"rendered":"https:\/\/dogan-otomotiv.com\/?post_type=product&#038;p=1356"},"modified":"2023-01-07T06:33:04","modified_gmt":"2023-01-07T06:33:04","slug":"06a133062a-06a133062ab-bogaz-kelebegi-bfq-bgu-avu-vw-bora-99-05-vw-golf-98-06-vw-beetle-99-10-vw-caddy-04-08","status":"publish","type":"product","link":"https:\/\/dogan-otomotiv.com\/index.php\/urun\/06a133062a-06a133062ab-bogaz-kelebegi-bfq-bgu-avu-vw-bora-99-05-vw-golf-98-06-vw-beetle-99-10-vw-caddy-04-08\/","title":{"rendered":"06A133062A\/06A133062AB BO\u011eAZ KELEBE\u011e\u0130. BFQ \/ BGU \/ AVU. VW BORA 99-05. VW GOLF 98-06. VW BEETLE 99-10. VW CADDY 04-08."},"content":{"rendered":"<p>DO\u011eAN OTOMOT\u0130V YEDEK PAR\u00c7A<\/p>\n<p>SEM\u0130H SAVA\u015e\u00c7I<\/p>\n<p>0 (312) 395 20 95<\/p>\n<p>IBAN NO: TR56 0011 1000 0000 0088 9009 70  <\/p>\n<p>F\u0130NANSBANK ENPARA<\/p>\n<p>\u015eUBE KODU: 03663<\/p>\n<p>HESAP NO: 88900970<\/p>\n<p>KARGO \u0130ADES\u0130 DURUMUNDA<\/p>\n<p>KARGO \u00dcCRET\u0130 M\u00dc\u015eTER\u0130YE A\u0130TT\u0130R.<\/p>\n<p>TOPLU S\u0130PAR\u0130\u015eLER\u0130N\u0130Z \u0130\u00c7\u0130N: doganotoyedekparcavw@gmail.com<\/p>\n","protected":false},"excerpt":{"rendered":"<p>06A133062A\/06A133062AB BO\u011eAZ KELEBE\u011e\u0130. BFQ \/ BGU \/ AVU. VW BORA 99-05. VW GOLF 98-06. VW BEETLE 99-10. VW CADDY 04-08.<\/p>\n","protected":false},"featured_media":1357,"comment_status":"open","ping_status":"closed","template":"","meta":{"_joinchat":[]},"product_cat":[15,24],"product_tag":[982,983],"class_list":{"0":"post-1356","1":"product","2":"type-product","3":"status-publish","4":"has-post-thumbnail","6":"product_cat-volkswagen","7":"product_cat-audi","8":"product_tag-06a133062a","9":"product_tag-06a133062a-06a133062ab-bogaz-kelebegi-bfq-bgu-avu-vw-bora-99-05-vw-golf-98-06-vw-beetle-99-10-vw-caddy-04-08","11":"first","12":"instock","13":"sale","14":"shipping-taxable","15":"purchasable","16":"product-type-simple"},"_links":{"self":[{"href":"https:\/\/dogan-otomotiv.com\/index.php\/wp-json\/wp\/v2\/product\/1356","targetHints":{"allow":["GET"]}}],"collection":[{"href":"https:\/\/dogan-otomotiv.com\/index.php\/wp-json\/wp\/v2\/product"}],"about":[{"href":"https:\/\/dogan-otomotiv.com\/index.php\/wp-json\/wp\/v2\/types\/product"}],"replies":[{"embeddable":true,"href":"https:\/\/dogan-otomotiv.com\/index.php\/wp-json\/wp\/v2\/comments?post=1356"}],"wp:featuredmedia":[{"embeddable":true,"href":"https:\/\/dogan-otomotiv.com\/index.php\/wp-json\/wp\/v2\/media\/1357"}],"wp:attachment":[{"href":"https:\/\/dogan-otomotiv.com\/index.php\/wp-json\/wp\/v2\/media?parent=1356"}],"wp:term":[{"taxonomy":"product_cat","embeddable":true,"href":"https:\/\/dogan-otomotiv.com\/index.php\/wp-json\/wp\/v2\/product_cat?post=1356"},{"taxonomy":"product_tag","embeddable":true,"href":"https:\/\/dogan-otomotiv.com\/index.php\/wp-json\/wp\/v2\/product_tag?post=1356"}],"curies":[{"name":"wp","href":"https:\/\/api.w.org\/{rel}","templated":true}]}}