{"id":1341,"date":"2020-04-14T23:40:26","date_gmt":"2020-04-14T23:40:26","guid":{"rendered":"https:\/\/dogan-otomotiv.com\/?post_type=product&#038;p=1341"},"modified":"2025-05-12T08:08:23","modified_gmt":"2025-05-12T08:08:23","slug":"06a133062d-bogaz-kelebegi-vw-golf-polo-bora-new-beetle-azh-azj-azl","status":"publish","type":"product","link":"https:\/\/dogan-otomotiv.com\/index.php\/urun\/06a133062d-bogaz-kelebegi-vw-golf-polo-bora-new-beetle-azh-azj-azl\/","title":{"rendered":"06A133062D BO\u011eAZ KELEBE\u011e\u0130 VW GOLF BEETLE JETTA 2,0 (AZH, AZJ, AZL  ORJ \u00c7IKMA"},"content":{"rendered":"<p>06A133062D BO\u011eAZ KELEBE\u011e\u0130 AZJ\/BEH VW BORA VW GOLF 98-06 SKODA 2,0 BENZ\u0130NL\u0130<\/p>\n<p>SEAT IBIZA IV (6L1) (2002\/02 &#8211; 2009\/11)<\/p>\n<p>SEAT CORDOBA (6L2) (2002\/09 &#8211; 2009\/11)<\/p>\n<p>SKODA OCTAVIA (1U2) (1996\/09 &#8211; 2010\/12)<\/p>\n<p>SKODA OCTAVIA Combi (1U5) (1998\/07 &#8211; 2010\/12)<\/p>\n<p>SKODA FABIA (6Y2) (1999\/08 &#8211; 2008\/03)<\/p>\n<p>SKODA FABIA Combi (6Y5) (2000\/04 &#8211; 2007\/12)<\/p>\n<p>SKODA FABIA Saloon (6Y3) (1999\/10 &#8211; 2007\/12)<\/p>\n<p>VW GOLF IV (1J1) (1997\/08 &#8211; 2005\/06)<\/p>\n<p>VW GOLF IV Variant (1J5) (1999\/05 &#8211; 2006\/06)<\/p>\n<p>VW NEW BEETLE (9C1, 1C1) (1998\/01 &#8211; 2010\/09)<\/p>\n<p>VW BORA (1J2) (1998\/10 &#8211; 2005\/09)<\/p>\n<p>VW BORA Estate (1J6) (1999\/05 &#8211; 2005\/05)<\/p>\n<p>VW POLO (9N_) (2001\/10 &#8211; 2012\/01)<\/p>\n<p>VW NEW BEETLE Convertible (1Y7) (2002\/09 &#8211; 2010\/10)<\/p>\n<p>VW GOLF V (1K1) (2003\/10 &#8211; 2009\/02)<\/p>\n<p>VW POLO Saloon (9A4) (2002\/09 &#8211; \/)<\/p>\n<p>06A133062Q<br \/>\n0 280 750 061<br \/>\n06A 133 062 D<br \/>\n06A 133 062 Q<br \/>\n0280750061<br \/>\n06A133062D<\/p>\n<p>A\u015fa\u011f\u0131daki y\u0131llar ve modeller i\u00e7in yepyeni ba\u011flant\u0131:<br \/>\nAbd pazar\u0131<br \/>\n2001-2005 Volkswagen Beetle 2.0L 1984CC 121Cu. I\u00e7inde. l4 gaz SOHC AZG<br \/>\n2001-2005 Volkswagen Beetle 2.0L 1984CC 121Cu. I\u00e7inde. l4 gaz DOHC AZG<br \/>\n2001-2003 Volkswagen Golf 2.0L 1984CC 121Cu. I\u00e7inde. l4 gaz SOHC AZG<br \/>\n2001-2005 Volkswagen Jetta 2.0L 1984CC 121Cu. I\u00e7inde. l4 gaz SOHC AZG<\/p>\n<p>Ab pazar\u0131<br \/>\nKoltuk<br \/>\nCORDOBA (6L2) 2.0 AZL 1984cc 85kw salon 2002-2009<br \/>\nIBIZA IV (6L1) 2.0 AZL 1984cc 85kw Hatchback 2002-2009<\/p>\n<p>SKODA<br \/>\nFABIA (6Y2) 2.0 AQY 1984cc 85kw Hatchback 1999-2008<br \/>\nFABIA kombi (6Y5) 2.0 AZL 1984cc 85kw Estate 2000-2007<br \/>\nFABIA sedan (6Y3) 2.0 AZL 1984cc 85kw salon 1999-2007<br \/>\nOCTAVIA (1U2) 2.0 AQY 1984cc 85kw Hatchback 1999-2007<br \/>\nOCTAVIA kombi (1U5) 2.0 APK 1984cc 85kw Emlak 1999-2007<br \/>\nOCTAVIA kombi (1U5) 2.0 4&#215;4 AEG 1984cc 85kw Emlak 2000-2004<\/p>\n<p>VOLKSWAGEN<br \/>\nBEETLE (9C1, 1C1) 2.0 AQY 1984cc 85kw Hatchback 1998-2010<br \/>\nBEETLE cabrio (11) 2.0 AZJ 1984cc 85kw cabrio 2002-2010<br \/>\nBORA (1J2) 2.0 APK 1984cc 85kw salon 1998-2005<br \/>\nBORA (1J2) 2.0 4 hareket AZH 1984cc 85kw salon 2000-2005<br \/>\nBORA Estate (1J6) 2.0 AQY 1984cc 85kw Estate 1999-2005<br \/>\nBORA Estate (1J6) 2.0 4 hareket AZH 1984cc 85kw emlak 2000-2005<br \/>\nGOLF IV (1J1) 2.0 APK 1984cc 85kw Hatchback 1998-2004<br \/>\nGOLF IV (1J1) 2.0 4 hareket AZH 1984cc 85kw Hatchback 2000-2005<br \/>\nGOLF IV varyant (1J5) 2.0 APK 1984cc 85kw Estate 1999- 2006<br \/>\nGOLF IV varyant (1J5) 2.0 4 hareket AZH 1984cc 85kw Estate 2000-2006<br \/>\nGOLF IV varyant (1J5) 2.0 bi-yak\u0131t BEH 1984cc 85kw Estate 2002-2006<\/p>\n<p>Motor Kodu: AZL, BBX; BHP: 113; \u015easi No: -&gt; 6L..4..184 &#8230; daha fazla Oturma yeri \u0130biza 2008 | 2009 | 2006 | 2007 | 2004 | 2005 | 2002 | 2003 Benzinli Hatchback 2.0 FWD Mk III 6L1 1984cc 85KW 116HP AZL; BBX<br \/>\nMotor Kodu: AZL; BHP: 115; \u015easi No: -&gt; 6Y..4..095000 Skoda Fabia 2008 | 2006 | 2007 | 2004 | 2005 | 2002 | 2003 | 1999 | 2001 | 2000 Benzinli Hatchback 2.0 FWD I 6Y2 1984cc 85KW 116HP AZL<br \/>\nMotor Kodu: AZL; BHP: 115; \u015easi No: -&gt; 6Y..4..095000 Skoda Fabia 2006 | 2007 | 2004 | 2005 | 2002 | 2003 | 2001 | 2000 Petrol Emlak 2.0 FWD I 6Y5 1984cc 85KW 116HP AZL<br \/>\nMotor Kodu: AZJ; BHP: 115 Skoda Octavia 2006 | 2007 | 2004 | 2005 | 2002 | 2003 | 1999 | 2001 | 2000 Petrol Emlak 2.0 FWD I 1U5 1984cc 85KW 116HP AEG; APK; AQY; AZH; AZJ<br \/>\nMotor Kodu: AZJ; BHP: 115 Skoda Octavia 2006 | 2007 | 2004 | 2005 | 2002 | 2003 | 1999 | 2001 | 2000 Benzinli Hatchback 2.0 FWD I 1U2 1984cc 85KW 116HP AEG; APK; AQY; AZH; AZJ<br \/>\nMotor Kodu: AZH; BHP: 115 VW Bora 2004 | 2005 | 2002 | 2003 | 2001 | 2000 Petrol Salonu 2.0 4 hareket AWD &#8211; 1J2 1984cc 85KW 115HP AZH; AZJ<br \/>\nMotor Kodu: AZJ; BHP: 115 VW Golf 2006 | 2004 | 2005 | 2002 | 2003 | 1999 | 2001 | 2000 Petrol Emlak 2.0 FWD Mk IV 1J5 1984cc 85KW 115HP APK; AQY; AZJ<br \/>\nMotor Kodu: APK, AQY, AZG, AZJ; BHP: 115 VW Golf 1998 | 2004 | 2002 | 2003 | 1999 | 2001 | 2000 Benzinli Hatchback 2.0 FWD Mk IV 1J1 1984cc 85KW 115HP APK; AQY; AZG; AZJ; BER<br \/>\nMotor Kodu: AZJ; BHP: 115 VW Yeni b\u00f6cek 2008 | 2009 | 2006 | 2007 | 2004 | 2005 | 2002 | 2003 | 2010 Benzinli Cabrio 2.0 FWD &#8211; 1Y7 1984cc 85KW 115HP AZJ; BDC; BEV; BGD<br \/>\nMotor Kodu: AZJ; BHP: 115 VW Yeni b\u00f6cek 2008 | 2009 | 2006 | 1998 | 2007 | 2004 | 2005 | 2002 | 2003 | 2010 | 1999 | 2001 | 2000 Benzinli Hatchback 2.0 FWD &#8211; 1C1,9C1 1984cc 85KW 115HP AQY; AZJ; BER<\/p>\n","protected":false},"excerpt":{"rendered":"<p>BO\u011eAZ KELEBE\u011e\u0130 VW GOLF BEETLE JETTA 2,0 (AZH, AZJ, AZL ORJ \u00c7IKMA<\/p>\n","protected":false},"featured_media":6387,"comment_status":"open","ping_status":"closed","template":"","meta":{"_joinchat":[]},"product_cat":[15,24,19,20],"product_tag":[961,963,964,90,962,155],"class_list":{"0":"post-1341","1":"product","2":"type-product","3":"status-publish","4":"has-post-thumbnail","6":"product_cat-volkswagen","7":"product_cat-audi","8":"product_cat-seat","9":"product_cat-skoda","10":"product_tag-06a133062d-bogaz-kelebegi-vw-golf","11":"product_tag-azj","12":"product_tag-azl","13":"product_tag-bora","14":"product_tag-new-beetle-azh","15":"product_tag-polo","17":"first","18":"instock","19":"sale","20":"shipping-taxable","21":"purchasable","22":"product-type-simple"},"_links":{"self":[{"href":"https:\/\/dogan-otomotiv.com\/index.php\/wp-json\/wp\/v2\/product\/1341","targetHints":{"allow":["GET"]}}],"collection":[{"href":"https:\/\/dogan-otomotiv.com\/index.php\/wp-json\/wp\/v2\/product"}],"about":[{"href":"https:\/\/dogan-otomotiv.com\/index.php\/wp-json\/wp\/v2\/types\/product"}],"replies":[{"embeddable":true,"href":"https:\/\/dogan-otomotiv.com\/index.php\/wp-json\/wp\/v2\/comments?post=1341"}],"wp:featuredmedia":[{"embeddable":true,"href":"https:\/\/dogan-otomotiv.com\/index.php\/wp-json\/wp\/v2\/media\/6387"}],"wp:attachment":[{"href":"https:\/\/dogan-otomotiv.com\/index.php\/wp-json\/wp\/v2\/media?parent=1341"}],"wp:term":[{"taxonomy":"product_cat","embeddable":true,"href":"https:\/\/dogan-otomotiv.com\/index.php\/wp-json\/wp\/v2\/product_cat?post=1341"},{"taxonomy":"product_tag","embeddable":true,"href":"https:\/\/dogan-otomotiv.com\/index.php\/wp-json\/wp\/v2\/product_tag?post=1341"}],"curies":[{"name":"wp","href":"https:\/\/api.w.org\/{rel}","templated":true}]}}