{"id":12205,"date":"2023-03-03T11:05:55","date_gmt":"2023-03-03T11:05:55","guid":{"rendered":"https:\/\/dogan-otomotiv.com\/?post_type=product&#038;p=12205"},"modified":"2025-06-15T08:02:17","modified_gmt":"2025-06-15T08:02:17","slug":"5q0513353j-amortisor-yatagi-vw-oem-yeni","status":"publish","type":"product","link":"https:\/\/dogan-otomotiv.com\/index.php\/urun\/5q0513353j-amortisor-yatagi-vw-oem-yeni\/","title":{"rendered":"5Q0513353J AMORT\u0130S\u00d6R YATA\u011eI ARKA VW GOLF 7 OEM YEN\u0130"},"content":{"rendered":"<p>DO\u011eAN OTOMOT\u0130V YEDEK PAR\u00c7A LTD \u015eT\u0130<\/p>\n<p>\u0130VED\u0130K ORGAN\u0130ZE SAN 1471 SOKAK 91-A<\/p>\n<p>OST\u0130M ANKARA<\/p>\n<p>0533 322 16 09 MUSTAFA SAVA\u015e\u00c7I<\/p>\n<p>0 (312) 395 20 95<\/p>\n<p>ONL\u0130NE SATI\u015eIMIZ YOKTUR<\/p>\n<p>NOT 5 G\u00dcN \u0130\u00c7ER\u0130S\u0130NDE \u0130ADES\u0130 OLMAYAN MALZEME GER\u0130 ALINMAZ<\/p>\n<p>Paket i\u00e7eri\u011fi: 1 Adet SATI\u015e F\u0130YATI KDV DAH\u0130L pe\u015fin fiyat\u0131d\u0131r SAAT 18:00<\/p>\n<p>KADAR VER\u0130LEN \u015e\u0130PAR\u0130\u015e AYNI G\u00dcN KARGO \u0130LE G\u00d6NDER\u0130M\u0130 YAPILIR.<\/p>\n<p>KARGO \u0130ADES\u0130 DURUMUNDA . KARGO \u00dcCRET\u0130 M\u00dc\u015eTER\u0130YE A\u0130TT\u0130R.<\/p>\n<p>AYRICA KARGODA KIRILAN PAR\u00c7ALARDAN SORUMLU DE\u011e\u0130L\u0130Z<\/p>\n","protected":false},"excerpt":{"rendered":"<p>5Q0513353J AMORT\u0130S\u00d6R YATA\u011eI VW GOLF 7 OEM YEN\u0130<br \/>\nOE 5Q0 513 353 G \u2014 VW \/ AUDI \/ SKODA \/ SEAT<br \/>\nOE 5Q0 513 353 E \u2014 VW \/ AUDI \/ SKODA \/ SEAT \/ CUPRA<br \/>\nOE 5Q0 513 353 J \u2014 VW \/ SKODA<\/p>\n<p>AUDI<br \/>\nKUPRA<br \/>\nKOLTUK<br \/>\nSKODA<br \/>\nVW<br \/>\nVW Golf VII Hatchback (5G1, BQ1, BE1, BE2) (Yap\u0131m Y\u0131l\u0131 08.2012 &#8211; &#8230;, 86 &#8211; 310 PS, Dizel, Elektrik, Benzin, Benzin\/Elektro, Benzin\/Etanol, Petrol\/Do\u011fal Gaz (CNG))<br \/>\n1.0 TSI, Yap\u0131m Y\u0131l\u0131 01.2017 &#8211; &#8230;, 999 ccm, 86 PS<br \/>\n1.0 TSI, Yap\u0131m Y\u0131l\u0131 11.2016 &#8211; &#8230;, 999 ccm, 110 PS<br \/>\n1.0 TSI, Yap\u0131m Y\u0131l\u0131 05.2015 &#8211; &#8230;, 999 ccm, 115 PS<br \/>\n1.2 TSI, Yap\u0131m Y\u0131l\u0131 08.2012 &#8211; &#8230;, 1197 ccm, 86 PS<br \/>\n1.2 TSI, Yap\u0131m Y\u0131l\u0131 11.2012 &#8211; &#8230;, 1197 ccm, 105 PS<br \/>\n1.2 TSI, Yap\u0131m Y\u0131l\u0131 04.2014 &#8211; &#8230;, 1197 ccm, 110 PS<br \/>\n1.4 GTE Hybrid, Yap\u0131m Y\u0131l\u0131 05.2014 &#8211; &#8230;, 1395 ccm, 150 PS<br \/>\n1.4 TGI CNG, Yap\u0131m Y\u0131l\u0131 06.2013 &#8211; &#8230;, 1395 ccm, 110 PS<br \/>\n1.4 TSI, Yap\u0131m Y\u0131l\u0131 11.2012 &#8211; &#8230;, 1395 ccm, 122 PS<br \/>\n1.4 TSI, Yap\u0131m Y\u0131l\u0131 05.2014 &#8211; &#8230;, 1395 ccm, 125 PS<br \/>\n1.4 TSI, Yap\u0131m Y\u0131l\u0131 08.2012 &#8211; &#8230;, 1395 ccm, 140 PS<br \/>\n1.4 TSI, Yap\u0131m Y\u0131l\u0131 05.2014 &#8211; &#8230;, 1395 ccm, 150 PS<br \/>\n1.4 TSI MultiFuel, Yap\u0131m Y\u0131l\u0131 04.2013 &#8211; &#8230;, 1395 ccm, 122 PS<br \/>\n1.4 TSI MultiFuel, Yap\u0131m Y\u0131l\u0131 12.2013 &#8211; &#8230;, 1395 ccm, 125 PS<br \/>\n1.5 TSI, Yap\u0131m Y\u0131l\u0131 07.2017 &#8211; &#8230;, 1498 ccm, 130 PS<br \/>\n1.5 TSI, Yap\u0131m Y\u0131l\u0131 04.2017 &#8211; &#8230;, 1498 ccm, 150 PS<br \/>\n1.6, Yap\u0131m Y\u0131l\u0131 05.2014 &#8211; &#8230;, 1598 ccm, 110 PS<br \/>\n1.6 TDI, Yap\u0131m Y\u0131l\u0131 04.2013 &#8211; &#8230;, 1598 ccm, 90 PS<br \/>\n1.6 TDI, Yap\u0131m Y\u0131l\u0131 08.2012 &#8211; &#8230;, 1598 ccm, 105 PS<br \/>\n1.6 TDI, Yap\u0131m Y\u0131l\u0131 01.2013 &#8211; &#8230;, 1598 ccm, 110 PS<br \/>\n1.6 TDI, Yap\u0131m Y\u0131l\u0131 11.2016 &#8211; &#8230;, 1598 ccm, 115 PS<br \/>\n1.6 TDI 4motion, Yap\u0131m Y\u0131l\u0131 11.2012 &#8211; &#8230;, 1598 ccm, 105 PS<br \/>\n1.6 TDI 4motion, Yap\u0131m Y\u0131l\u0131 01.2013 &#8211; &#8230;, 1598 ccm, 110 PS<br \/>\n2.0 GTD, Yap\u0131m Y\u0131l\u0131 04.2013 &#8211; &#8230;, 1968 ccm, 184 PS<br \/>\n2.0 GTI, Yap\u0131m Y\u0131l\u0131 11.2013 &#8211; &#8230;, 1984 ccm, 210 PS<br \/>\n2.0 GTI, Yap\u0131m Y\u0131l\u0131 04.2013 &#8211; &#8230;, 1984 ccm, 220 PS<br \/>\n2.0 GTI, Yap\u0131m Y\u0131l\u0131 04.2013 &#8211; &#8230;, 1984 ccm, 230 PS<br \/>\n2.0 GTI, Yap\u0131m Y\u0131l\u0131 03.2017 &#8211; &#8230;, 1984 ccm, 245 PS<br \/>\n2.0 GTI Clubsport, Yap\u0131m Y\u0131l\u0131 02.2016 &#8211; &#8230;, 1984 ccm, 265 PS<br \/>\n2.0 GTI Clubsport S, Yap\u0131m Y\u0131l\u0131 09.2016 &#8211; &#8230;, 1984 ccm, 310 PS<br \/>\n2.0 R 4motion, Yap\u0131m Y\u0131l\u0131 11.2013 &#8211; &#8230;, 1984 ccm, 280 PS<br \/>\n2.0 R 4motion, Yap\u0131m Y\u0131l\u0131 12.2016 &#8211; &#8230;, 1984 ccm, 290 PS<br \/>\n2.0 R 4motion, Yap\u0131m Y\u0131l\u0131 11.2014 &#8211; &#8230;, 1984 ccm, 292 PS<br \/>\n2.0 R 4motion, Yap\u0131m Y\u0131l\u0131 11.2013 &#8211; &#8230;, 1984 ccm, 300 PS<br \/>\n2.0 R 4motion, Yap\u0131m Y\u0131l\u0131 12.2016 &#8211; &#8230;, 1984 ccm, 310 PS<br \/>\n2.0 TDI, Yap\u0131m Y\u0131l\u0131 11.2012 &#8211; &#8230;, 1968 ccm, 110 PS<br \/>\n2.0 TDI, Yap\u0131m Y\u0131l\u0131 08.2012 &#8211; &#8230;, 1968 ccm, 143 PS<br \/>\n2.0 TDI, Yap\u0131m Y\u0131l\u0131 11.2012 &#8211; &#8230;, 1968 ccm, 150 PS<br \/>\n2.0 TDI 4motion, Yap\u0131m Y\u0131l\u0131 11.2012 &#8211; &#8230;, 1968 ccm, 150 PS<br \/>\ne-Golf, Yap\u0131m Y\u0131l\u0131 03.2014 &#8211; 02.2017, ccm, 115 PS<br \/>\ne-Golf, Yap\u0131m Y\u0131l\u0131 12.2016 &#8211; &#8230;, ccm, 136 PS<br \/>\nVW Golf VII Varyant\u0131 (BA5, BV5) (Yap\u0131m Y\u0131l\u0131 04.2013 &#8211; &#8230;, 86 &#8211; 310 PS, Dizel, Benzin, Petrol\/Etanol, Petrol\/Do\u011falgaz (CNG))<br \/>\nVW Golf Sportsvan (AM1, AN1) (Yap\u0131m Y\u0131l\u0131 02.2014 &#8211; &#8230;, 86 &#8211; 150 PS, Dizel, Benzin, Benzin\/Etanol)<br \/>\nVW Passat B8 Sedan (3G2, CB2) (Yap\u0131m Y\u0131l\u0131 08.2014 &#8211; &#8230;, 110 &#8211; 280 PS, Dizel, Benzin, Benzin\/Elektro)<br \/>\nVW Passat B8 Varyant (3G5, CB5) (Yap\u0131m Y\u0131l\u0131 08.2014 &#8211; &#8230;, 120 &#8211; 280 PS, Dizel, Benzin, Benzin\/Elektro)<br \/>\nVW Touran II (5T1) (Yap\u0131m Y\u0131l\u0131 05.2015 &#8211; &#8230;, 110 &#8211; 190 PS, Dizel, Benzin)<br \/>\nVW Passat B8 Alltrack (3G5, CB5) (Yap\u0131m Y\u0131l\u0131 05.2015 &#8211; &#8230;, 150 &#8211; 272 PS, Dizel, Benzin)<br \/>\nVW Tiguan II (AD1) (Yap\u0131m Y\u0131l\u0131 01.2016 &#8211; &#8230;, 110 &#8211; 240 PS, Dizel, Benzin)<br \/>\nVW Arteon (3H7) (Yap\u0131m Y\u0131l\u0131 04.2017 &#8211; &#8230;, 150 &#8211; 280 PS, Dizel, Benzin)<br \/>\nVW Tiguan Allspace (BW2) (Yap\u0131m Y\u0131l\u0131 03.2017 &#8211; &#8230;, 150 &#8211; 240 PS, Dizel, Benzin, Benzin\/Etanol)<br \/>\nVW Polo VI (AW1, BZ1) (Yap\u0131m Y\u0131l\u0131 06.2017 &#8211; &#8230;, 65 &#8211; 200 PS, Dizel, Benzin, Petrol\/Do\u011fal Gaz (CNG))<br \/>\nVW T-Roc (A11) (Yap\u0131m Y\u0131l\u0131 07.2017 &#8211; &#8230;, 115 &#8211; 190 BG, Dizel, Benzin)<br \/>\nVW Golf VIII Hatchback (CD1) (Yap\u0131m Y\u0131l\u0131 07.2019 &#8211; &#8230;, 90 &#8211; 150 PS, Dizel, Benzin, Benzin\/Elektrikli)<br \/>\nVW T-Roc Cabrio (AC7) (Yap\u0131m Y\u0131l\u0131 12.2019 &#8211; &#8230;, 116 &#8211; 150 PS, Benzinli)<\/p>\n","protected":false},"featured_media":16665,"comment_status":"open","ping_status":"closed","template":"","meta":{"_joinchat":[]},"product_cat":[15],"product_tag":[8878,8886],"class_list":{"0":"post-12205","1":"product","2":"type-product","3":"status-publish","4":"has-post-thumbnail","6":"product_cat-volkswagen","7":"product_tag-5q0513353j","8":"product_tag-5q0513353j-amortisor-yatagi-vw-golf-7-oem-yeni","10":"first","11":"instock","12":"sale","13":"shipping-taxable","14":"purchasable","15":"product-type-simple"},"_links":{"self":[{"href":"https:\/\/dogan-otomotiv.com\/index.php\/wp-json\/wp\/v2\/product\/12205","targetHints":{"allow":["GET"]}}],"collection":[{"href":"https:\/\/dogan-otomotiv.com\/index.php\/wp-json\/wp\/v2\/product"}],"about":[{"href":"https:\/\/dogan-otomotiv.com\/index.php\/wp-json\/wp\/v2\/types\/product"}],"replies":[{"embeddable":true,"href":"https:\/\/dogan-otomotiv.com\/index.php\/wp-json\/wp\/v2\/comments?post=12205"}],"wp:featuredmedia":[{"embeddable":true,"href":"https:\/\/dogan-otomotiv.com\/index.php\/wp-json\/wp\/v2\/media\/16665"}],"wp:attachment":[{"href":"https:\/\/dogan-otomotiv.com\/index.php\/wp-json\/wp\/v2\/media?parent=12205"}],"wp:term":[{"taxonomy":"product_cat","embeddable":true,"href":"https:\/\/dogan-otomotiv.com\/index.php\/wp-json\/wp\/v2\/product_cat?post=12205"},{"taxonomy":"product_tag","embeddable":true,"href":"https:\/\/dogan-otomotiv.com\/index.php\/wp-json\/wp\/v2\/product_tag?post=12205"}],"curies":[{"name":"wp","href":"https:\/\/api.w.org\/{rel}","templated":true}]}}