{"id":12161,"date":"2023-03-02T06:56:06","date_gmt":"2023-03-02T06:56:06","guid":{"rendered":"https:\/\/dogan-otomotiv.com\/?post_type=product&#038;p=12161"},"modified":"2023-03-03T07:50:34","modified_gmt":"2023-03-03T07:50:34","slug":"1j0810773d-depo-kilit-motoru-touareg-golf-iv-2000-oem-yeni","status":"publish","type":"product","link":"https:\/\/dogan-otomotiv.com\/index.php\/urun\/1j0810773d-depo-kilit-motoru-touareg-golf-iv-2000-oem-yeni\/","title":{"rendered":"1J0810773D DEPO K\u0130L\u0130T MOTORU Touareg GOLF IV 2000 OEM YEN\u0130"},"content":{"rendered":"<p>DO\u011eAN OTOMOT\u0130V YEDEK PAR\u00c7A<br \/>\nLTD \u015eT\u0130 \u0130VED\u0130K ORGAN\u0130ZE SAN 1471 SOKAK 91-A OST\u0130M ANKARA<br \/>\nSEM\u0130H SAVA\u015e\u00c7I (312) 395 20 95<br \/>\n0533 322 16 09<br \/>\nMUSTAFA SAVA\u015e\u00c7I<br \/>\n0 (312) 395 20 95<br \/>\nIBAN NO: TR 54 0011 1000 0000 0098 3516 19<br \/>\nF\u0130NANSBANK ENPARA<br \/>\n\u015eUBE KODU: 03663<br \/>\nHESAP NO: 98351619<\/p>\n<p>ONL\u0130NE SATI\u015eIMIZ YOKTUR<\/p>\n<p>NOT 5 G\u00dcN \u0130\u00c7ER\u0130S\u0130NDE \u0130YADES\u0130 OLMAYAN MAZEME GER\u0130 ALINMAZ<br \/>\nPaket i\u00e7eri\u011fi: 1 Adet<br \/>\nSATI\u015e F\u0130YATI KDV DAH\u0130L pe\u015fin fiyat\u0131d\u0131r<br \/>\nSAAT 18:00 KADAR VER\u0130LEN \u015e\u0130PAR\u0130\u015e AYNI G\u00dcN KARGO \u0130LE G\u00d6NDER\u0130M\u0130 YAPILIR.<br \/>\nKARGO \u0130ADES\u0130 DURUMUNDA .<br \/>\nKARGO \u00dcCRET\u0130 M\u00dc\u015eTER\u0130YE A\u0130TT\u0130R. AYRICA KARGODA KIRILAN PAR\u00c7ALARDAN SORUMLU DEY\u0130L\u0130Z<\/p>\n<pre>27\/11\/2014 tarih ve 29188 say\u0131l\u0131 resmi gazetede yay\u0131mlanan mesafeli sat\u0131\u015flar y\u00f6netmeli\u011finin 15. maddesinde cayma hakk\u0131n\u0131n istisnalar\u0131 belirtilmi\u015ftir. \u0130lgili maddenin a bendinde \"fiyat\u0131 finansal piyasalardaki dalgalanmalara ba\u011fl\u0131 olarak de\u011fi\u015fen ve sat\u0131c\u0131 veya sa\u011flay\u0131c\u0131n\u0131n kontrol\u00fcnde olmayan mal veya hizmetlere ili\u015fkin s\u00f6zle\u015fmeler\" cayma hakk\u0131ndan istisna edilmi\u015ftir. \u00dcr\u00fcnlerimiz ithal \u00fcr\u00fcnler olup fiyatlar\u0131 g\u00fcnl\u00fck usd kurlar\u0131 kullan\u0131larak tl kar\u015f\u0131l\u0131\u011f\u0131na \u00e7evrilmesiyle hesaplanmaktad\u0131r. Fiyatlar kurdaki de\u011fi\u015fmeler ba\u011fl\u0131 olarak g\u00fcnl\u00fck olarak de\u011fi\u015fmektedir. Bu nedenle y\u00f6netmeli\u011fin 15. Md\/a bendi gere\u011fi cayma hakk\u0131ndan m\u00fcstesnad\u0131r. M\u00fc\u015fterilerimiz sipari\u015f \u00f6ncesinde bu konu hakk\u0131nda \u00f6n bilgilendirme yap\u0131ld\u0131\u011f\u0131n\u0131 kabul eder.<\/pre>\n","protected":false},"excerpt":{"rendered":"<p>OE 1J0810773D \u2014 VW<br \/>\nOE 1J0810773B \u2014 VW<br \/>\nOE 1J0810773 \u2014 VW<br \/>\nOE 1J0810773A \u2014 VW<br \/>\nOE 1J0810773C \u2014 VW<\/p>\n<pre>VW Golf IV Varyant\u0131 (1J5) (Yap\u0131m Y\u0131l\u0131 05.1999 - 06.2006, 68 - 204 PS, Dizel, Benzin, Petrol\/Do\u011fal Gaz (CNG))\r\nVW Bora Sedan (1J2) (Yap\u0131m Y\u0131l\u0131 10.1998 - 05.2005, 68 - 204 PS, Dizel, Benzin)\r\nVW Bora Varyant\u0131 (1J6) (Yap\u0131m Y\u0131l\u0131 05.1999 - 05.2005, 75 - 204 PS, Dizel, Benzin)\r\nVW Touareg I (7LA, 7L6, 7L7) (Yap\u0131m Y\u0131l\u0131 10.2002 - 05.2010, 163 - 450 PS, Dizel, Benzin)\r\n2.5 R5 TDI, Yap\u0131m Y\u0131l\u0131 08.2003 - 05.2010, 2461 ccm, 163 PS\r\n2.5 R5 TDI, Yap\u0131m Y\u0131l\u0131 01.2003 - 05.2010, 2461 ccm, 174 PS\r\n3.0 TDI, Yap\u0131m Y\u0131l\u0131 04.2006 - 05.2010, 2967 ccm, 211 PS\r\n3.0 V6 TDI, Yap\u0131m Y\u0131l\u0131 11.2004 - 05.2010, 2967 ccm, 225 PS\r\n3.0 V6 TDI, Yap\u0131m Y\u0131l\u0131 11.2007 - 05.2010, 2967 ccm, 240 PS\r\n3.2 V6, Yap\u0131m Y\u0131l\u0131 10.2002 - 11.2006, 3189 ccm, 220 PS\r\n3.2 V6, Yap\u0131m Y\u0131l\u0131 11.2004 - 11.2006, 3189 ccm, 241 PS\r\n3.6 V6 FSI, Yap\u0131m Y\u0131l\u0131 10.2005 - 05.2010, 3597 ccm, 280 PS\r\n4.2 V8, Yap\u0131m Y\u0131l\u0131 12.2002 - 11.2006, 4172 ccm, 310 PS\r\n4.2 V8 FSI, Yap\u0131m Y\u0131l\u0131 06.2006 - 05.2010, 4163 ccm, 350 PS\r\n5.0 R50 TDI, Yap\u0131m Y\u0131l\u0131 08.2007 - 05.2010, 4921 ccm, 350 PS\r\n5.0 V10 TDI, Yap\u0131m Y\u0131l\u0131 10.2002 - 05.2010, 4921 ccm, 313 PS\r\n6.0 W12, Yap\u0131m Y\u0131l\u0131 08.2004 - 05.2010, 5998 ccm, 450 PS<\/pre>\n","protected":false},"featured_media":12162,"comment_status":"open","ping_status":"closed","template":"","meta":{"_joinchat":[]},"product_cat":[15],"product_tag":[8857],"class_list":{"0":"post-12161","1":"product","2":"type-product","3":"status-publish","4":"has-post-thumbnail","6":"product_cat-volkswagen","7":"product_tag-1j0810773d-depo-kilit-motoru-touareg-golf-iv-2000-oem-yeni","9":"first","10":"instock","11":"sale","12":"shipping-taxable","13":"purchasable","14":"product-type-simple"},"_links":{"self":[{"href":"https:\/\/dogan-otomotiv.com\/index.php\/wp-json\/wp\/v2\/product\/12161","targetHints":{"allow":["GET"]}}],"collection":[{"href":"https:\/\/dogan-otomotiv.com\/index.php\/wp-json\/wp\/v2\/product"}],"about":[{"href":"https:\/\/dogan-otomotiv.com\/index.php\/wp-json\/wp\/v2\/types\/product"}],"replies":[{"embeddable":true,"href":"https:\/\/dogan-otomotiv.com\/index.php\/wp-json\/wp\/v2\/comments?post=12161"}],"wp:featuredmedia":[{"embeddable":true,"href":"https:\/\/dogan-otomotiv.com\/index.php\/wp-json\/wp\/v2\/media\/12162"}],"wp:attachment":[{"href":"https:\/\/dogan-otomotiv.com\/index.php\/wp-json\/wp\/v2\/media?parent=12161"}],"wp:term":[{"taxonomy":"product_cat","embeddable":true,"href":"https:\/\/dogan-otomotiv.com\/index.php\/wp-json\/wp\/v2\/product_cat?post=12161"},{"taxonomy":"product_tag","embeddable":true,"href":"https:\/\/dogan-otomotiv.com\/index.php\/wp-json\/wp\/v2\/product_tag?post=12161"}],"curies":[{"name":"wp","href":"https:\/\/api.w.org\/{rel}","templated":true}]}}