{"id":11818,"date":"2022-12-29T08:41:52","date_gmt":"2022-12-29T08:41:52","guid":{"rendered":"https:\/\/dogan-otomotiv.com\/?post_type=product&#038;p=11818"},"modified":"2024-03-20T08:47:52","modified_gmt":"2024-03-20T08:47:52","slug":"1m0880201-eirbek-seat-leon-cupra-r-225-mk1-2001-2006-orj-cikma","status":"publish","type":"product","link":"https:\/\/dogan-otomotiv.com\/index.php\/urun\/1m0880201-eirbek-seat-leon-cupra-r-225-mk1-2001-2006-orj-cikma\/","title":{"rendered":"1M0880201 E\u0130RBEK Seat Leon Cupra R 225 mk1 2001-2006 ORJ \u00c7IKMA"},"content":{"rendered":"","protected":false},"excerpt":{"rendered":"<p>1M0880201 E\u0130RBEK Seat Leon Cupra R 225 mk1 2001-2006 ORJ \u00c7IKMA<\/p>\n","protected":false},"featured_media":11819,"comment_status":"open","ping_status":"closed","template":"","meta":{"_joinchat":[]},"product_cat":[19],"product_tag":[8459,8458],"class_list":{"0":"post-11818","1":"product","2":"type-product","3":"status-publish","4":"has-post-thumbnail","6":"product_cat-seat","7":"product_tag-1m0880201","8":"product_tag-1m0880201-eirbek-seat-leon-cupra-r-225-mk1-2001-2006-orj-cikma","10":"first","11":"instock","12":"sale","13":"shipping-taxable","14":"purchasable","15":"product-type-simple"},"_links":{"self":[{"href":"https:\/\/dogan-otomotiv.com\/index.php\/wp-json\/wp\/v2\/product\/11818","targetHints":{"allow":["GET"]}}],"collection":[{"href":"https:\/\/dogan-otomotiv.com\/index.php\/wp-json\/wp\/v2\/product"}],"about":[{"href":"https:\/\/dogan-otomotiv.com\/index.php\/wp-json\/wp\/v2\/types\/product"}],"replies":[{"embeddable":true,"href":"https:\/\/dogan-otomotiv.com\/index.php\/wp-json\/wp\/v2\/comments?post=11818"}],"wp:featuredmedia":[{"embeddable":true,"href":"https:\/\/dogan-otomotiv.com\/index.php\/wp-json\/wp\/v2\/media\/11819"}],"wp:attachment":[{"href":"https:\/\/dogan-otomotiv.com\/index.php\/wp-json\/wp\/v2\/media?parent=11818"}],"wp:term":[{"taxonomy":"product_cat","embeddable":true,"href":"https:\/\/dogan-otomotiv.com\/index.php\/wp-json\/wp\/v2\/product_cat?post=11818"},{"taxonomy":"product_tag","embeddable":true,"href":"https:\/\/dogan-otomotiv.com\/index.php\/wp-json\/wp\/v2\/product_tag?post=11818"}],"curies":[{"name":"wp","href":"https:\/\/api.w.org\/{rel}","templated":true}]}}