{"id":11618,"date":"2022-10-28T07:53:48","date_gmt":"2022-10-28T07:53:48","guid":{"rendered":"https:\/\/dogan-otomotiv.com\/?post_type=product&#038;p=11618"},"modified":"2024-12-10T10:59:52","modified_gmt":"2024-12-10T10:59:52","slug":"038103603ag-yag-karteri-20-19-tdi-vw-caddy-audi-seat-2006-orj","status":"publish","type":"product","link":"https:\/\/dogan-otomotiv.com\/index.php\/urun\/038103603ag-yag-karteri-20-19-tdi-vw-caddy-audi-seat-2006-orj\/","title":{"rendered":"038103603AG YA\u011e KARTER\u0130 2,0-1,9-TD\u0130 VW caddy AUD\u0130 SEAT 2006 ORJ \u00e7\u0131kma"},"content":{"rendered":"<p>DO\u011eAN OTOMOT\u0130V YEDEK PAR\u00c7A<\/p>\n<p>LTD \u015eT\u0130 \u0130VED\u0130K ORGAN\u0130ZE SAN 1471 SOKAK 91-A OST\u0130M ANKARA<br \/>\nSEM\u0130H SAVA\u015e\u00c7I (312) 395 20 95<br \/>\n0533 322 16 09<\/p>\n<p>MUSTAFA SAVA\u015e\u00c7I<br \/>\n0 (312) 395 20 95<br \/>\nIBAN NO: TR 54 0011 1000 0000 0098 3516 19<br \/>\nF\u0130NANSBANK ENPARA<br \/>\n\u015eUBE KODU: 03663<br \/>\nHESAP NO: 98351619<\/p>\n<p>Paket i\u00e7eri\u011fi: 1 Adet<br \/>\nSATI\u015e F\u0130YATI KDV DAH\u0130L pe\u015fin fiyat\u0131d\u0131r<\/p>\n<p>SAAT 18:00 KADAR VER\u0130LEN \u015e\u0130PAR\u0130\u015e AYNI G\u00dcN KARGO \u0130LE G\u00d6NDER\u0130M\u0130 YAPILIR.<br \/>\nKARGO \u0130ADES\u0130 DURUMUNDA .<br \/>\nKARGO \u00dcCRET\u0130 M\u00dc\u015eTER\u0130YE A\u0130TT\u0130R. AYRICA KARGODA KIRILAN PAR\u00c7ALARDAN SORUMLU DEY\u0130L\u0130Z<\/p>\n<p>DENEME YANILMA Y\u00d6NTEM\u0130NE PAR\u00c7A G\u00d6NDERM\u0130YORUZ.<\/p>\n<p>F\u0130YATLARIMIZ SEMBOL\u0130KT\u0130R<\/p>\n<p>AYRICA G\u00dcN \u0130\u00c7ER\u0130S\u0130NDE OTOB\u00dcS \u0130LE KARGO VER\u0130L\u0130R<\/p>\n<p>KAPIDA \u00d6DEMEL\u0130&amp;\u0130NTERNET \u00dcZER\u0130NDEN ONL\u0130NE SATI\u015eIMIZ YOKTUR<\/p>\n<p>NOT 5 G\u00dcN \u0130\u00c7ER\u0130S\u0130NDE \u0130YADES\u0130 OLMAYAN MAZEME GER\u0130 ALINMAZ<\/p>\n<p>Cayma Hakk\u0131 Kullan\u0131m\u0131 ve \u0130ade \u015eartlar\u0131, 6502 Say\u0131l\u0131 T\u00fcketicinin Korunmas\u0131 Hakk\u0131nda Kanun ve Mesafeli S\u00f6zle\u015fmeler Y\u00f6netmeli\u011fi h\u00fck\u00fcmlerine tabidir.<\/p>\n<p>27\/11\/2014 tarih ve 29188 say\u0131l\u0131 resmi gazetede yay\u0131mlanan mesafeli sat\u0131\u015flar y\u00f6netmeli\u011finin 15. maddesinde cayma hakk\u0131n\u0131n istisnalar\u0131 belirtilmi\u015ftir. \u0130lgili maddenin a bendinde &#8220;fiyat\u0131 finansal piyasalardaki dalgalanmalara ba\u011fl\u0131 olarak de\u011fi\u015fen ve sat\u0131c\u0131 veya sa\u011flay\u0131c\u0131n\u0131n kontrol\u00fcnde olmayan mal veya hizmetlere ili\u015fkin s\u00f6zle\u015fmeler&#8221; cayma hakk\u0131ndan istisna edilmi\u015ftir. \u00dcr\u00fcnlerimiz ithal \u00fcr\u00fcnler olup fiyatlar\u0131 g\u00fcnl\u00fck usd kurlar\u0131 kullan\u0131larak tl kar\u015f\u0131l\u0131\u011f\u0131na \u00e7evrilmesiyle hesaplanmaktad\u0131r. Fiyatlar kurdaki de\u011fi\u015fmeler ba\u011fl\u0131 olarak g\u00fcnl\u00fck olarak de\u011fi\u015fmektedir. Bu nedenle y\u00f6netmeli\u011fin 15. Md\/a bendi gere\u011fi cayma hakk\u0131ndan m\u00fcstesnad\u0131r. M\u00fc\u015fterilerimiz sipari\u015f \u00f6ncesinde bu konu hakk\u0131nda \u00f6n bilgilendirme yap\u0131ld\u0131\u011f\u0131n\u0131 kabul eder.<\/p>\n","protected":false},"excerpt":{"rendered":"<p>038103603AG YA\u011e KARTER\u0130 2,0-1,9-TD\u0130 VW caddy AUD\u0130 SEAT 2006 ORJ<br \/>\nYa\u011f karteri Audi Seat Skoda VW 1.9 2.0 TDI AZV BKC BKD BXE BJB BRU BXF 038103603AG<\/p>\n<p>VW Touran I (1T1, 1T2) (Yap\u0131m Y\u0131l\u0131 02.2003 &#8211; 05.2010, 90 &#8211; 140 PS, Dizel)<br \/>\nVW Golf V Hatchback (1K1) (Yap\u0131m Y\u0131l\u0131 10.2003 &#8211; 11.2008, 75 &#8211; 140 PS, Dizel)<br \/>\nVW Caddy III Van (2KA, 2KH, 2CA, 2CH) (Yap\u0131m Y\u0131l\u0131 03.2004 &#8211; 08.2010, 70 &#8211; 105 PS, Dizel)<br \/>\nVW Caddy III Estate (2KB, 2KJ, 2CB, 2CJ) (Yap\u0131m Y\u0131l\u0131 03.2004 &#8211; 08.2010, 70 &#8211; 105 PS, Dizel)<br \/>\n1.9 TDI, Yap\u0131m Y\u0131l\u0131 04.2004 &#8211; 08.2010, 1896 ccm, 105 PS<br \/>\n2.0 SDI, Yap\u0131m Y\u0131l\u0131 03.2004 &#8211; 08.2010, 1968 ccm, 70 PS<br \/>\n1.9 TDI, Yap\u0131m Y\u0131l\u0131 04.2004 &#8211; 08.2010, 1896 ccm, 105 PS<br \/>\n2.0 SDI, Yap\u0131m Y\u0131l\u0131 03.2004 &#8211; 08.2010, 1968 ccm, 70 PS<br \/>\nVW Golf Plus \/ Crossgolf (5M1, 521) (Yap\u0131m Y\u0131l\u0131 01.2005 &#8211; 12.2013, 90 &#8211; 140 PS, Dizel)<br \/>\nVW Passat B6 Sedan (3C2) (Yap\u0131m Y\u0131l\u0131 03.2005 &#8211; 11.2008, 105 PS, Dizel)<br \/>\nVW Jetta Mk5 (1K) (Yap\u0131m Y\u0131l\u0131 08.2005 &#8211; 10.2010, 105 &#8211; 140 PS, Dizel)<br \/>\nVW Passat B6 Varyant\u0131 (3C5) (Yap\u0131m Y\u0131l\u0131 08.2005 &#8211; 11.2008, 105 PS, Dizel)<br \/>\nVW Golf V Varyant\u0131 (1K5) (Yap\u0131m Y\u0131l\u0131 06.2007 &#8211; 07.2009, 105 &#8211; 140 PS, Dizel)<\/p>\n","protected":false},"featured_media":16020,"comment_status":"open","ping_status":"closed","template":"","meta":{"_joinchat":[]},"product_cat":[15,24,19,20],"product_tag":[8219,8218,8220],"class_list":{"0":"post-11618","1":"product","2":"type-product","3":"status-publish","4":"has-post-thumbnail","6":"product_cat-volkswagen","7":"product_cat-audi","8":"product_cat-seat","9":"product_cat-skoda","10":"product_tag-0-1","11":"product_tag-038103603ag-yag-karteri-2","12":"product_tag-9-tdi-vw-caddy-audi-seat-2006-orj","14":"first","15":"instock","16":"sale","17":"shipping-taxable","18":"purchasable","19":"product-type-simple"},"_links":{"self":[{"href":"https:\/\/dogan-otomotiv.com\/index.php\/wp-json\/wp\/v2\/product\/11618","targetHints":{"allow":["GET"]}}],"collection":[{"href":"https:\/\/dogan-otomotiv.com\/index.php\/wp-json\/wp\/v2\/product"}],"about":[{"href":"https:\/\/dogan-otomotiv.com\/index.php\/wp-json\/wp\/v2\/types\/product"}],"replies":[{"embeddable":true,"href":"https:\/\/dogan-otomotiv.com\/index.php\/wp-json\/wp\/v2\/comments?post=11618"}],"wp:featuredmedia":[{"embeddable":true,"href":"https:\/\/dogan-otomotiv.com\/index.php\/wp-json\/wp\/v2\/media\/16020"}],"wp:attachment":[{"href":"https:\/\/dogan-otomotiv.com\/index.php\/wp-json\/wp\/v2\/media?parent=11618"}],"wp:term":[{"taxonomy":"product_cat","embeddable":true,"href":"https:\/\/dogan-otomotiv.com\/index.php\/wp-json\/wp\/v2\/product_cat?post=11618"},{"taxonomy":"product_tag","embeddable":true,"href":"https:\/\/dogan-otomotiv.com\/index.php\/wp-json\/wp\/v2\/product_tag?post=11618"}],"curies":[{"name":"wp","href":"https:\/\/api.w.org\/{rel}","templated":true}]}}