{"id":1161,"date":"2020-04-09T08:20:16","date_gmt":"2020-04-09T08:20:16","guid":{"rendered":"https:\/\/dogan-otomotiv.com\/?post_type=product&#038;p=1161"},"modified":"2024-10-14T12:04:59","modified_gmt":"2024-10-14T12:04:59","slug":"1j0959653-airbag-sargisi-vw-passat-97-00-audi-a3-97-00-orj-yeni","status":"publish","type":"product","link":"https:\/\/dogan-otomotiv.com\/index.php\/urun\/1j0959653-airbag-sargisi-vw-passat-97-00-audi-a3-97-00-orj-yeni\/","title":{"rendered":"1J0959653 AIRBAG SARGISI VW PASSAT 97-00 AUDI A3 97-00 ORJ YEN\u0130"},"content":{"rendered":"<p>DO\u011eAN OTOMOT\u0130V YEDEK PAR\u00c7A<\/p>\n<p>SEM\u0130H SAVA\u015e\u00c7I<\/p>\n<p>0 (312) 395 20 95<\/p>\n<p>IBAN NO: TR56 0011 1000 0000 0088 9009 70  <\/p>\n<p>F\u0130NANSBANK ENPARA<\/p>\n<p>\u015eUBE KODU: 03663<\/p>\n<p>HESAP NO: 88900970<\/p>\n<p>KARGO \u0130ADES\u0130 DURUMUNDA<\/p>\n<p>KARGO \u00dcCRET\u0130 M\u00dc\u015eTER\u0130YE A\u0130TT\u0130R.<\/p>\n<p>TOPLU S\u0130PAR\u0130\u015eLER\u0130N\u0130Z \u0130\u00c7\u0130N: doganotoyedekparcavw@gmail.com<\/p>\n","protected":false},"excerpt":{"rendered":"<p>1J0959653 AIRBAG SARGISI VW PASSAT 97-00 AUDI A3 97-00<\/p>\n<p>OE 1J0 959 653C \u2014 VW \/ AUDI \/ SKODA \/ SEAT<br \/>\nOE 1J0 959 653E \u2014 VW \/ AUDI \/ SKODA \/ SEAT<br \/>\nOE 1J0 959 653 \u2014 VW \/ AUDI \/ SKODA \/ SEAT<br \/>\nOE 1J0 959 653A \u2014 VW \/ AUDI \/ SKODA \/ SEAT<\/p>\n<p>B\u0130NEK ARA\u00c7LARLA UYUMLULUK<br \/>\nAUDI<br \/>\nKOLTUK<br \/>\nSKODA<br \/>\nVW<br \/>\nVW Sharan I (7M8, 7M9, 7M6) (Yap\u0131m Y\u0131l\u0131 09.1995 &#8211; 03.2010, 90 &#8211; 204 PS, Dizel, Benzin, Petrol\/Petrol Gaz\u0131 (LPG))<br \/>\nVW Passat B5 Sedan (3B2) (Yap\u0131m Y\u0131l\u0131 08.1996 &#8211; 11.2000, 90 &#8211; 193 PS, Dizel, Benzin)<br \/>\nVW Passat B5 Estate (3B5) (Yap\u0131m Y\u0131l\u0131 06.1997 &#8211; 11.2000, 90 &#8211; 193 PS, Dizel, Benzin)<br \/>\nVW Golf IV Hatchback (1J1) (Yap\u0131m Y\u0131l\u0131 08.1997 &#8211; 06.2005, 68 &#8211; 204 PS, Dizel, Benzin)<br \/>\nVW Golf IV Varyant\u0131 (1J5) (Yap\u0131m Y\u0131l\u0131 05.1999 &#8211; 06.2006, 68 &#8211; 204 PS, Dizel, Benzin, Petrol\/Do\u011fal Gaz (CNG))<br \/>\nVW New Beetle Hatchback (9C1, 1C1) (Yap\u0131m Y\u0131l\u0131 01.1998 &#8211; 09.2010, 75 &#8211; 180 PS, Dizel, Benzin)<br \/>\nVW Bora Sedan (1J2) (Yap\u0131m Y\u0131l\u0131 10.1998 &#8211; 05.2005, 68 &#8211; 204 PS, Dizel, Benzin)<br \/>\nVW Bora Varyant\u0131 (1J6) (Yap\u0131m Y\u0131l\u0131 05.1999 &#8211; 05.2005, 75 &#8211; 204 PS, Dizel, Benzin)<br \/>\nVW Passat B5 GP Sedan (3BG, 3B3) (Yap\u0131m Y\u0131l\u0131 10.2000 &#8211; 05.2005, 101 &#8211; 193 PS, Dizel, Benzin)<br \/>\nVW Passat B5 GP Estate (3BG, 3B6) (Yap\u0131m Y\u0131l\u0131 10.2000 &#8211; 08.2005, 101 &#8211; 193 PS, Dizel, Benzin)<br \/>\nVW New Beetle Cabrio (1Y7) (Yap\u0131m Y\u0131l\u0131 09.2002 &#8211; 10.2010, 75 &#8211; 150 PS, Dizel, Benzin)<br \/>\nVW Fox Hatchback (5Z1, 5Z3, 5Z4) (Yap\u0131m Y\u0131l\u0131 10.2003 &#8211; 08.2014, 55 &#8211; 101 PS, Dizel, Benzin)<\/p>\n","protected":false},"featured_media":1162,"comment_status":"open","ping_status":"closed","template":"","meta":{"_joinchat":[]},"product_cat":[15,24],"product_tag":[788,7841],"class_list":{"0":"post-1161","1":"product","2":"type-product","3":"status-publish","4":"has-post-thumbnail","6":"product_cat-volkswagen","7":"product_cat-audi","8":"product_tag-1j0959653","9":"product_tag-1j0959653-airbag-sargisi-vw-passat-97-00-audi-a3-97-00-orj-yeni","11":"first","12":"instock","13":"sale","14":"shipping-taxable","15":"purchasable","16":"product-type-simple"},"_links":{"self":[{"href":"https:\/\/dogan-otomotiv.com\/index.php\/wp-json\/wp\/v2\/product\/1161","targetHints":{"allow":["GET"]}}],"collection":[{"href":"https:\/\/dogan-otomotiv.com\/index.php\/wp-json\/wp\/v2\/product"}],"about":[{"href":"https:\/\/dogan-otomotiv.com\/index.php\/wp-json\/wp\/v2\/types\/product"}],"replies":[{"embeddable":true,"href":"https:\/\/dogan-otomotiv.com\/index.php\/wp-json\/wp\/v2\/comments?post=1161"}],"wp:featuredmedia":[{"embeddable":true,"href":"https:\/\/dogan-otomotiv.com\/index.php\/wp-json\/wp\/v2\/media\/1162"}],"wp:attachment":[{"href":"https:\/\/dogan-otomotiv.com\/index.php\/wp-json\/wp\/v2\/media?parent=1161"}],"wp:term":[{"taxonomy":"product_cat","embeddable":true,"href":"https:\/\/dogan-otomotiv.com\/index.php\/wp-json\/wp\/v2\/product_cat?post=1161"},{"taxonomy":"product_tag","embeddable":true,"href":"https:\/\/dogan-otomotiv.com\/index.php\/wp-json\/wp\/v2\/product_tag?post=1161"}],"curies":[{"name":"wp","href":"https:\/\/api.w.org\/{rel}","templated":true}]}}