{"id":10988,"date":"2022-05-23T05:25:57","date_gmt":"2022-05-23T05:25:57","guid":{"rendered":"https:\/\/dogan-otomotiv.com\/?post_type=product&#038;p=10988"},"modified":"2022-05-23T05:26:00","modified_gmt":"2022-05-23T05:26:00","slug":"03l117021c-golf-6-yag-sogutucu-vw-1-6tdi-orj-cikma","status":"publish","type":"product","link":"https:\/\/dogan-otomotiv.com\/index.php\/urun\/03l117021c-golf-6-yag-sogutucu-vw-1-6tdi-orj-cikma\/","title":{"rendered":"03L117021C Golf 6 Ya\u011f So\u011futucu VW 1.6TDI ORJ \u00c7IKMA"},"content":{"rendered":"<p>DO\u011eAN OTOMOT\u0130V YEDEK PAR\u00c7A<\/p>\n<p>LTD \u015eT\u0130 \u0130VED\u0130K ORGAN\u0130ZE SAN 1471 SOK 91-A OST\u0130M ANKARA<\/p>\n<p>SEM\u0130H SAVA\u015e\u00c7I<br \/>\n0 (312) 395 20 95<br \/>\n0533 322 16 09<\/p>\n<p>SEM\u0130H SAVA\u015eCI<br \/>\nIBAN NO: TR56 0011 1000 0000 0088 9009 70<br \/>\nF\u0130NANSBANK ENPARA<br \/>\n\u015eUBE KODU: 03663<br \/>\nHESAP NO: 88900970<\/p>\n<p>KARGO \u0130ADES\u0130 DURUMUNDA<br \/>\nKARGO \u00dcCRET\u0130 M\u00dc\u015eTER\u0130YE A\u0130TT\u0130R.<\/p>\n<p>\u015e\u0130PAR\u0130\u015eLER HAKKINDA<br \/>\nL\u00dcTFEN \u015e\u0130PAR\u0130\u015e VERMEK \u0130STED\u0130\u011e\u0130N\u0130Z \u00dcR\u00dcN\u00dcN STOK DURUMUNU SORUNUZ.<br \/>\nT\u00dcRK\u0130YEN\u0130N T\u00dcM \u015eEH\u0130RLER\u0130NE ANLA\u015eMALI KARGOLARIMIZ \u0130LE G\u00d6NDER\u0130M YAPILIR.<br \/>\nSAAT 17:00 KADAR VER\u0130LEN \u015e\u0130PAR\u0130\u015eLER AYNI G\u00dcN KARGO \u0130LE G\u00d6NDER\u0130M\u0130 YAPILIR.<br \/>\n\u00c7IKMA PAR\u00c7A F\u0130YATLARI PAR\u00c7ANIN TEM\u0130ZL\u0130\u011e\u0130NE VE TAM\u0130RS\u0130ZL\u0130\u011e\u0130NE G\u00d6RE DE\u011e\u0130\u015eKENL\u0130K G\u00d6STER\u0130R.<br \/>\nD\u0130\u011eER PAR\u00c7ALAR VE F\u0130YAT B\u0130LG\u0130S\u0130 \u0130\u00c7\u0130N \u0130LET\u0130\u015eME GE\u00c7EB\u0130L\u0130RS\u0130N\u0130Z<\/p>\n","protected":false},"excerpt":{"rendered":"<p>A3 (8P1): 1.6 TDI\t05.2009 &#8211; 08.2012<br \/>\nA3 (8P1): 1.6 TDI\t05.2009 &#8211; 08.2012<br \/>\nA3 (8P1): 2.0 TDI\t05.2003 &#8211; 08.2012<br \/>\nA3 (8P1): 2.0 TDI 16V\t05.2003 &#8211; 08.2012<br \/>\nA3 (8P1): 2.0 TDI 16V quattro\t08.2004 &#8211; 08.2012<br \/>\nA3 (8P1): 2.0 TDI\t03.2006 &#8211; 08.2012<br \/>\nA3 (8P1): 2.0 TDI quattro\t03.2006 &#8211; 08.2012<br \/>\nA3 Sportback (8PA): 1.6 TDI\t05.2009 &#8211; 03.2013<br \/>\nA3 Sportback (8PA): 1.6 TDI\t05.2009 &#8211; 03.2013<br \/>\nA3 Sportback (8PA): 2.0 TDI\t09.2004 &#8211; 03.2013<br \/>\nA3 Sportback (8PA): 2.0 TDI 16V\t09.2004 &#8211; 03.2013<br \/>\nA3 Sportback (8PA): 2.0 TDI 16V quattro\t11.2005 &#8211; 03.2013<br \/>\nA3 Sportback (8PA): 2.0 TDI\t03.2006 &#8211; 03.2013<br \/>\nA3 Sportback (8PA): 2.0 TDI quattro\t03.2006 &#8211; 03.2013<br \/>\nA3 Cabrio (8P7): 1.6 TDI\t05.2009 &#8211; 05.2013<br \/>\nA3 Cabrio (8P7): 2.0 TDI\t04.2008 &#8211; 05.2013<br \/>\nA4 B8 (8K2): 2.0 TDI\t11.2007 &#8211; 12.2015<br \/>\nA4 B8 (8K2): 2.0 TDI quattro\t11.2008 &#8211; 12.2015<br \/>\nA4 B8 (8K2): 2.0 TDI\t05.2013 &#8211; 12.2015<br \/>\nA4 B8 (8K2): 2.0 TDI quattro\t05.2013 &#8211; 12.2015<br \/>\nA4 B8 (8K2): 2.0 TDI\t08.2008 &#8211; 12.2015<br \/>\nA4 B8 (8K2): 2.0 TDI quattro\t11.2011 &#8211; 12.2015<br \/>\nA4 B8 Avant (8K5): 2.0 TDI\t06.2008 &#8211; 12.2015<br \/>\nA4 B8 Avant (8K5): 2.0 TDI\t04.2008 &#8211; 12.2015<br \/>\nA4 B8 Avant (8K5): 2.0 TDI\t04.2008 &#8211; 12.2015<br \/>\nA4 B8 Avant (8K5): 2.0 TDI quattro\t04.2008 &#8211; 12.2015<br \/>\nA4 B8 Avant (8K5): 2.0 TDI\t05.2013 &#8211; 12.2015<br \/>\nA4 B8 Avant (8K5): 2.0 TDI quattro\t05.2013 &#8211; 12.2015<br \/>\nA4 B8 Avant (8K5): 2.0 TDI\t08.2008 &#8211; 12.2015<br \/>\nA4 B8 Avant (8K5): 2.0 TDI\t11.2011 &#8211; 12.2015<br \/>\nA4 B8 Avant (8K5): 2.0 TDI quattro\t11.2011 &#8211; 12.2015<br \/>\nA4 Allroad B8 (8KH): 2.0 TDI quattro\t09.2009 &#8211; 05.2016<br \/>\nA4 Allroad B8 (8KH): 2.0 TDI quattro\t09.2009 &#8211; 05.2016<br \/>\nA4 Allroad B8 (8KH): 2.0 TDI quattro\t05.2013 &#8211; 05.2016<br \/>\nA4 Allroad B8 (8KH): 2.0 TDI quattro\t04.2009 &#8211; 05.2016<br \/>\nA4 Allroad B8 (8KH): 2.0 TDI quattro\t11.2011 &#8211; 05.2016<br \/>\nA5 (8T3): 2.0 TDI\t08.2008 &#8211; 01.2017<br \/>\nA5 (8T3): 2.0 TDI\t10.2011 &#8211; 01.2017<br \/>\nA5 (8T3): 2.0 TDI quattro\t12.2011 &#8211; 01.2017<br \/>\nA5 Sportback (8TA): 2.0 TDI\t09.2009 &#8211; 01.2017<br \/>\nA5 Sportback (8TA): 2.0 TDI\t05.2013 &#8211; 01.2017<br \/>\nA5 Sportback (8TA): 2.0 TDI\t09.2009 &#8211; 01.2017<br \/>\nA5 Sportback (8TA): 2.0 TDI\t10.2011 &#8211; 01.2017<br \/>\nA5 Sportback (8TA): 2.0 TDI quattro\t12.2011 &#8211; 01.2017<br \/>\nA5 Cabrio (8F7): 2.0 TDI\t10.2011 &#8211; 05.2015<br \/>\nA5 Cabrio (8F7): 2.0 TDI\t05.2013 &#8211; 01.2017<br \/>\nA5 Cabrio (8F7): 2.0 TDI\t10.2011 &#8211; 01.2017<br \/>\nA5 Cabrio (8F7): 2.0 TDI quattro\t01.2012 &#8211; 05.2015<br \/>\nA6 C7 (4G2, 4GC): 2.0 TDI\t03.2011 &#8211; 09.2018<br \/>\nA6 C7 (4G2, 4GC): 2.0 TDI\t03.2011 &#8211; 09.2018<br \/>\nA6 C7 Avant (4G5, 4GD): 2.0 TDI\t01.2012 &#8211; 09.2018<br \/>\nA6 C7 Avant (4G5, 4GD): 2.0 TDI\t05.2011 &#8211; 09.2018<br \/>\nA6 C7 Avant (4G5, 4GD): 2.0 TDI\t05.2011 &#8211; 09.2018<br \/>\nQ3 (8UB, 8UG): 2.0 TDI\t09.2011 &#8211; 10.2018<br \/>\nQ3 (8UB, 8UG): 2.0 TDI\t09.2011 &#8211; 10.2018<br \/>\nQ3 (8UB, 8UG): 2.0 TDI quattro\t01.2012 &#8211; 10.2018<br \/>\nQ3 (8UB, 8UG): 2.0 TDI\t06.2011 &#8211; 04.2015<br \/>\nQ3 (8UB, 8UG): 2.0 TDI quattro\t06.2011 &#8211; 10.2018<br \/>\nQ5 (8RB): 2.0 TDI\t11.2010 &#8211; 05.2017<br \/>\nQ5 (8RB): 2.0 TDI\t11.2010 &#8211; 05.2013<br \/>\nQ5 (8RB): 2.0 TDI quattro\t08.2009 &#8211; 05.2013<br \/>\nQ5 (8RB): 2.0 TDI\t05.2013 &#8211; 05.2017<br \/>\nQ5 (8RB): 2.0 TDI quattro\t05.2013 &#8211; 05.2017<br \/>\nQ5 (8RB): 2.0 TDI quattro\t11.2008 &#8211; 05.2017<br \/>\nQ5 (8RB): 2.0 TDI quattro\t11.2008 &#8211; 09.2012<br \/>\nQ5 (8RB): 2.0 TDI quattro\t06.2012 &#8211; 05.2017<br \/>\nTT Roadster (8J9): 2.0 TDI quattro\t06.2008 &#8211; 06.2014\t \t \t <\/p>\n<p>ALHAMBRA (710, 711): 2.0 TDI\t05.2011 &#8211;<br \/>\nALHAMBRA (710, 711): 2.0 TDI\t06.2010 &#8211; 05.2011<br \/>\nALHAMBRA (710, 711): 2.0 TDI\t06.2010 &#8211;<br \/>\nALHAMBRA (710, 711): 2.0 TDI 4Drive\t05.2011 &#8211;<br \/>\nALHAMBRA (710, 711): 2.0 TDI\t06.2010 &#8211; 02.2013<br \/>\nALHAMBRA (710, 711): 2.0 TDI\t11.2012 &#8211;<br \/>\nALTEA (5P1): 1.6 TDI\t11.2010 &#8211;<br \/>\nALTEA (5P1): 1.6 TDI\t10.2009 &#8211;<br \/>\nALTEA (5P1): 2.0 TDI 16V\t03.2004 &#8211;<br \/>\nEXEO (3R2): 2.0 TDI\t12.2008 &#8211; 05.2013<br \/>\nEXEO (3R2): 2.0 TDI\t12.2008 &#8211; 05.2013<br \/>\nEXEO (3R2): 2.0 TDI\t02.2009 &#8211; 05.2013<br \/>\nIBIZA IV (6J5, 6P1): 1.2 TDI\t06.2010 &#8211; 03.2012<br \/>\nIBIZA IV (6J5, 6P1): 1.6 TDI\t05.2009 &#8211; 05.2015<br \/>\nIBIZA IV (6J5, 6P1): 1.6 TDI\t05.2009 &#8211; 05.2015<br \/>\nIBIZA IV (6J5, 6P1): 2.0 TDI\t01.2010 &#8211; 05.2015<br \/>\nLEON (1P1): 1.6 TDI\t11.2010 &#8211; 12.2012<br \/>\nLEON (1P1): 1.6 TDI\t02.2010 &#8211; 12.2012<br \/>\nLEON (1P1): 2.0 TDI 16V\t07.2005 &#8211; 12.2012<br \/>\nLEON (1P1): 2.0 TDI\t05.2006 &#8211; 12.2012<br \/>\nTOLEDO IV (KG3): 1.6 TDI\t06.2013 &#8211; 06.2015<br \/>\nTOLEDO IV (KG3): 1.6 TDI\t07.2012 &#8211; 06.2015\t \t \t <\/p>\n<p>FABIA II (542): 1.2 TDI\t05.2010 &#8211; 12.2014<br \/>\nFABIA II (542): 1.6 TDI\t04.2010 &#8211; 12.2014<br \/>\nFABIA II (542): 1.6 TDI\t03.2010 &#8211; 12.2014<br \/>\nOCTAVIA II (1Z3): 1.6 TDI\t06.2009 &#8211; 04.2013<br \/>\nOCTAVIA II (1Z3): 2.0 TDI\t03.2010 &#8211; 06.2013<br \/>\nOCTAVIA II (1Z3): 2.0 TDI 16V\t02.2004 &#8211; 04.2013<br \/>\nRAPID (NH3): 1.6 TDI\t08.2013 &#8211; 05.2015<br \/>\nRAPID (NH3): 1.6 TDI\t07.2012 &#8211; 12.2019<br \/>\nROOMSTER (5J7): 1.2 TDI\t03.2010 &#8211; 05.2015<br \/>\nROOMSTER (5J7): 1.6 TDI\t03.2010 &#8211; 05.2015<br \/>\nROOMSTER (5J7): 1.6 TDI\t03.2010 &#8211; 05.2015<br \/>\nSUPERB II (3T4): 1.6 TDI\t09.2010 &#8211; 05.2015<br \/>\nSUPERB II (3T4): 2.0 TDI 16V\t01.2009 &#8211; 05.2015<br \/>\nSUPERB II (3T4): 2.0 TDI 16V 4&#215;4\t11.2010 &#8211; 05.2015<br \/>\nSUPERB II (3T4): 2.0 TDI\t07.2008 &#8211; 05.2015<br \/>\nSUPERB II (3T4): 2.0 TDI 4&#215;4\t09.2008 &#8211; 05.2015<br \/>\nYETI (5L): 1.6 TDI\t11.2010 &#8211; 05.2015<br \/>\nYETI (5L): 2.0 TDI\t11.2009 &#8211; 12.2017<br \/>\nYETI (5L): 2.0 TDI 4&#215;4\t11.2009 &#8211; 12.2017<br \/>\nYETI (5L): 2.0 TDI\t11.2011 &#8211; 12.2017<br \/>\nYETI (5L): 2.0 TDI 4&#215;4\t05.2009 &#8211; 12.2017<br \/>\nYETI (5L): 2.0 TDI 4&#215;4\t11.2009 &#8211; 05.2015\t \t \t <\/p>\n<p>AMAROK (2HA, 2HB, S1B, S6B, S7A, S7B): 2.0 TDI\t09.2010 &#8211; 10.2013<br \/>\nAMAROK (2HA, 2HB, S1B, S6B, S7A, S7B): 2.0 TDI 4motion\t09.2010 &#8211; 10.2013<br \/>\nAMAROK (2HA, 2HB, S1B, S6B, S7A, S7B): 2.0 TDI\t07.2012 &#8211;<br \/>\nAMAROK (2HA, 2HB, S1B, S6B, S7A, S7B): 2.0 TDI 4motion\t06.2012 &#8211;<br \/>\nAMAROK (2HA, 2HB, S1B, S6B, S7A, S7B): 2.0 BiTDI\t09.2010 &#8211; 08.2012<br \/>\nAMAROK (2HA, 2HB, S1B, S6B, S7A, S7B): 2.0 BiTDI 4motion\t09.2010 &#8211; 08.2012<br \/>\nAMAROK (2HA, 2HB, S1B, S6B, S7A, S7B): 2.0 BiTDI\t11.2011 &#8211;<br \/>\nAMAROK (2HA, 2HB, S1B, S6B, S7A, S7B): 2.0 BiTDI 4motion\t11.2011 &#8211;<br \/>\nBEETLE (5C1, 5C2): 1.6 TDI\t10.2011 &#8211; 07.2016<br \/>\nBEETLE (5C1, 5C2): 2.0 TDI\t04.2011 &#8211; 07.2016<br \/>\nCADDY III MPV (2KB, 2KJ, 2CB, 2CJ): 1.6 TDI\t08.2010 &#8211; 05.2015<br \/>\nCADDY III MPV (2KB, 2KJ, 2CB, 2CJ): 1.6 TDI\t08.2010 &#8211; 05.2015<br \/>\nCADDY III MPV (2KB, 2KJ, 2CB, 2CJ): 2.0 TDI\t08.2010 &#8211; 05.2015<br \/>\nCADDY III MPV (2KB, 2KJ, 2CB, 2CJ): 2.0 TDI 4motion\t08.2010 &#8211; 05.2015<br \/>\nCADDY III MPV (2KB, 2KJ, 2CB, 2CJ): 2.0 TDI 16V\t11.2010 &#8211; 05.2015<br \/>\nCADDY III MPV (2KB, 2KJ, 2CB, 2CJ): 2.0 TDI 16V 4motion\t11.2010 &#8211; 05.2015<br \/>\nCADDY III MPV (2KB, 2KJ, 2CB, 2CJ): 2.0 TDI\t05.2012 &#8211; 05.2015<br \/>\nCADDY IV MPV (SAB, SAJ): 1.6 TDI\t05.2015 &#8211; 11.2017<br \/>\nCADDY IV MPV (SAB, SAJ): 1.6 TDI\t05.2015 &#8211;<br \/>\nCADDY IV MPV (SAB, SAJ): 2.0 TDI 4motion\t05.2015 &#8211; 05.2016<br \/>\nCADDY IV MPV (SAB, SAJ): 2.0 TDI\t05.2015 &#8211;<br \/>\nCADDY IV MPV (SAB, SAJ): 2.0 TDI 4motion\t05.2015 &#8211;<br \/>\nCADDY ALLTRACK MPV (SAB): 2.0 TDI 4motion\t05.2015 &#8211; 05.2016<br \/>\nCADDY ALLTRACK MPV (SAB): 2.0 TDI\t05.2015 &#8211;<br \/>\nCADDY ALLTRACK MPV (SAB): 2.0 TDI 4motion\t05.2015 &#8211;<br \/>\nEOS (1F7, 1F8): 2.0 TDI\t11.2010 &#8211; 08.2015<br \/>\nEOS (1F7, 1F8): 2.0 TDI 16V\t05.2008 &#8211; 08.2015<br \/>\nGOLF VI (5K1): 1.6 TDI\t02.2009 &#8211; 11.2012<br \/>\nGOLF VI (5K1): 1.6 TDI\t02.2009 &#8211; 11.2012<br \/>\nGOLF VI (5K1): 2.0 TDI\t10.2008 &#8211; 11.2012<br \/>\nGOLF VI (5K1): 2.0 TDI\t10.2008 &#8211; 11.2012<br \/>\nGOLF VI (5K1): 2.0 TDI\t10.2008 &#8211; 05.2013<br \/>\nGOLF VI (5K1): 2.0 TDI 4motion\t05.2009 &#8211; 11.2012<br \/>\nGOLF VI (5K1): 2.0 TDI\t04.2009 &#8211; 11.2012<br \/>\nJETTA III (1K2): 1.6 TDI\t12.2009 &#8211; 10.2010<br \/>\nJETTA III (1K2): 1.6 TDI\t06.2009 &#8211; 10.2010<br \/>\nJETTA IV (162, 163, AV3, AV2): 1.6 TDI\t04.2010 &#8211; 07.2015<br \/>\nJETTA IV (162, 163, AV3, AV2): 2.0 TDI\t10.2010 &#8211;<br \/>\nJETTA IV (162, 163, AV3, AV2): 2.0 TDI\t02.2011 &#8211;<br \/>\nPASSAT B6 (3C2): 1.6 TDI\t08.2009 &#8211; 07.2010<br \/>\nPASSAT B6 Variant (3C5): 1.6 TDI\t08.2009 &#8211; 11.2010<br \/>\nPASSAT CC B6 (357): 2.0 TDI\t06.2008 &#8211; 05.2011<br \/>\nPASSAT CC B6 (357): 2.0 TDI\t06.2008 &#8211; 01.2012<br \/>\nPASSAT CC B6 (357): 2.0 TDI 4motion\t08.2009 &#8211; 01.2012<br \/>\nPASSAT CC B6 (357): 2.0 TDI\t06.2008 &#8211; 01.2012<br \/>\nPASSAT CC B6 (357): 2.0 TDI 4motion\t11.2009 &#8211; 01.2012<br \/>\nPASSAT B7 (362): 1.6 TDI\t08.2010 &#8211; 12.2014<br \/>\nPASSAT B7 (362): 2.0 TDI\t08.2010 &#8211; 12.2014<br \/>\nPASSAT B7 (362): 2.0 TDI\t08.2010 &#8211; 12.2014<br \/>\nPASSAT B7 (362): 2.0 TDI 4motion\t08.2010 &#8211; 12.2014<br \/>\nPASSAT B7 (362): 2.0 TDI\t08.2010 &#8211; 12.2014<br \/>\nPASSAT B7 (362): 2.0 TDI 4motion\t08.2010 &#8211; 01.2013<br \/>\nPASSAT B7 (362): 2.0 TDI\t12.2012 &#8211; 12.2014<br \/>\nPASSAT B7 (362): 2.0 TDI 4motion\t01.2013 &#8211; 12.2014<br \/>\nPASSAT B7 Variant (365): 1.6 TDI\t08.2010 &#8211; 12.2014<br \/>\nPASSAT B7 Variant (365): 2.0 TDI\t08.2010 &#8211; 12.2014<br \/>\nPASSAT B7 Variant (365): 2.0 TDI\t08.2010 &#8211; 12.2014<br \/>\nPASSAT B7 Variant (365): 2.0 TDI 4motion\t08.2010 &#8211; 12.2014<br \/>\nPASSAT B7 Variant (365): 2.0 TDI\t08.2010 &#8211; 12.2014<br \/>\nPASSAT B7 Variant (365): 2.0 TDI 4motion\t08.2010 &#8211; 01.2013<br \/>\nPASSAT B7 Variant (365): 2.0 TDI\t12.2012 &#8211; 12.2014<br \/>\nPASSAT B7 Variant (365): 2.0 TDI 4motion\t01.2013 &#8211; 12.2014<br \/>\nCC B7 (358): 2.0 TDI\t11.2011 &#8211; 12.2016<br \/>\nCC B7 (358): 2.0 TDI\t11.2011 &#8211; 12.2016<br \/>\nCC B7 (358): 2.0 TDI 4motion\t11.2011 &#8211; 12.2016<br \/>\nCC B7 (358): 2.0 TDI\t11.2011 &#8211; 12.2016<br \/>\nCC B7 (358): 2.0 TDI 4motion\t11.2011 &#8211; 01.2013<br \/>\nCC B7 (358): 2.0 TDI\t12.2012 &#8211; 12.2016<br \/>\nCC B7 (358): 2.0 TDI 4motion\t12.2012 &#8211; 12.2016<br \/>\nPASSAT B7 (A32, A33): 2.0 TDI\t04.2011 &#8211; 06.2015<br \/>\nPOLO V (6R1, 6C1): 1.2 TDI\t10.2009 &#8211;<br \/>\nPOLO V (6R1, 6C1): 1.6 TDI\t06.2009 &#8211;<br \/>\nPOLO V (6R1, 6C1): 1.6 TDI\t06.2009 &#8211;<br \/>\nPOLO V (6R1, 6C1): 1.6 TDI\t06.2009 &#8211;<br \/>\nSCIROCCO III (137, 138): 2.0 TDI\t11.2010 &#8211; 11.2017<br \/>\nSCIROCCO III (137, 138): 2.0 TDI\t05.2009 &#8211; 11.2017<br \/>\nSCIROCCO III (137, 138): 2.0 TDI\t01.2013 &#8211; 11.2017<br \/>\nTIGUAN (5N_): 2.0 TDI\t05.2010 &#8211; 07.2018<br \/>\nTIGUAN (5N_): 2.0 TDI 4motion\t11.2007 &#8211; 07.2018<br \/>\nTIGUAN (5N_): 2.0 TDI\t03.2008 &#8211; 07.2018<br \/>\nTIGUAN (5N_): 2.0 TDI 4motion\t09.2007 &#8211; 07.2018<br \/>\nTIGUAN (5N_): 2.0 TDI 4motion\t09.2007 &#8211; 07.2018<br \/>\nTIGUAN (5N_): 2.0 TDI 4motion\t11.2012 &#8211; 07.2018<br \/>\nTOURAN (1T3): 1.6 TDI\t05.2010 &#8211; 05.2015<br \/>\nTOURAN (1T3): 1.6 TDI\t05.2010 &#8211; 05.2015<br \/>\nTOURAN (1T3): 2.0 TDI\t11.2010 &#8211; 05.2015<br \/>\nTOURAN (1T3): 2.0 TDI\t05.2010 &#8211; 05.2015<br \/>\nTOURAN (1T3): 2.0 TDI\t05.2010 &#8211; 01.2013<br \/>\nTOURAN (1T3): 2.0 TDI\t01.2013 &#8211; 05.2015<br \/>\nCRAFTER 30-35 Minib\u00fcs\/Otob\u00fcs (2E_): 2.0 TDI\t05.2011 &#8211; 12.2016<br \/>\nCRAFTER 30-35 Minib\u00fcs\/Otob\u00fcs (2E_): 2.0 TDI\t11.2013 &#8211; 12.2016<br \/>\nCRAFTER 30-35 Minib\u00fcs\/Otob\u00fcs (2E_): 2.0 TDI\t05.2011 &#8211; 12.2016<br \/>\nCRAFTER 30-35 Minib\u00fcs\/Otob\u00fcs (2E_): 2.0 TDI\t07.2011 &#8211; 12.2016<br \/>\nCRAFTER 30-35 Minib\u00fcs\/Otob\u00fcs (2E_): 2.0 TDI 4motion\t11.2011 &#8211; 12.2016<br \/>\nTRANSPORTER V Minib\u00fcs\/Otob\u00fcs (7HB, 7HJ, 7EB, 7EJ, 7EF, 7EG,: 2.0 TDI\t09.2009 &#8211; 08.2015<br \/>\nTRANSPORTER V Minib\u00fcs\/Otob\u00fcs (7HB, 7HJ, 7EB, 7EJ, 7EF, 7EG,: 2.0 TDI\t09.2009 &#8211; 08.2015<br \/>\nTRANSPORTER V Minib\u00fcs\/Otob\u00fcs (7HB, 7HJ, 7EB, 7EJ, 7EF, 7EG,: 2.0 TDI\t05.2011 &#8211; 08.2015<br \/>\nTRANSPORTER V Minib\u00fcs\/Otob\u00fcs (7HB, 7HJ, 7EB, 7EJ, 7EF, 7EG,: 2.0 TDI\t05.2010 &#8211; 08.2015<br \/>\nTRANSPORTER V Minib\u00fcs\/Otob\u00fcs (7HB, 7HJ, 7EB, 7EJ, 7EF, 7EG,: 2.0 TDI 4motion\t05.2010 &#8211; 08.2015<br \/>\nTRANSPORTER V Minib\u00fcs\/Otob\u00fcs (7HB, 7HJ, 7EB, 7EJ, 7EF, 7EG,: 2.0 TDI 4motion\t09.2009 &#8211; 08.2015<br \/>\nTRANSPORTER V Minib\u00fcs\/Otob\u00fcs (7HB, 7HJ, 7EB, 7EJ, 7EF, 7EG,: 2.0 BiTDI 4motion\t09.2009 &#8211; 08.2015<br \/>\nTRANSPORTER \/ CARAVELLE VI Minib\u00fcs\/Otob\u00fcs (SGB, SGG, SGJ, SG: 2.0 TDI\t04.2015 &#8211;<br \/>\nTRANSPORTER \/ CARAVELLE VI Minib\u00fcs\/Otob\u00fcs (SGB, SGG, SGJ, SG: 2.0 TDI\t04.2015 &#8211;<br \/>\nTRANSPORTER \/ CARAVELLE VI Minib\u00fcs\/Otob\u00fcs (SGB, SGG, SGJ, SG: 2.0 TDI\t04.2015 &#8211;<br \/>\nTRANSPORTER \/ CARAVELLE VI Minib\u00fcs\/Otob\u00fcs (SGB, SGG, SGJ, SG: 2.0 TDI 4motion\t06.2015 &#8211;<br \/>\nTRANSPORTER \/ CARAVELLE VI Minib\u00fcs\/Otob\u00fcs (SGB, SGG, SGJ, SG: 2.0 TDI\t04.2015 &#8211;<br \/>\nTRANSPORTER \/ CARAVELLE VI Minib\u00fcs\/Otob\u00fcs (SGB, SGG, SGJ, SG: 2.0 TDI 4motion\t06.2015 &#8211;\t \t \t \t <\/p>\n","protected":false},"featured_media":10990,"comment_status":"open","ping_status":"closed","template":"","meta":{"_joinchat":[]},"product_cat":[15,24,19,20],"product_tag":[7538,7537],"class_list":{"0":"post-10988","1":"product","2":"type-product","3":"status-publish","4":"has-post-thumbnail","6":"product_cat-volkswagen","7":"product_cat-audi","8":"product_cat-seat","9":"product_cat-skoda","10":"product_tag-03l117021c","11":"product_tag-03l117021c-golf-6-yag-sogutucu-vw-1-6tdi-orj-cikma","13":"first","14":"instock","15":"sale","16":"shipping-taxable","17":"purchasable","18":"product-type-simple"},"_links":{"self":[{"href":"https:\/\/dogan-otomotiv.com\/index.php\/wp-json\/wp\/v2\/product\/10988","targetHints":{"allow":["GET"]}}],"collection":[{"href":"https:\/\/dogan-otomotiv.com\/index.php\/wp-json\/wp\/v2\/product"}],"about":[{"href":"https:\/\/dogan-otomotiv.com\/index.php\/wp-json\/wp\/v2\/types\/product"}],"replies":[{"embeddable":true,"href":"https:\/\/dogan-otomotiv.com\/index.php\/wp-json\/wp\/v2\/comments?post=10988"}],"wp:featuredmedia":[{"embeddable":true,"href":"https:\/\/dogan-otomotiv.com\/index.php\/wp-json\/wp\/v2\/media\/10990"}],"wp:attachment":[{"href":"https:\/\/dogan-otomotiv.com\/index.php\/wp-json\/wp\/v2\/media?parent=10988"}],"wp:term":[{"taxonomy":"product_cat","embeddable":true,"href":"https:\/\/dogan-otomotiv.com\/index.php\/wp-json\/wp\/v2\/product_cat?post=10988"},{"taxonomy":"product_tag","embeddable":true,"href":"https:\/\/dogan-otomotiv.com\/index.php\/wp-json\/wp\/v2\/product_tag?post=10988"}],"curies":[{"name":"wp","href":"https:\/\/api.w.org\/{rel}","templated":true}]}}