{"id":10854,"date":"2022-04-25T14:46:13","date_gmt":"2022-04-25T14:46:13","guid":{"rendered":"https:\/\/dogan-otomotiv.com\/?post_type=product&#038;p=10854"},"modified":"2022-04-25T14:46:14","modified_gmt":"2022-04-25T14:46:14","slug":"motor-emme-manifoldu-bmw-f20-kasa-116i-n13-8984654329","status":"publish","type":"product","link":"https:\/\/dogan-otomotiv.com\/index.php\/urun\/motor-emme-manifoldu-bmw-f20-kasa-116i-n13-8984654329\/","title":{"rendered":"Motor Emme Manifoldu Bmw F20 Kasa 116i N13 8984654329"},"content":{"rendered":"<p>DO\u011eAN OTOMOT\u0130V YEDEK PAR\u00c7A<br \/>\nLTD \u015eT\u0130 \u0130VED\u0130K ORGAN\u0130ZE SAN 1471 SOKAK 91-A OST\u0130M ANKARA<br \/>\nSEM\u0130H SAVA\u015e\u00c7I (312) 395 20 95<br \/>\n0533 322 16 09<br \/>\nMUSTAFA SAVA\u015e\u00c7I<br \/>\n0 (312) 395 20 95<br \/>\nIBAN NO: TR 54 0011 1000 0000 0098 3516 19<br \/>\nF\u0130NANSBANK ENPARA<br \/>\n\u015eUBE KODU: 03663<br \/>\nHESAP NO: 98351619<\/p>\n<p>DENEME YANILMA Y\u00d6NTEM\u0130NE PAR\u00c7A G\u00d6NDERM\u0130YORUZ.<\/p>\n<p>F\u0130YATLARIMIZ SEMBOL\u0130KT\u0130R<\/p>\n<p>AYRICA G\u00dcN \u0130\u00c7ER\u0130S\u0130NDE OTOB\u00dcS \u0130LE KARGO VER\u0130L\u0130R<\/p>\n<p>KAPIDA \u00d6DEMEL\u0130&amp;\u0130NTERNET \u00dcZER\u0130NDEN ONL\u0130NE SATI\u015eIMIZ YOKTUR<\/p>\n<p>NOT 5 G\u00dcN \u0130\u00c7ER\u0130S\u0130NDE \u0130YADES\u0130 OLMAYAN MAZEME GER\u0130 ALINMAZ<\/p>\n<p>Paket i\u00e7eri\u011fi: 1 Adet<br \/>\nSATI\u015e F\u0130YATI KDV hari\u00e7 pe\u015fin fiyat\u0131d\u0131r<\/p>\n<p>SAAT 18:00 KADAR VER\u0130LEN \u015e\u0130PAR\u0130\u015e AYNI G\u00dcN KARGO \u0130LE G\u00d6NDER\u0130M\u0130 YAPILIR.<br \/>\nKARGO \u0130ADES\u0130 DURUMUNDA .<br \/>\nKARGO \u00dcCRET\u0130 M\u00dc\u015eTER\u0130YE A\u0130TT\u0130R. AYRICA KARGODA KIRILAN PAR\u00c7ALARDAN SORUMLU DEY\u0130L\u0130Z<\/p>\n<p>27\/11\/2014 tarih ve 29188 say\u0131l\u0131 resmi gazetede yay\u0131mlanan mesafeli sat\u0131\u015flar y\u00f6netmeli\u011finin 15. maddesinde cayma hakk\u0131n\u0131n istisnalar\u0131 belirtilmi\u015ftir. \u0130lgili maddenin a bendinde &#8220;fiyat\u0131 finansal piyasalardaki dalgalanmalara ba\u011fl\u0131 olarak de\u011fi\u015fen ve sat\u0131c\u0131 veya sa\u011flay\u0131c\u0131n\u0131n kontrol\u00fcnde olmayan mal veya hizmetlere ili\u015fkin s\u00f6zle\u015fmeler&#8221; cayma hakk\u0131ndan istisna edilmi\u015ftir. \u00dcr\u00fcnlerimiz ithal \u00fcr\u00fcnler olup fiyatlar\u0131 g\u00fcnl\u00fck usd kurlar\u0131 kullan\u0131larak tl kar\u015f\u0131l\u0131\u011f\u0131na \u00e7evrilmesiyle hesaplanmaktad\u0131r. Fiyatlar kurdaki de\u011fi\u015fmeler ba\u011fl\u0131 olarak g\u00fcnl\u00fck olarak de\u011fi\u015fmektedir. Bu nedenle y\u00f6netmeli\u011fin 15. Md\/a bendi gere\u011fi cayma hakk\u0131ndan m\u00fcstesnad\u0131r. M\u00fc\u015fterilerimiz sipari\u015f \u00f6ncesinde bu konu hakk\u0131nda \u00f6n bilgilendirme yap\u0131ld\u0131\u011f\u0131n\u0131 kabul eder.<\/p>\n","protected":false},"excerpt":{"rendered":"<p>Motor Emme Manifoldu Bmw F20 Kasa 116i N13 8984654329<\/p>\n<p>7595078<br \/>\n11617595078<br \/>\n1161 7595078<br \/>\n7540508<br \/>\n13627540508<br \/>\n1362 7540508<br \/>\n7565828<br \/>\n13907565828<br \/>\n1390 7565828<\/p>\n<p>Teil 11617595078 wurde in folgenden Fahrzeugen gefunden:<br \/>\nMINI R56 \u2003 (11\/2005 \u2014 07\/2010)<br \/>\nMINI R56 LCI \u2003 (05\/2009 \u2014 11\/2013)<br \/>\nMINI Clubman R55 \u2003 (10\/2006 \u2014 07\/2010)<br \/>\nMINI Clubman R55 LCI \u2003 (05\/2009 \u2014 06\/2014)<br \/>\nMINI Cabrio R57 \u2003 (11\/2007 \u2014 07\/2010)<br \/>\nMINI Cabrio R57 LCI \u2003 (04\/2009 \u2014 06\/2015)<br \/>\nMINI Coup\u00e9 R58 \u2003 (12\/2010 \u2014 05\/2015)<br \/>\nMINI Roadster R59 \u2003 (01\/2011 \u2014 04\/2015)<br \/>\nMINI Countryman R60 \u2003 (01\/2010 \u2014 10\/2016)<br \/>\nMINI Paceman R61 \u2003 (03\/2012 \u2014 09\/2016)<\/p>\n<p>Teil 13627540508 wurde in folgenden Fahrzeugen gefunden:<br \/>\nMINI R56 \u2003 (11\/2005 \u2014 07\/2010)<br \/>\nMINI Clubman R55 \u2003 (10\/2006 \u2014 07\/2010)<br \/>\nMINI Cabrio R57 \u2003 (11\/2007 \u2014 07\/2010)<\/p>\n<p>Normale Gebrauchsspuren<br \/>\n3 Monate Gew\u00e4hrleistung<br \/>\nPreis inkl. MwSt.<br \/>\nMusterbild<\/p>\n<p>Herkunft: MINI Cooper S (R56)<br \/>\nBaujahr: 2007 &#8211; 2008<br \/>\nLaufleistung: 60.737 &#8211; 164.566 km<br \/>\nMotorcode: N14B16A<br \/>\nKilowatt: 128<br \/>\nZylinder: 4<br \/>\nHubraum: 1600 CC<br \/>\nGetriebe: 6 Gang<\/p>\n","protected":false},"featured_media":10855,"comment_status":"open","ping_status":"closed","template":"","meta":{"_joinchat":[]},"product_cat":[22],"product_tag":[7418,7419,7417],"class_list":{"0":"post-10854","1":"product","2":"type-product","3":"status-publish","4":"has-post-thumbnail","6":"product_cat-bmw","7":"product_tag-7418","8":"product_tag-7419","9":"product_tag-motor-emme-manifoldu-bmw-f20-kasa-116i-n13-8984654329","11":"first","12":"instock","13":"sale","14":"shipping-taxable","15":"purchasable","16":"product-type-simple"},"_links":{"self":[{"href":"https:\/\/dogan-otomotiv.com\/index.php\/wp-json\/wp\/v2\/product\/10854","targetHints":{"allow":["GET"]}}],"collection":[{"href":"https:\/\/dogan-otomotiv.com\/index.php\/wp-json\/wp\/v2\/product"}],"about":[{"href":"https:\/\/dogan-otomotiv.com\/index.php\/wp-json\/wp\/v2\/types\/product"}],"replies":[{"embeddable":true,"href":"https:\/\/dogan-otomotiv.com\/index.php\/wp-json\/wp\/v2\/comments?post=10854"}],"wp:featuredmedia":[{"embeddable":true,"href":"https:\/\/dogan-otomotiv.com\/index.php\/wp-json\/wp\/v2\/media\/10855"}],"wp:attachment":[{"href":"https:\/\/dogan-otomotiv.com\/index.php\/wp-json\/wp\/v2\/media?parent=10854"}],"wp:term":[{"taxonomy":"product_cat","embeddable":true,"href":"https:\/\/dogan-otomotiv.com\/index.php\/wp-json\/wp\/v2\/product_cat?post=10854"},{"taxonomy":"product_tag","embeddable":true,"href":"https:\/\/dogan-otomotiv.com\/index.php\/wp-json\/wp\/v2\/product_tag?post=10854"}],"curies":[{"name":"wp","href":"https:\/\/api.w.org\/{rel}","templated":true}]}}