{"id":10585,"date":"2022-04-04T11:00:34","date_gmt":"2022-04-04T11:00:34","guid":{"rendered":"https:\/\/dogan-otomotiv.com\/?post_type=product&#038;p=10585"},"modified":"2022-04-04T11:00:37","modified_gmt":"2022-04-04T11:00:37","slug":"1040085003094-direksiyon-pompa-opel-astra-2-orj-cikma-garantili","status":"publish","type":"product","link":"https:\/\/dogan-otomotiv.com\/index.php\/urun\/1040085003094-direksiyon-pompa-opel-astra-2-orj-cikma-garantili\/","title":{"rendered":"1040085003094 direksiyon pompa Opel Astra 2 ORJ \u00c7IKMA GARANT\u0130L\u0130"},"content":{"rendered":"<p>1.2 16V (F08, F48), Yap\u0131m Y\u0131l\u0131 02.1998 &#8211; 09.2000, 1199 ccm, 65 PS<br \/>\n1.2 16V (F08, F48), Yap\u0131m Y\u0131l\u0131 09.2000 &#8211; 01.2005, 1199 ccm, 75 PS<br \/>\n1.4 (F08, F48), Yap\u0131m Y\u0131l\u0131 09.2007 &#8211; 12.2009, 1364 ccm, 90 PS<br \/>\n1.4 16V (F08, F48), Yap\u0131m Y\u0131l\u0131 02.1998 &#8211; 01.2005, 1389 ccm, 90 PS<br \/>\n1.6 (F08, F48), Yap\u0131m Y\u0131l\u0131 02.1998 &#8211; 09.2000, 1598 ccm, 75 PS<br \/>\n1.6 (F08, F48), Yap\u0131m Y\u0131l\u0131 09.2000 &#8211; 01.2005, 1598 ccm, 84 PS<br \/>\n1.6 (F08, F48), Yap\u0131m Y\u0131l\u0131 12.2002 &#8211; 12.2009, 1598 ccm, 103 PS<br \/>\n1.6 16V (F08, F48), Yap\u0131m Y\u0131l\u0131 02.1998 &#8211; 01.2005, 1598 ccm, 101 PS<br \/>\n1,6 LPG (F08, F48), Yap\u0131m Y\u0131l\u0131 06.2002 &#8211; 01.2005, 1598 ccm, 101 PS<br \/>\n1.7 CDTI (F08, F48), Yap\u0131m Y\u0131l\u0131 04.2003 &#8211; 12.2009, 1686 ccm, 80 PS<br \/>\n1.7 DTI 16V (F08, F48), Yap\u0131m Y\u0131l\u0131 02.2000 &#8211; 01.2005, 1686 ccm, 75 PS<br \/>\n1.7 TD (F08, F48), Yap\u0131m Y\u0131l\u0131 02.1998 &#8211; 08.2000, 1700 ccm, 68 PS<br \/>\n1.8 (F08, F48), Yap\u0131m Y\u0131l\u0131 02.2003 &#8211; 01.2004, 1796 ccm, 110 PS<br \/>\n1.8 16V (F08, F48), Yap\u0131m Y\u0131l\u0131 02.1998 &#8211; 09.2000, 1796 ccm, 116 PS<br \/>\n1.8 16V (F08, F48), Yap\u0131m Y\u0131l\u0131 09.2000 &#8211; 01.2005, 1796 ccm, 125 PS<br \/>\n2.0 16V (F08, F48), Yap\u0131m Y\u0131l\u0131 02.1998 &#8211; 01.2005, 1998 ccm, 136 PS<br \/>\n2.0 16V OPC (F08, F48), Yap\u0131m Y\u0131l\u0131 11.1999 &#8211; 09.2002, 1998 ccm, 160 PS<br \/>\n2.0 DI (F08, F48), Yap\u0131m Y\u0131l\u0131 02.1998 &#8211; 01.2005, 1995 ccm, 82 PS<br \/>\n2.0 DTI 16V (F08, F48), Yap\u0131m Y\u0131l\u0131 08.1999 &#8211; 01.2005, 1995 ccm, 101 PS<br \/>\n2.0 OPC (F08, F48), Yap\u0131m Y\u0131l\u0131 09.2002 &#8211; 01.2005, 1998 ccm, 192 PS<br \/>\n2.0 OPC (F08, F48), Yap\u0131m Y\u0131l\u0131 11.2002 &#8211; 01.2005, 1998 ccm, 200 PS<br \/>\n2.2 16V (F08, F48), Yap\u0131m Y\u0131l\u0131 06.2000 &#8211; 01.2005, 2198 ccm, 147 PS<br \/>\n2.2 DTI (F08, F48), Yap\u0131m Y\u0131l\u0131 09.2002 &#8211; 01.2005, 2172 ccm, 117 PS<br \/>\n2.2 DTI (F08, F48), Yap\u0131m Y\u0131l\u0131 09.2002 &#8211; 01.2005, 2172 ccm, 125 PS<br \/>\nOPEL Astra G Karavan (T98) (Yap\u0131m Y\u0131l\u0131 02.1998 &#8211; 12.2009, 65 &#8211; 200 PS, Dizel, Benzin, Benzin\/Do\u011falgaz (CNG))<br \/>\nOPEL Astra G Sedan (T98) (Yap\u0131m Y\u0131l\u0131 09.1998 &#8211; 12.2009, 65 &#8211; 147 PS, Dizel, Benzin, Benzin\/Petrol Gaz\u0131 (LPG))<br \/>\nOPEL Zafira A (T98) (Yap\u0131m Y\u0131l\u0131 04.1999 &#8211; 06.2005, 82 &#8211; 200 PS, CNG, Dizel, Benzin)<br \/>\nOPEL Astra G Coupe (T98) (Yap\u0131m Y\u0131l\u0131 03.2000 &#8211; 05.2005, 101 &#8211; 200 PS, Dizel, Benzin)<br \/>\nOPEL Astra G Van (F70) (Yap\u0131m Y\u0131l\u0131 01.1999 &#8211; 04.2005, 68 &#8211; 84 PS, Dizel, Benzin)<\/p>\n","protected":false},"excerpt":{"rendered":"<p>1040085003094 direksiyon pompa Opel Astra 2 ORJ \u00c7IKMA GARANT\u0130L\u0130<br \/>\n1.2 16V (F08, F48), Yap\u0131m Y\u0131l\u0131 02.1998 &#8211; 09.2000, 1199 ccm, 65 PS<br \/>\n1.2 16V (F08, F48), Yap\u0131m Y\u0131l\u0131 09.2000 &#8211; 01.2005, 1199 ccm, 75 PS<br \/>\n1.4 (F08, F48), Yap\u0131m Y\u0131l\u0131 09.2007 &#8211; 12.2009, 1364 ccm, 90 PS<br \/>\n1.4 16V (F08, F48), Yap\u0131m Y\u0131l\u0131 02.1998 &#8211; 01.2005, 1389 ccm, 90 PS<br \/>\n1.6 (F08, F48), Yap\u0131m Y\u0131l\u0131 02.1998 &#8211; 09.2000, 1598 ccm, 75 PS<br \/>\n1.6 (F08, F48), Yap\u0131m Y\u0131l\u0131 09.2000 &#8211; 01.2005, 1598 ccm, 84 PS<br \/>\n1.6 (F08, F48), Yap\u0131m Y\u0131l\u0131 12.2002 &#8211; 12.2009, 1598 ccm, 103 PS<br \/>\n1.6 16V (F08, F48), Yap\u0131m Y\u0131l\u0131 02.1998 &#8211; 01.2005, 1598 ccm, 101 PS<br \/>\n1,6 LPG (F08, F48), Yap\u0131m Y\u0131l\u0131 06.2002 &#8211; 01.2005, 1598 ccm, 101 PS<br \/>\n1.7 CDTI (F08, F48), Yap\u0131m Y\u0131l\u0131 04.2003 &#8211; 12.2009, 1686 ccm, 80 PS<br \/>\n1.7 DTI 16V (F08, F48), Yap\u0131m Y\u0131l\u0131 02.2000 &#8211; 01.2005, 1686 ccm, 75 PS<br \/>\n1.7 TD (F08, F48), Yap\u0131m Y\u0131l\u0131 02.1998 &#8211; 08.2000, 1700 ccm, 68 PS<br \/>\n1.8 (F08, F48), Yap\u0131m Y\u0131l\u0131 02.2003 &#8211; 01.2004, 1796 ccm, 110 PS<br \/>\n1.8 16V (F08, F48), Yap\u0131m Y\u0131l\u0131 02.1998 &#8211; 09.2000, 1796 ccm, 116 PS<br \/>\n1.8 16V (F08, F48), Yap\u0131m Y\u0131l\u0131 09.2000 &#8211; 01.2005, 1796 ccm, 125 PS<br \/>\n2.0 16V (F08, F48), Yap\u0131m Y\u0131l\u0131 02.1998 &#8211; 01.2005, 1998 ccm, 136 PS<br \/>\n2.0 16V OPC (F08, F48), Yap\u0131m Y\u0131l\u0131 11.1999 &#8211; 09.2002, 1998 ccm, 160 PS<br \/>\n2.0 DI (F08, F48), Yap\u0131m Y\u0131l\u0131 02.1998 &#8211; 01.2005, 1995 ccm, 82 PS<br \/>\n2.0 DTI 16V (F08, F48), Yap\u0131m Y\u0131l\u0131 08.1999 &#8211; 01.2005, 1995 ccm, 101 PS<br \/>\n2.0 OPC (F08, F48), Yap\u0131m Y\u0131l\u0131 09.2002 &#8211; 01.2005, 1998 ccm, 192 PS<br \/>\n2.0 OPC (F08, F48), Yap\u0131m Y\u0131l\u0131 11.2002 &#8211; 01.2005, 1998 ccm, 200 PS<br \/>\n2.2 16V (F08, F48), Yap\u0131m Y\u0131l\u0131 06.2000 &#8211; 01.2005, 2198 ccm, 147 PS<br \/>\n2.2 DTI (F08, F48), Yap\u0131m Y\u0131l\u0131 09.2002 &#8211; 01.2005, 2172 ccm, 117 PS<br \/>\n2.2 DTI (F08, F48), Yap\u0131m Y\u0131l\u0131 09.2002 &#8211; 01.2005, 2172 ccm, 125 PS<br \/>\nOPEL Astra G Karavan (T98) (Yap\u0131m Y\u0131l\u0131 02.1998 &#8211; 12.2009, 65 &#8211; 200 PS, Dizel, Benzin, Benzin\/Do\u011falgaz (CNG))<br \/>\nOPEL Astra G Sedan (T98) (Yap\u0131m Y\u0131l\u0131 09.1998 &#8211; 12.2009, 65 &#8211; 147 PS, Dizel, Benzin, Benzin\/Petrol Gaz\u0131 (LPG))<br \/>\nOPEL Zafira A (T98) (Yap\u0131m Y\u0131l\u0131 04.1999 &#8211; 06.2005, 82 &#8211; 200 PS, CNG, Dizel, Benzin)<br \/>\nOPEL Astra G Coupe (T98) (Yap\u0131m Y\u0131l\u0131 03.2000 &#8211; 05.2005, 101 &#8211; 200 PS, Dizel, Benzin)<br \/>\nOPEL Astra G Van (F70) (Yap\u0131m Y\u0131l\u0131 01.1999 &#8211; 04.2005, 68 &#8211; 84 PS, Dizel, Benzin)<\/p>\n","protected":false},"featured_media":10587,"comment_status":"open","ping_status":"closed","template":"","meta":{"_joinchat":[]},"product_cat":[21],"product_tag":[7207],"class_list":{"0":"post-10585","1":"product","2":"type-product","3":"status-publish","4":"has-post-thumbnail","6":"product_cat-opel","7":"product_tag-1040085003094-direksiyon-pompa-opel-astra-2-orj-cikma-garantili","9":"first","10":"instock","11":"sale","12":"shipping-taxable","13":"purchasable","14":"product-type-simple"},"_links":{"self":[{"href":"https:\/\/dogan-otomotiv.com\/index.php\/wp-json\/wp\/v2\/product\/10585","targetHints":{"allow":["GET"]}}],"collection":[{"href":"https:\/\/dogan-otomotiv.com\/index.php\/wp-json\/wp\/v2\/product"}],"about":[{"href":"https:\/\/dogan-otomotiv.com\/index.php\/wp-json\/wp\/v2\/types\/product"}],"replies":[{"embeddable":true,"href":"https:\/\/dogan-otomotiv.com\/index.php\/wp-json\/wp\/v2\/comments?post=10585"}],"wp:featuredmedia":[{"embeddable":true,"href":"https:\/\/dogan-otomotiv.com\/index.php\/wp-json\/wp\/v2\/media\/10587"}],"wp:attachment":[{"href":"https:\/\/dogan-otomotiv.com\/index.php\/wp-json\/wp\/v2\/media?parent=10585"}],"wp:term":[{"taxonomy":"product_cat","embeddable":true,"href":"https:\/\/dogan-otomotiv.com\/index.php\/wp-json\/wp\/v2\/product_cat?post=10585"},{"taxonomy":"product_tag","embeddable":true,"href":"https:\/\/dogan-otomotiv.com\/index.php\/wp-json\/wp\/v2\/product_tag?post=10585"}],"curies":[{"name":"wp","href":"https:\/\/api.w.org\/{rel}","templated":true}]}}