{"id":1038,"date":"2020-04-08T07:26:55","date_gmt":"2020-04-08T07:26:55","guid":{"rendered":"https:\/\/dogan-otomotiv.com\/?post_type=product&#038;p=1038"},"modified":"2022-09-30T15:18:24","modified_gmt":"2022-09-30T15:18:24","slug":"96518040-yakit-pompa-daewoo-matiz-0-8-52-hp-96320232-96341749-96518040-72131","status":"publish","type":"product","link":"https:\/\/dogan-otomotiv.com\/index.php\/urun\/96518040-yakit-pompa-daewoo-matiz-0-8-52-hp-96320232-96341749-96518040-72131\/","title":{"rendered":"96518040 Yak\u0131t  pompa Daewoo Matiz 0.8 52 hp 96320232 96341749 96518040 72131"},"content":{"rendered":"<p>Daewoo\tMatiz\t2021\tBenzinli Hatchback\t0,8\t\u0130LER\u0130 &#8212; M100,M150\t796cc 38KW 52HP F8CV<br \/>\n \tDaewoo\tMatiz\t2021\tBenzinli Hatchback\t1.0\t\u0130LER\u0130 &#8212; M100,M150\t995cc 47KW 64HP B10S<br \/>\n \tDaewoo\tMatiz\t2020\tBenzinli Hatchback\t0,8\t\u0130LER\u0130 &#8212; M100,M150\t796cc 38KW 52HP F8CV<br \/>\n \tDaewoo\tMatiz\t2020\tBenzinli Hatchback\t1.0\t\u0130LER\u0130 &#8212; M100,M150\t995cc 47KW 64HP B10S<br \/>\n \tDaewoo\tMatiz\t2019\tBenzinli Hatchback\t0,8\t\u0130LER\u0130 &#8212; M100,M150\t796cc 38KW 52HP F8CV<br \/>\n \tDaewoo\tMatiz\t2019\tBenzinli Hatchback\t1.0\t\u0130LER\u0130 &#8212; M100,M150\t995cc 47KW 64HP B10S<br \/>\n \tDaewoo\tMatiz\t2018\tBenzinli Hatchback\t0,8\t\u0130LER\u0130 &#8212; M100,M150\t796cc 38KW 52HP F8CV<br \/>\n \tDaewoo\tMatiz\t2018\tBenzinli Hatchback\t1.0\t\u0130LER\u0130 &#8212; M100,M150\t995cc 47KW 64HP B10S<br \/>\n \tDaewoo\tMatiz\t2017\tBenzinli Hatchback\t0,8\t\u0130LER\u0130 &#8212; M100,M150\t796cc 38KW 52HP F8CV<br \/>\n \tDaewoo\tMatiz\t2017\tBenzinli Hatchback\t1.0\t\u0130LER\u0130 &#8212; M100,M150\t995cc 47KW 64HP B10S<br \/>\n \tDaewoo\tMatiz\t2016\tBenzinli Hatchback\t0,8\t\u0130LER\u0130 &#8212; M100,M150\t796cc 38KW 52HP F8CV<br \/>\n \tDaewoo\tMatiz\t2016\tBenzinli Hatchback\t1.0\t\u0130LER\u0130 &#8212; M100,M150\t995cc 47KW 64HP B10S<br \/>\n \tDaewoo\tMatiz\t2015\tBenzinli Hatchback\t0,8\t\u0130LER\u0130 &#8212; M100,M150\t796cc 38KW 52HP F8CV<br \/>\n \tDaewoo\tMatiz\t2015\tBenzinli Hatchback\t1.0\t\u0130LER\u0130 &#8212; M100,M150\t995cc 47KW 64HP B10S<br \/>\n \tDaewoo\tMatiz\t2014\tBenzinli Hatchback\t0,8\t\u0130LER\u0130 &#8212; M100,M150\t796cc 38KW 52HP F8CV<br \/>\n \tDaewoo\tMatiz\t2014\tBenzinli Hatchback\t1.0\t\u0130LER\u0130 &#8212; M100,M150\t995cc 47KW 64HP B10S<br \/>\n \tDaewoo\tMatiz\t2013\tBenzinli Hatchback\t0,8\t\u0130LER\u0130 &#8212; M100,M150\t796cc 38KW 52HP F8CV<br \/>\n \tDaewoo\tMatiz\t2013\tBenzinli Hatchback\t1.0\t\u0130LER\u0130 &#8212; M100,M150\t995cc 47KW 64HP B10S<br \/>\n \tDaewoo\tMatiz\t2012\tBenzinli Hatchback\t0,8\t\u0130LER\u0130 &#8212; M100,M150\t796cc 38KW 52HP F8CV<br \/>\n \tDaewoo\tMatiz\t2012\tBenzinli Hatchback\t1.0\t\u0130LER\u0130 &#8212; M100,M150\t995cc 47KW 64HP B10S<br \/>\n        Daewoo\tMatiz\t2011\tPetrol Hatchback\t0.8\tFWD &#8212; M100,M150\t796cc 38KW 52HP F8CV<br \/>\n \tDaewoo\tMatiz\t2011\tPetrol Hatchback\t1.0\tFWD &#8212; M100,M150\t995cc 47KW 64HP B10S<br \/>\n \tDaewoo\tMatiz\t2010\tPetrol Hatchback\t0.8\tFWD &#8212; M100,M150\t796cc 38KW 52HP F8CV<br \/>\n \tDaewoo\tMatiz\t2010\tPetrol Hatchback\t1.0\tFWD &#8212; M100,M150\t995cc 47KW 64HP B10S<br \/>\n \tDaewoo\tMatiz\t2009\tPetrol Hatchback\t0.8\tFWD &#8212; M100,M150\t796cc 38KW 52HP F8CV<br \/>\n \tDaewoo\tMatiz\t2009\tPetrol Hatchback\t1.0\tFWD &#8212; M100,M150\t995cc 47KW 64HP B10S<br \/>\n \tDaewoo\tMatiz\t2008\tPetrol Hatchback\t0.8\tFWD &#8212; M100,M150\t796cc 38KW 52HP F8CV<br \/>\n \tDaewoo\tMatiz\t2008\tPetrol Hatchback\t1.0\tFWD &#8212; M100,M150\t995cc 47KW 64HP B10S<br \/>\n \tDaewoo\tMatiz\t2007\tPetrol Hatchback\t0.8\tFWD &#8212; M100,M150\t796cc 38KW 52HP F8CV<br \/>\n \tDaewoo\tMatiz\t2007\tPetrol Hatchback\t1.0\tFWD &#8212; M100,M150\t995cc 47KW 64HP B10S<br \/>\n \tDaewoo\tMatiz\t2006\tPetrol Hatchback\t0.8\tFWD &#8212; M100,M150\t796cc 38KW 52HP F8CV<br \/>\n \tDaewoo\tMatiz\t2006\tPetrol Hatchback\t1.0\tFWD &#8212; M100,M150\t995cc 47KW 64HP B10S<br \/>\n \tDaewoo\tMatiz\t2005\tPetrol Hatchback\t0.8\tFWD &#8212; M100,M150\t796cc 38KW 52HP F8CV<br \/>\n \tDaewoo\tMatiz\t2005\tPetrol Hatchback\t1.0\tFWD &#8212; M100,M150\t995cc 47KW 64HP B10S<br \/>\n \tDaewoo\tMatiz\t2004\tPetrol Hatchback\t0.8\tFWD &#8212; M100,M150\t796cc 38KW 52HP F8CV<br \/>\n \tDaewoo\tMatiz\t2004\tPetrol Hatchback\t1.0\tFWD &#8212; M100,M150\t995cc 47KW 64HP B10S<br \/>\n \tDaewoo\tMatiz\t2003\tPetrol Hatchback\t0.8\tFWD &#8212; M100,M150\t796cc 38KW 52HP F8CV<br \/>\n \tDaewoo\tMatiz\t2003\tPetrol Hatchback\t1.0\tFWD &#8212; M100,M150\t995cc 47KW 64HP B10S<br \/>\n \tDaewoo\tMatiz\t2002\tPetrol Hatchback\t0.8\tFWD &#8212; M100,M150\t796cc 38KW 52HP F8CV<br \/>\n \tDaewoo\tMatiz\t2002\tPetrol Hatchback Van\t0.8\tFWD &#8212; KLA4\t796cc 38KW 52HP F8C<\/p>\n","protected":false},"excerpt":{"rendered":"<p>DO\u011eAN OTOMOT\u0130V YEDEK PAR\u00c7A<br \/>\nLTD \u015eT\u0130 \u0130VED\u0130K ORGAN\u0130ZE SAN 1471 SOKAK 91-A OST\u0130M ANKARA<br \/>\nSEM\u0130H SAVA\u015e\u00c7I (312) 395 20 95<br \/>\n0533 322 16 09<\/p>\n<p>MUSTAFA SAVA\u015e\u00c7I<br \/>\n0 (312) 395 20 95<br \/>\nIBAN NO: TR 54 0011 1000 0000 0098 3516 19<br \/>\nF\u0130NANSBANK ENPARA<br \/>\n\u015eUBE KODU: 03663<br \/>\nHESAP NO: 98351619<\/p>\n<p>Paket i\u00e7eri\u011fi: 1 Adet<br \/>\nSATI\u015e F\u0130YATI KDV DAH\u0130L pe\u015fin fiyat\u0131d\u0131r<\/p>\n<p>SAAT 18:00 KADAR VER\u0130LEN \u015e\u0130PAR\u0130\u015e AYNI G\u00dcN KARGO \u0130LE G\u00d6NDER\u0130M\u0130 YAPILIR.<br \/>\nKARGO \u0130ADES\u0130 DURUMUNDA<br \/>\nKARGO \u00dcCRET\u0130 M\u00dc\u015eTER\u0130YE A\u0130TT\u0130R. AYRICA KARGODA KIRILAN PAR\u00c7ALARDAN SORUMLU DEY\u0130L\u0130Z<\/p>\n","protected":false},"featured_media":11457,"comment_status":"open","ping_status":"closed","template":"","meta":{"_joinchat":[]},"product_cat":[146],"product_tag":[712],"class_list":{"0":"post-1038","1":"product","2":"type-product","3":"status-publish","4":"has-post-thumbnail","6":"product_cat-hyundai","7":"product_tag-96518040-yakit-pompa-daewoo-matiz-0-8-52-hp-96320232-96341749-96518040-72131","9":"first","10":"instock","11":"sale","12":"shipping-taxable","13":"purchasable","14":"product-type-simple"},"_links":{"self":[{"href":"https:\/\/dogan-otomotiv.com\/index.php\/wp-json\/wp\/v2\/product\/1038","targetHints":{"allow":["GET"]}}],"collection":[{"href":"https:\/\/dogan-otomotiv.com\/index.php\/wp-json\/wp\/v2\/product"}],"about":[{"href":"https:\/\/dogan-otomotiv.com\/index.php\/wp-json\/wp\/v2\/types\/product"}],"replies":[{"embeddable":true,"href":"https:\/\/dogan-otomotiv.com\/index.php\/wp-json\/wp\/v2\/comments?post=1038"}],"wp:featuredmedia":[{"embeddable":true,"href":"https:\/\/dogan-otomotiv.com\/index.php\/wp-json\/wp\/v2\/media\/11457"}],"wp:attachment":[{"href":"https:\/\/dogan-otomotiv.com\/index.php\/wp-json\/wp\/v2\/media?parent=1038"}],"wp:term":[{"taxonomy":"product_cat","embeddable":true,"href":"https:\/\/dogan-otomotiv.com\/index.php\/wp-json\/wp\/v2\/product_cat?post=1038"},{"taxonomy":"product_tag","embeddable":true,"href":"https:\/\/dogan-otomotiv.com\/index.php\/wp-json\/wp\/v2\/product_tag?post=1038"}],"curies":[{"name":"wp","href":"https:\/\/api.w.org\/{rel}","templated":true}]}}