{"id":1034,"date":"2020-04-08T07:16:36","date_gmt":"2020-04-08T07:16:36","guid":{"rendered":"https:\/\/dogan-otomotiv.com\/?post_type=product&#038;p=1034"},"modified":"2023-12-08T12:31:34","modified_gmt":"2023-12-08T12:31:34","slug":"0580200203-yakit-pompasi-samandirasi-benzin-nissan-qashqai-2015-1-6d-i30","status":"publish","type":"product","link":"https:\/\/dogan-otomotiv.com\/index.php\/urun\/0580200203-yakit-pompasi-samandirasi-benzin-nissan-qashqai-2015-1-6d-i30\/","title":{"rendered":"0580200203 YAKIT POMPASI \u015eAMANDIRASI BENZ\u0130N NISSAN QASHQAI 20151.6D i30 170404ED0A"},"content":{"rendered":"<p>0580200203 YAKIT POMPASI\/\u015eAMANDIRASI BENZ\u0130N<\/p>\n<p>HYUNDAI i30 (GD) Yak\u0131t Deposu Pompas\u0131 0580200203 3832996<\/p>\n<p>170404ED0A Renault Kadjar 1.2 Tce Benzin \u015eamand\u0131ras\u0131<\/p>\n<p>0580200203<\/p>\n<p>170404ED0A<br \/>\nS0023A987<\/p>\n<p>NISSAN QASHQAI (C2) 13-17 UYUMLU<\/p>\n<p>15 RENAULT KADJAR 1.2TCE UYUMLU<\/p>\n","protected":false},"excerpt":{"rendered":"<p>DO\u011eAN OTOMOT\u0130V YEDEK PAR\u00c7A<br \/>\nLTD \u015eT\u0130 \u0130VED\u0130K ORGAN\u0130ZE SAN 1471 SOKAK 91-A OST\u0130M ANKARA<br \/>\nSEM\u0130H SAVA\u015e\u00c7I (312) 395 20 95<br \/>\n0533 322 16 09<\/p>\n<p>MUSTAFA SAVA\u015e\u00c7I<br \/>\n0 (312) 395 20 95<br \/>\nIBAN NO: TR 54 0011 1000 0000 0098 3516 19<br \/>\nF\u0130NANSBANK ENPARA<br \/>\n\u015eUBE KODU: 03663<br \/>\nHESAP NO: 98351619<\/p>\n<p>SATI\u015e F\u0130YATI KDV DAH\u0130L 1 ADET<br \/>\nSAAT 17:00 KADAR VER\u0130LEN \u015e\u0130PAR\u0130\u015e AYNI G\u00dcN KARGO \u0130LE G\u00d6NDER\u0130M\u0130 YAPILIR.<br \/>\nKARGO \u0130ADES\u0130 DURUMUNDA<br \/>\nKARGO \u00dcCRET\u0130 M\u00dc\u015eTER\u0130YE A\u0130TT\u0130R. AYRICA KARGODA KIRILAN PAR\u00c7ALARDAN SORUMLU DEY\u0130L\u0130Z<\/p>\n","protected":false},"featured_media":14646,"comment_status":"open","ping_status":"closed","template":"","meta":{"_joinchat":[]},"product_cat":[146],"product_tag":[4018],"class_list":{"0":"post-1034","1":"product","2":"type-product","3":"status-publish","4":"has-post-thumbnail","6":"product_cat-hyundai","7":"product_tag-0580200203-yakit-pompasi-samandirasi-benzin-renault-nissan-qashqai-2015-1-6d-i30","9":"first","10":"instock","11":"sale","12":"shipping-taxable","13":"purchasable","14":"product-type-simple"},"_links":{"self":[{"href":"https:\/\/dogan-otomotiv.com\/index.php\/wp-json\/wp\/v2\/product\/1034","targetHints":{"allow":["GET"]}}],"collection":[{"href":"https:\/\/dogan-otomotiv.com\/index.php\/wp-json\/wp\/v2\/product"}],"about":[{"href":"https:\/\/dogan-otomotiv.com\/index.php\/wp-json\/wp\/v2\/types\/product"}],"replies":[{"embeddable":true,"href":"https:\/\/dogan-otomotiv.com\/index.php\/wp-json\/wp\/v2\/comments?post=1034"}],"wp:featuredmedia":[{"embeddable":true,"href":"https:\/\/dogan-otomotiv.com\/index.php\/wp-json\/wp\/v2\/media\/14646"}],"wp:attachment":[{"href":"https:\/\/dogan-otomotiv.com\/index.php\/wp-json\/wp\/v2\/media?parent=1034"}],"wp:term":[{"taxonomy":"product_cat","embeddable":true,"href":"https:\/\/dogan-otomotiv.com\/index.php\/wp-json\/wp\/v2\/product_cat?post=1034"},{"taxonomy":"product_tag","embeddable":true,"href":"https:\/\/dogan-otomotiv.com\/index.php\/wp-json\/wp\/v2\/product_tag?post=1034"}],"curies":[{"name":"wp","href":"https:\/\/api.w.org\/{rel}","templated":true}]}}