{"id":1024,"date":"2020-04-07T13:32:20","date_gmt":"2020-04-07T13:32:20","guid":{"rendered":"https:\/\/dogan-otomotiv.com\/?post_type=product&#038;p=1024"},"modified":"2025-03-15T09:22:17","modified_gmt":"2025-03-15T09:22:17","slug":"a9064705894-yakit-pompasi-samandirasi-dizel-merc-sprinter-906","status":"publish","type":"product","link":"https:\/\/dogan-otomotiv.com\/index.php\/urun\/a9064705894-yakit-pompasi-samandirasi-dizel-merc-sprinter-906\/","title":{"rendered":"A9064705894 YAKIT POMPASI \/\u015eAMANDIRASI D\u0130ZEL MERC SPR\u0130NTER 906"},"content":{"rendered":"<p>DO\u011eAN OTOMOT\u0130V YEDEK PAR\u00c7A<\/p>\n<p>SEM\u0130H SAVA\u015e\u00c7I<\/p>\n<p>0 (312) 395 20 95<\/p>\n<p>IBAN NO: TR56 0011 1000 0000 0088 9009 70  <\/p>\n<p>F\u0130NANSBANK ENPARA<\/p>\n<p>\u015eUBE KODU: 03663<\/p>\n<p>HESAP NO: 88900970<\/p>\n<p>KARGO \u0130ADES\u0130 DURUMUNDA<\/p>\n<p>KARGO \u00dcCRET\u0130 M\u00dc\u015eTER\u0130YE A\u0130TT\u0130R.<\/p>\n<p>TOPLU S\u0130PAR\u0130\u015eLER\u0130N\u0130Z \u0130\u00c7\u0130N: doganotoyedekparcavw@gmail.com<\/p>\n","protected":false},"excerpt":{"rendered":"<p>Ara\u00e7lar i\u00e7in uygun<br \/>\nMercedes-Benz<br \/>\n4 model<\/p>\n<p>SPRINTER 3-t Otob\u00fcs (906)<\/p>\n<p>210 CDI (906.711, 906.713) (OM 651.955) 2143ccm 95KM \/ 70kW 2009 \/ 03-2013 \/ 12<\/p>\n<p>211 CDI (906.711, 906.713) (OM 646.985) 2148ccm 109KM \/ 80kW 2006 \/ 06-2009 \/ 12<\/p>\n<p>213 CDI (906.711, 906.713) (OM 651.955) 2143ccm 129KM \/ 95kW 2006 \/ 06-2016 \/ 05<\/p>\n<p>215 CDI (906.711, 906.713) (OM 646.986 OM 646.989 OM 646.990) 2148ccm 150KM \/ 110kW 2006 \/ 06-2009 \/ 12<\/p>\n","protected":false},"featured_media":14811,"comment_status":"open","ping_status":"closed","template":"","meta":{"_joinchat":[]},"product_cat":[23],"product_tag":[8371],"class_list":{"0":"post-1024","1":"product","2":"type-product","3":"status-publish","4":"has-post-thumbnail","6":"product_cat-mercedes","7":"product_tag-a9064705894-yakit-pompasi-samandirasi-dizel-merc-sprinter-906","9":"first","10":"instock","11":"sale","12":"shipping-taxable","13":"purchasable","14":"product-type-simple"},"_links":{"self":[{"href":"https:\/\/dogan-otomotiv.com\/index.php\/wp-json\/wp\/v2\/product\/1024","targetHints":{"allow":["GET"]}}],"collection":[{"href":"https:\/\/dogan-otomotiv.com\/index.php\/wp-json\/wp\/v2\/product"}],"about":[{"href":"https:\/\/dogan-otomotiv.com\/index.php\/wp-json\/wp\/v2\/types\/product"}],"replies":[{"embeddable":true,"href":"https:\/\/dogan-otomotiv.com\/index.php\/wp-json\/wp\/v2\/comments?post=1024"}],"wp:featuredmedia":[{"embeddable":true,"href":"https:\/\/dogan-otomotiv.com\/index.php\/wp-json\/wp\/v2\/media\/14811"}],"wp:attachment":[{"href":"https:\/\/dogan-otomotiv.com\/index.php\/wp-json\/wp\/v2\/media?parent=1024"}],"wp:term":[{"taxonomy":"product_cat","embeddable":true,"href":"https:\/\/dogan-otomotiv.com\/index.php\/wp-json\/wp\/v2\/product_cat?post=1024"},{"taxonomy":"product_tag","embeddable":true,"href":"https:\/\/dogan-otomotiv.com\/index.php\/wp-json\/wp\/v2\/product_tag?post=1024"}],"curies":[{"name":"wp","href":"https:\/\/api.w.org\/{rel}","templated":true}]}}