{"id":1018,"date":"2020-04-07T13:17:07","date_gmt":"2020-04-07T13:17:07","guid":{"rendered":"https:\/\/dogan-otomotiv.com\/?post_type=product&#038;p=1018"},"modified":"2021-06-01T11:40:47","modified_gmt":"2021-06-01T11:40:47","slug":"6r0919050h-yakit-pompasi-samandirasi-dizel-vw-polo-16-tdi","status":"publish","type":"product","link":"https:\/\/dogan-otomotiv.com\/index.php\/urun\/6r0919050h-yakit-pompasi-samandirasi-dizel-vw-polo-16-tdi\/","title":{"rendered":"6R0919050-H YAKIT POMPASI\/\u015eAMANDIRASI D\u0130ZEL VW POLO 1,6 TDI"},"content":{"rendered":"<p>R0919050\/6R0919050H YAKIT DEPO \u015eAMANDIRASI D\u0130ZEL AUDI A1 11-14 1,2 CFW MOTORA UYUMLU<\/p>\n<p>AUDI    6C0919050B<br \/>\nAUDI    6R0919050M<br \/>\nAUDI    6R0919050AH<br \/>\nAUDI    6R0919050R<br \/>\nAUDI    6R0919050B<br \/>\nAUDI    6R0919050E<br \/>\nAUDI    6R0919050AB<br \/>\nSEAT    6C0919050B<br \/>\nSEAT    6R0919050M<br \/>\nSEAT    6R0919050AH<br \/>\nSEAT    6R0919050B<br \/>\nSEAT    6R0919050E<br \/>\nSEAT    6R0919050R<br \/>\nSEAT    6R0919050AB<br \/>\nSKODA    6C0919050B<br \/>\nSKODA    6R0919050M<br \/>\nSKODA    6R0919050AH<br \/>\nSKODA    6R0919050B<br \/>\nSKODA    6R0919050E<br \/>\nSKODA    6R0919050R<br \/>\nSKODA    6R0919050AB<br \/>\nVAG    6R0919050AB<br \/>\nVAG    6C0919050B<br \/>\nVAG    6R0919050M<br \/>\nVAG    6R0919050AH<br \/>\nVAG    6R0919050E<br \/>\nVAG    6R0919050B<br \/>\nVAG    6R0919050R<br \/>\nVW    6C0919050B<br \/>\nVW    6R0919050M<br \/>\nVW    6R0919050AH<br \/>\nVW    6R0919050R<br \/>\nVW    6R0919050AB<br \/>\nVW    6R0919050E<br \/>\nVW    6R0919050B<\/p>\n<p>SEAT    IBIZA IV (6J5, 6P1)    2015-05-01 &#8211;    1.4 TDI    Hatchback    1422ccm 66kW 90HP (Diesel)<br \/>\nSEAT    IBIZA IV (6J5, 6P1)    2015-05-01 &#8211;    1.4 TDI    Hatchback    1422ccm 77kW 105HP (Diesel)<br \/>\nSEAT    IBIZA IV ST (6J8, 6P8)    2015-05-01 &#8211;    1.4 TDI    Estate    1422ccm 66kW 90HP (Diesel)<br \/>\nSEAT    IBIZA IV ST (6J8, 6P8)    2015-05-01 &#8211;    1.4 TDI    Estate    1422ccm 77kW 105HP (Diesel)<br \/>\nSEAT    IBIZA IV ST (6J8, 6P8)    2015-05-01 &#8211;    1.4 TDI    Estate    1422ccm 55kW 75HP (Diesel)<br \/>\nSKODA    FABIA II (542)    2010-05-01 &#8211; 2014-12-31    1.2 TDI    Hatchback    1199ccm 55kW 75HP (Diesel)<br \/>\nSKODA    FABIA II (542)    2007-01-01 &#8211; 2010-03-31    1.4 TDI    Hatchback    1422ccm 59kW 80HP (Diesel)<br \/>\nSKODA    FABIA II (542)    2007-02-01 &#8211; 2010-03-31    1.4 TDI    Hatchback    1422ccm 51kW 70HP (Diesel)<br \/>\nSKODA    FABIA II (542)    2010-03-01 &#8211; 2014-12-31    1.6 TDI    Hatchback    1598ccm 66kW 90HP (Diesel)<br \/>\nSKODA    FABIA II (542)    2010-03-01 &#8211; 2014-12-31    1.6 TDI    Hatchback    1598ccm 77kW 105HP (Diesel)<br \/>\nSKODA    FABIA II (542)    2010-04-01 &#8211; 2014-12-31    1.6 TDI    Hatchback    1598ccm 55kW 75HP (Diesel)<br \/>\nSKODA    FABIA II (542)    2007-04-01 &#8211; 2010-03-31    1.9 TDI    Hatchback    1896ccm 77kW 105HP (Diesel)<br \/>\nSKODA    FABIA III (NJ3)    2014-08-01 &#8211;    1.4 TDI    Hatchback    1422ccm 66kW 90HP (Diesel)<br \/>\nSKODA    FABIA III (NJ3)    2014-08-01 &#8211;    1.4 TDI    Hatchback    1422ccm 77kW 105HP (Diesel)<br \/>\nSKODA    FABIA III (NJ3)    2015-05-01 &#8211;    1.4 TDI    Hatchback    1422ccm 55kW 75HP (Diesel)<br \/>\nVW    POLO (6R1, 6C1)    2009-10-01 &#8211;    1.2 TDI    Hatchback    1199ccm 55kW 75HP (Diesel)<br \/>\nVW    POLO (6R1, 6C1)    2009-06-01 &#8211;    1.6 TDI    Hatchback    1598ccm 55kW 75HP (Diesel)<br \/>\nVW    POLO (6R1, 6C1)    2009-06-01 &#8211;    1.6 TDI    Hatchback    1598ccm 66kW 90HP (Diesel)<br \/>\nVW    POLO (6R1, 6C1)    2009-06-01 &#8211;    1.6 TDI    Hatchback    1598ccm 77kW 105HP (Diesel)<\/p>\n","protected":false},"excerpt":{"rendered":"<p>DO\u011eAN OTOMOT\u0130V YEDEK PAR\u00c7A<br \/>\nLTD \u015eT\u0130 \u0130VED\u0130K ORGAN\u0130ZE SAN 1471 SOKAK 91-A OST\u0130M ANKARA<br \/>\nSEM\u0130H SAVA\u015e\u00c7I (312) 395 20 95<br \/>\n0533 322 16 09<\/p>\n<p>MUSTAFA SAVA\u015e\u00c7I<br \/>\n0 (312) 395 20 95<br \/>\nIBAN NO: TR 54 0011 1000 0000 0098 3516 19<br \/>\nF\u0130NANSBANK ENPARA<br \/>\n\u015eUBE KODU: 03663<br \/>\nHESAP NO: 98351619<\/p>\n<p>Paket i\u00e7eri\u011fi: 1 Adet<br \/>\nSATI\u015e F\u0130YATI KDV DAH\u0130L pe\u015fin fiyat\u0131d\u0131r<\/p>\n<p>SAAT 18:00 KADAR VER\u0130LEN \u015e\u0130PAR\u0130\u015e AYNI G\u00dcN KARGO \u0130LE G\u00d6NDER\u0130M\u0130 YAPILIR.<br \/>\nKARGO \u0130ADES\u0130 DURUMUNDA<br \/>\nKARGO \u00dcCRET\u0130 M\u00dc\u015eTER\u0130YE A\u0130TT\u0130R. AYRICA KARGODA KIRILAN PAR\u00c7ALARDAN SORUMLU DEY\u0130L\u0130Z<\/p>\n","protected":false},"featured_media":1090,"comment_status":"open","ping_status":"closed","template":"","meta":{"_joinchat":[]},"product_cat":[15,24,19,20],"product_tag":[686,687,685],"class_list":{"0":"post-1018","1":"product","2":"type-product","3":"status-publish","4":"has-post-thumbnail","6":"product_cat-volkswagen","7":"product_cat-audi","8":"product_cat-seat","9":"product_cat-skoda","10":"product_tag-6-tdi","11":"product_tag-6r0919050h","12":"product_tag-6r0919050h-yakit-pompasi-samandirasi-dizel-vw-polo-1","14":"first","15":"instock","16":"sale","17":"shipping-taxable","18":"purchasable","19":"product-type-simple"},"_links":{"self":[{"href":"https:\/\/dogan-otomotiv.com\/index.php\/wp-json\/wp\/v2\/product\/1018","targetHints":{"allow":["GET"]}}],"collection":[{"href":"https:\/\/dogan-otomotiv.com\/index.php\/wp-json\/wp\/v2\/product"}],"about":[{"href":"https:\/\/dogan-otomotiv.com\/index.php\/wp-json\/wp\/v2\/types\/product"}],"replies":[{"embeddable":true,"href":"https:\/\/dogan-otomotiv.com\/index.php\/wp-json\/wp\/v2\/comments?post=1018"}],"wp:featuredmedia":[{"embeddable":true,"href":"https:\/\/dogan-otomotiv.com\/index.php\/wp-json\/wp\/v2\/media\/1090"}],"wp:attachment":[{"href":"https:\/\/dogan-otomotiv.com\/index.php\/wp-json\/wp\/v2\/media?parent=1018"}],"wp:term":[{"taxonomy":"product_cat","embeddable":true,"href":"https:\/\/dogan-otomotiv.com\/index.php\/wp-json\/wp\/v2\/product_cat?post=1018"},{"taxonomy":"product_tag","embeddable":true,"href":"https:\/\/dogan-otomotiv.com\/index.php\/wp-json\/wp\/v2\/product_tag?post=1018"}],"curies":[{"name":"wp","href":"https:\/\/api.w.org\/{rel}","templated":true}]}}