{"id":1008,"date":"2020-04-07T12:44:01","date_gmt":"2020-04-07T12:44:01","guid":{"rendered":"https:\/\/dogan-otomotiv.com\/?post_type=product&#038;p=1008"},"modified":"2022-11-05T10:31:52","modified_gmt":"2022-11-05T10:31:52","slug":"1j0919087h-yakit-pompasi-golf-iv-vw-yeni-alman-mali","status":"publish","type":"product","link":"https:\/\/dogan-otomotiv.com\/index.php\/urun\/1j0919087h-yakit-pompasi-golf-iv-vw-yeni-alman-mali\/","title":{"rendered":"1J0919087H  Yak\u0131t Pompas\u0131 GOLF IV  VW YEN\u0130 ALMAN MALI"},"content":{"rendered":"<p>110581756 YAKIT POMPASI TOPRAN AUDI A3 C2-           ORJ SERV\u0130S MALI YEN\u0130<br \/>\n1J0919087H ORJ SERV\u0130S MALI YEN\u0130<br \/>\nAUDI A3 Hatchback (3 Kap\u0131), SKODA OCTAVIA Hatchback, VW GOLF Hatchback, VW NEW BEETLE, VW BORA Sedan, SEAT TOLEDO Sedan, VW GOLF Station (SW), VW BORA Station (SW), SEAT LEON Hatchback, VW NEW BEETLE Cabrio, SKODA ROOMSTER, SKODA ROOMSTER Praktik Van<\/p>\n<p>VW<\/p>\n<p>Beetle\/Cabrio\uff1a<br \/>\n1999&#8211;2010<br \/>\n1.4L\uff08petrol\uff09BCA<br \/>\n1.6L\uff08petrol\uff09AWH\/AYD\/BFS<br \/>\n1.8T\uff08petrol\uff09AVC\/AWU\/AWV\/AWU<br \/>\n2.0L\uff08petrol\uff09AEG\/AQY\/AVH\/BER\/AZJ\/BEV\/CBPA<\/p>\n<p>Bora\uff1a<br \/>\n1999&#8211;2005<br \/>\n1.4L\uff08petrol\uff09AHW\/AKQ\/APE\/AXP<br \/>\n1.6L\uff08petrol\uff09AUS\/ATN\/BAD<br \/>\n1.8T\uff08petrol\uff09AUM\/AGN\/AUQ\/AGU<br \/>\n2.0L\uff08petrol\uff09AZH\/AQY\/APK\/AZJ\/AZG<\/p>\n<p>Golf\uff1a<br \/>\n1998&#8211;2006<br \/>\n1.4L\uff08petrol\uff09AHW\/AKQ\/BCA<br \/>\n1.6L\uff08petrol\uff09AEH\/AKL\/BAD\/BFQ\/BCB<br \/>\n1.8T\uff08petrol\uff09AUM\/AUQ\/AGU<br \/>\n2.0L\uff08petrol\uff09AZH\/AZG\/APK\/AQY\/AZJ\/BEH<\/p>\n","protected":false},"excerpt":{"rendered":"<p>DO\u011eAN OTOMOT\u0130V YEDEK PAR\u00c7A<br \/>\nLTD \u015eT\u0130 \u0130VED\u0130K ORGAN\u0130ZE SAN 1471 SOKAK 91-A OST\u0130M ANKARA<br \/>\nSEM\u0130H SAVA\u015e\u00c7I (312) 395 20 95<br \/>\n0533 322 16 09<\/p>\n<p>MUSTAFA SAVA\u015e\u00c7I<br \/>\n0 (312) 395 20 95<br \/>\nIBAN NO: TR 54 0011 1000 0000 0098 3516 19<br \/>\nF\u0130NANSBANK ENPARA<br \/>\n\u015eUBE KODU: 03663<br \/>\nHESAP NO: 98351619<\/p>\n<p>Paket i\u00e7eri\u011fi: 1 Adet<br \/>\nSATI\u015e F\u0130YATI KDV DAH\u0130L pe\u015fin fiyat\u0131d\u0131r<\/p>\n<p>SAAT 18:00 KADAR VER\u0130LEN \u015e\u0130PAR\u0130\u015e AYNI G\u00dcN KARGO \u0130LE G\u00d6NDER\u0130M\u0130 YAPILIR.<br \/>\nKARGO \u0130ADES\u0130 DURUMUNDA<br \/>\nKARGO \u00dcCRET\u0130 M\u00dc\u015eTER\u0130YE A\u0130TT\u0130R. AYRICA KARGODA KIRILAN PAR\u00c7ALARDAN SORUMLU DEY\u0130L\u0130Z<\/p>\n","protected":false},"featured_media":11641,"comment_status":"open","ping_status":"closed","template":"","meta":{"_joinchat":[]},"product_cat":[15,24,19,20],"product_tag":[8253,7720],"class_list":{"0":"post-1008","1":"product","2":"type-product","3":"status-publish","4":"has-post-thumbnail","6":"product_cat-volkswagen","7":"product_cat-audi","8":"product_cat-seat","9":"product_cat-skoda","10":"product_tag-1j0919087","11":"product_tag-1j0919087h-yakit-pompasi-golf-iv-vw-yeni-alman-mali","13":"first","14":"instock","15":"sale","16":"shipping-taxable","17":"purchasable","18":"product-type-simple"},"_links":{"self":[{"href":"https:\/\/dogan-otomotiv.com\/index.php\/wp-json\/wp\/v2\/product\/1008","targetHints":{"allow":["GET"]}}],"collection":[{"href":"https:\/\/dogan-otomotiv.com\/index.php\/wp-json\/wp\/v2\/product"}],"about":[{"href":"https:\/\/dogan-otomotiv.com\/index.php\/wp-json\/wp\/v2\/types\/product"}],"replies":[{"embeddable":true,"href":"https:\/\/dogan-otomotiv.com\/index.php\/wp-json\/wp\/v2\/comments?post=1008"}],"wp:featuredmedia":[{"embeddable":true,"href":"https:\/\/dogan-otomotiv.com\/index.php\/wp-json\/wp\/v2\/media\/11641"}],"wp:attachment":[{"href":"https:\/\/dogan-otomotiv.com\/index.php\/wp-json\/wp\/v2\/media?parent=1008"}],"wp:term":[{"taxonomy":"product_cat","embeddable":true,"href":"https:\/\/dogan-otomotiv.com\/index.php\/wp-json\/wp\/v2\/product_cat?post=1008"},{"taxonomy":"product_tag","embeddable":true,"href":"https:\/\/dogan-otomotiv.com\/index.php\/wp-json\/wp\/v2\/product_tag?post=1008"}],"curies":[{"name":"wp","href":"https:\/\/api.w.org\/{rel}","templated":true}]}}