{"id":45,"date":"2020-01-27T12:23:51","date_gmt":"2020-01-27T12:23:51","guid":{"rendered":"https:\/\/dogan-otomotiv.com\/?page_id=45"},"modified":"2020-02-06T12:13:50","modified_gmt":"2020-02-06T12:13:50","slug":"hakkimizda","status":"publish","type":"page","link":"https:\/\/dogan-otomotiv.com\/index.php\/hakkimizda\/","title":{"rendered":"Hakk\u0131m\u0131zda"},"content":{"rendered":"<div class=\"wpb-content-wrapper\"><p>[vc_row][vc_column width=&#8221;1\/3&#8243;][vc_column_text]<\/p>\n<h2 class=\"highlight\" style=\"text-align: center;\">Bizi Tan\u0131y\u0131n<\/h2>\n<p>Y\u0131llar\u0131n eskitemedi\u011fi firma <strong>Do\u011fan otomotiv Ankara Ostim<\/strong>de siz de\u011ferli m\u00fc\u015fterilerine y\u0131llard\u0131r hizmet vermektedir. Teknolojinin geli\u015fti\u011fi g\u00fcn\u00fcm\u00fczde <strong>Do\u011fan otomotiv<\/strong>de internet \u00fczerinden N11, Hepsiburada ve sahibinden gibi al\u0131\u015fveri\u015f siteleri \u00fczerinden \u00fcr\u00fcnlerin satmaktad\u0131r. M\u00fc\u015fterilerine daha uygun fiyatlara sat\u0131\u015f yapabilmek i\u00e7in \u00fcr\u00fcn sat\u0131\u015f\u0131 hizmetini kendi sitesi \u00fczerinden de verecektir.[\/vc_column_text][\/vc_column][vc_column width=&#8221;1\/3&#8243;][vc_column_text]<\/p>\n<h2 class=\"highlight\" style=\"text-align: center;\">Yapt\u0131\u011f\u0131m\u0131z<\/h2>\n<p>Tecr\u00fcbemiz ve kararl\u0131l\u0131\u011f\u0131m\u0131zla k\u0131ymetli m\u00fc\u015fterilerimize satt\u0131\u011f\u0131m\u0131z yedek par\u00e7a ve \u00fcr\u00fcnleri en uygun ve en h\u0131zl\u0131 \u015fekilde ula\u015ft\u0131rmaktad\u0131r. Size daha iyi ve daha \u00e7ok \u00e7e\u015fitli \u00fcr\u00fcn ve hizmet ula\u015ft\u0131rmak \u00e7a\u011f\u0131n gerektirdi\u011fi \u015fekilde online hizmet vermek i\u00e7in sitemizi ve bizi ziyaret edebilirsiniz. Bize g\u00fcvendi\u011finiz i\u00e7in \u00e7ok te\u015fekk\u00fcr ederiz.<\/p>\n<p><strong>Do\u011fan Otomotiv Ankara<\/strong>[\/vc_column_text][\/vc_column][vc_column width=&#8221;1\/3&#8243;][vc_column_text]<\/p>\n<h2 class=\"highlight\" style=\"text-align: center;\">Yapacaklar\u0131m\u0131z<\/h2>\n<p><strong>Do\u011fan Otomotiv Ankara<\/strong> ailesi olarak yak\u0131n gelecekte portf\u00f6y ve sat\u0131\u015f a\u011f\u0131n\u0131 geni\u015fleterek m\u00fc\u015fterilerine daha iyi, daha hesapl\u0131, ve daha h\u0131zl\u0131 hizmet vermeyi planlamaktad\u0131r. Bu g\u00fcn temellerini att\u0131\u011f\u0131m\u0131z internet \u00fczerinden ve online firmalar arac\u0131l\u0131\u011f\u0131 ile yapt\u0131\u011f\u0131m\u0131z sat\u0131\u015f ve \u00fcr\u00fcn \u00e7e\u015fitlili\u011fini artt\u0131rmak, bu \u00e7e\u015fitleri sosyal medya hesaplar\u0131 \u00fczerinden duyurarak ihtiya\u00e7 sahiplerine ula\u015ft\u0131rmaya \u00e7al\u0131\u015facakt\u0131r.[\/vc_column_text][\/vc_column][\/vc_row][vc_row][vc_column width=&#8221;1\/3&#8243;][vc_single_image image=&#8221;160&#8243; img_size=&#8221;full&#8221; onclick=&#8221;custom_link&#8221; link=&#8221;https:\/\/dogan-otomotiv.com\/index.php\/iletisim\/&#8221;][vc_column_text]<\/p>\n<h3 style=\"text-align: center;\">45 Y\u0131ld\u0131r hizmetinizdeyiz<\/h3>\n<address><strong>Do\u011fan Otomotiv Yedek Par\u00e7a San.Tic.LTD.\u015eT\u0130 <\/strong>1975 y\u0131l\u0131nda kurulmu\u015f bir firmad\u0131r. O g\u00fcnden beri siz de\u011ferli m\u00fc\u015fterilerine : \u0130vogsan Ar\u0131 Sanayi sitesi 1471.Sokak 19\/A Ostim PK:06378\u00a0<strong>Yenimahalle\/ Ankara <\/strong>adresinde hizmet vermektedir<\/address>\n<p>[\/vc_column_text][\/vc_column][vc_column width=&#8221;1\/3&#8243;][vc_single_image image=&#8221;163&#8243; img_size=&#8221;full&#8221; onclick=&#8221;custom_link&#8221; link=&#8221;https:\/\/dogan-otomotiv.com\/index.php\/magaza\/&#8221;][vc_column_text]<\/p>\n<h3 style=\"text-align: center;\">On binlerce stoklu \u00fcr\u00fcn<\/h3>\n<p>Do\u011fan otomotiv Audi, Bmw, Mercedes, Opel, Renault, Peugeot, Seat, Skoda,Ford,Volkswagen Yedek par\u00e7alar\u0131 satmaktad\u0131r. Firmam\u0131z arac\u0131n\u0131za uygun onbinlerce \u00e7e\u015fit bu \u00fcr\u00fcnleri kendi \u00fcr\u00fcn sto\u011funda bulundurmaktad\u0131r.[\/vc_column_text][\/vc_column][vc_column width=&#8221;1\/3&#8243;][vc_single_image image=&#8221;166&#8243; img_size=&#8221;full&#8221; onclick=&#8221;custom_link&#8221; link=&#8221;https:\/\/dogan-otomotiv.com\/index.php\/hesabim\/&#8221;][vc_column_text]<\/p>\n<h3 style=\"text-align: center;\">Sipari\u015fler adrese teslim<\/h3>\n<p>Firmam\u0131za verdi\u011finiz \u00fcr\u00fcn sipari\u015fleri e\u011fer 15:30 a kadar verilmi\u015fse ayn\u0131 g\u00fcn hasar g\u00f6rmeyecek \u015fekilde \u00f6zenle paketlenerek kargoya teslim edilir. E\u011fer hafta sonuna denk gelmemi\u015fse muhtemelen \u00fcr\u00fcn bir g\u00fcn sonra kap\u0131n\u0131zdan teslim alabilirsiniz.[\/vc_column_text][\/vc_column][\/vc_row][vc_row][vc_column][vc_custom_heading text=&#8221;Firmam\u0131z&#8221; font_container=&#8221;tag:h4|text_align:center&#8221;][vc_column_text]<span lang=\"TR\">1975 Tarihinde kurulan firmam\u0131z Resmi olarak 1983 y\u0131l\u0131nda Ankara B\u00fcy\u00fck Sanayi`de Tofa\u015f Yedek Par\u00e7a yetkili sat\u0131c\u0131s\u0131 olarak ticari hayat\u0131na ba\u015flayan Do\u011fan Otomotiv Yedek Par\u00e7a Ltd.\u015eti. Volkswagen, Audi, Skoda ve Seat ara\u00e7 gruplar\u0131n\u0131n yan\u0131 s\u0131ra 2015 y\u0131l\u0131nda \u00fcr\u00fcn yelpazesine Opel, Ford, Peugeot, Renault, Mercedes-Benz ve BMW markalar\u0131n\u0131 da eklemi\u015ftir. \u0130thal ve OEM yedek par\u00e7alar\u0131n\u0131n kaporta ve mekanik aksamlar\u0131n\u0131 40 y\u0131la yak\u0131n s\u00fcredir perakende ve toptan olarak m\u00fc\u015fterilerine sunmaktad\u0131r.<br \/>\n<\/span><span lang=\"TR\"><br \/>\n<\/span><span lang=\"TR\">Amac\u0131m\u0131z; kuruldu\u011fumuz g\u00fcnden bug\u00fcne kadar otomotiv sekt\u00f6r\u00fcnde yedek par\u00e7a sat\u0131\u015f\u0131n\u0131 m\u00fc\u015fteri-sat\u0131c\u0131 g\u00fcven ili\u015fkisi ile devam ettirmek ve s\u00fcrd\u00fcrmektir.<\/span><\/p>\n<p><span lang=\"TR\"><strong>Sitemizde bulunan b\u00fct\u00fcn \u00fcr\u00fcnleri firmam\u0131za gelip g\u00f6rme imkan\u0131n\u0131z bulunmaktad\u0131r<\/strong>.<\/span>[\/vc_column_text][\/vc_column][\/vc_row]<\/p>\n<\/div>","protected":false},"excerpt":{"rendered":"<p>[vc_row][vc_column width=&#8221;1\/3&#8243;][vc_column_text] Bizi Tan\u0131y\u0131n Y\u0131llar\u0131n eskitemedi\u011fi firma Do\u011fan otomotiv Ankara Ostimde siz de\u011ferli m\u00fc\u015fterilerine y\u0131llard\u0131r hizmet vermektedir. Teknolojinin geli\u015fti\u011fi g\u00fcn\u00fcm\u00fczde Do\u011fan otomotivde internet \u00fczerinden N11, Hepsiburada ve sahibinden gibi al\u0131\u015fveri\u015f<\/p>\n","protected":false},"author":1,"featured_media":0,"parent":0,"menu_order":0,"comment_status":"closed","ping_status":"closed","template":"","meta":{"_joinchat":[],"footnotes":""},"class_list":["post-45","page","type-page","status-publish","hentry"],"_links":{"self":[{"href":"https:\/\/dogan-otomotiv.com\/index.php\/wp-json\/wp\/v2\/pages\/45","targetHints":{"allow":["GET"]}}],"collection":[{"href":"https:\/\/dogan-otomotiv.com\/index.php\/wp-json\/wp\/v2\/pages"}],"about":[{"href":"https:\/\/dogan-otomotiv.com\/index.php\/wp-json\/wp\/v2\/types\/page"}],"author":[{"embeddable":true,"href":"https:\/\/dogan-otomotiv.com\/index.php\/wp-json\/wp\/v2\/users\/1"}],"replies":[{"embeddable":true,"href":"https:\/\/dogan-otomotiv.com\/index.php\/wp-json\/wp\/v2\/comments?post=45"}],"version-history":[{"count":25,"href":"https:\/\/dogan-otomotiv.com\/index.php\/wp-json\/wp\/v2\/pages\/45\/revisions"}],"predecessor-version":[{"id":379,"href":"https:\/\/dogan-otomotiv.com\/index.php\/wp-json\/wp\/v2\/pages\/45\/revisions\/379"}],"wp:attachment":[{"href":"https:\/\/dogan-otomotiv.com\/index.php\/wp-json\/wp\/v2\/media?parent=45"}],"curies":[{"name":"wp","href":"https:\/\/api.w.org\/{rel}","templated":true}]}}